{"id":7758,"date":"2024-07-14T12:07:09","date_gmt":"2024-07-14T15:07:09","guid":{"rendered":"https:\/\/deputadotaveirajr.com.br\/?page_id=7758"},"modified":"2024-07-14T12:07:09","modified_gmt":"2024-07-14T15:07:09","slug":"em-dois-dias-operacao-lei-seca-autua-37-motoristas-que-dirigiam-sob-efeito-de-alcool-em-currais-novos","status":"publish","type":"page","link":"https:\/\/deputadotaveirajr.com.br\/index.php\/em-dois-dias-operacao-lei-seca-autua-37-motoristas-que-dirigiam-sob-efeito-de-alcool-em-currais-novos\/","title":{"rendered":"Em dois dias, Opera\u00e7\u00e3o Lei Seca autua 37 motoristas que dirigiam sob efeito de \u00e1lcool em Currais Novos"},"content":{"rendered":"<p>     Todos os condutores autuados foram multados no valor de R$2.934,70, al\u00e9m de terem o direito de dirigir suspenso pelo per\u00edodo de um ano. Opera\u00e7\u00e3o montou blitzen nas ruas do munic\u00edpio seridoense<br \/>\nDivulga\u00e7\u00e3o\/CPRE<br \/>\nA Opera\u00e7\u00e3o Lei Seca autuou 37 motoristas na cidade de Currais Novos, no Serid\u00f3 potiguar, por dire\u00e7\u00e3o sob efeito de \u00e1lcool. As blitzen foram montadas nas ruas do munic\u00edpio nas noites desta sexta-feira (12) e s\u00e1bado (13).<br \/>\nForam 19 autua\u00e7\u00f5es por esse motivo no primeiro dia de blitz e outras 18 nas fiscaliza\u00e7\u00f5es realizadas no s\u00e1bado. Todos os condutores autuados foram multados no valor de R$2.934,70, al\u00e9m de terem o direito de dirigir suspenso pelo per\u00edodo de um ano.<br \/>\n\ud83d\udcf3Participe do canal do g1 RN no WhatsApp<br \/>\nAl\u00e9m deles, nove motoristas foram autuados por descumprimento a outras normas de tr\u00e2nsito.<br \/>\nA a\u00e7\u00e3o da Se\u00e7\u00e3o Lei Seca do Comando de Policiamento Rodovi\u00e1rio Estadual (CPRE) ocorrem no fim de semana de realiza\u00e7\u00e3o da Vaquejada de Currais Novos, evento que naturalmente atrai maior movimenta\u00e7\u00e3o de pessoas e ve\u00edculos para o munic\u00edpio.<br \/>\nAinda segundo o CPRE, nenhuma ocorr\u00eancia com v\u00edtima foi registrado na cidade durante \u00e0s fiscaliza\u00e7\u00f5es.<br \/>\nV\u00eddeos mais assistidos do g1 RN<\/p>","protected":false},"excerpt":{"rendered":"<p>Todos os condutores autuados foram multados no valor de R$2.934,70, al\u00e9m de terem o direito de dirigir suspenso pelo per\u00edodo de um ano. Opera\u00e7\u00e3o montou blitzen nas ruas do munic\u00edpio &#8230;<\/p>\n","protected":false},"author":0,"featured_media":7759,"parent":0,"menu_order":0,"comment_status":"closed","ping_status":"closed","template":"","meta":{"footnotes":""},"class_list":["post-7758","page","type-page","status-publish","has-post-thumbnail","hentry"],"yoast_head":"<!-- This site is optimized with the Yoast SEO plugin v27.1.1 - https:\/\/yoast.com\/product\/yoast-seo-wordpress\/ -->\n<title>Em dois dias, Opera\u00e7\u00e3o Lei Seca autua 37 motoristas que dirigiam sob efeito de \u00e1lcool em Currais Novos - Taveira Jr<\/title>\n<meta name=\"robots\" content=\"index, follow, max-snippet:-1, max-image-preview:large, max-video-preview:-1\" \/>\n<link rel=\"canonical\" href=\"https:\/\/deputadotaveirajr.com.br\/index.php\/em-dois-dias-operacao-lei-seca-autua-37-motoristas-que-dirigiam-sob-efeito-de-alcool-em-currais-novos\/\" \/>\n<meta property=\"og:locale\" content=\"pt_BR\" \/>\n<meta property=\"og:type\" content=\"article\" \/>\n<meta property=\"og:title\" content=\"Em dois dias, Opera\u00e7\u00e3o Lei Seca autua 37 motoristas que dirigiam sob efeito de \u00e1lcool em Currais Novos - Taveira Jr\" \/>\n<meta property=\"og:description\" content=\"Todos os condutores autuados foram multados no valor de R$2.934,70, al\u00e9m de terem o direito de dirigir suspenso pelo per\u00edodo de um ano. Opera\u00e7\u00e3o montou blitzen nas ruas do munic\u00edpio ...\" \/>\n<meta property=\"og:url\" content=\"https:\/\/deputadotaveirajr.com.br\/index.php\/em-dois-dias-operacao-lei-seca-autua-37-motoristas-que-dirigiam-sob-efeito-de-alcool-em-currais-novos\/\" \/>\n<meta property=\"og:site_name\" content=\"Taveira Jr\" \/>\n<meta property=\"og:image\" content=\"https:\/\/deputadotaveirajr.com.br\/wp-content\/uploads\/2024\/07\/whatsapp-image-2024-07-14-at-08.58.04-us8yua.jpeg\" \/>\n\t<meta property=\"og:image:width\" content=\"1280\" \/>\n\t<meta property=\"og:image:height\" content=\"720\" \/>\n\t<meta property=\"og:image:type\" content=\"image\/jpeg\" \/>\n<meta name=\"twitter:card\" content=\"summary_large_image\" \/>\n<meta name=\"twitter:label1\" content=\"Est. tempo de leitura\" \/>\n\t<meta name=\"twitter:data1\" content=\"1 minuto\" \/>\n<script type=\"application\/ld+json\" class=\"yoast-schema-graph\">{\"@context\":\"https:\/\/schema.org\",\"@graph\":[{\"@type\":\"WebPage\",\"@id\":\"https:\/\/deputadotaveirajr.com.br\/index.php\/em-dois-dias-operacao-lei-seca-autua-37-motoristas-que-dirigiam-sob-efeito-de-alcool-em-currais-novos\/\",\"url\":\"https:\/\/deputadotaveirajr.com.br\/index.php\/em-dois-dias-operacao-lei-seca-autua-37-motoristas-que-dirigiam-sob-efeito-de-alcool-em-currais-novos\/\",\"name\":\"Em dois dias, Opera\u00e7\u00e3o Lei Seca autua 37 motoristas que dirigiam sob efeito de \u00e1lcool em Currais Novos - Taveira Jr\",\"isPartOf\":{\"@id\":\"https:\/\/deputadotaveirajr.com.br\/#website\"},\"primaryImageOfPage\":{\"@id\":\"https:\/\/deputadotaveirajr.com.br\/index.php\/em-dois-dias-operacao-lei-seca-autua-37-motoristas-que-dirigiam-sob-efeito-de-alcool-em-currais-novos\/#primaryimage\"},\"image\":{\"@id\":\"https:\/\/deputadotaveirajr.com.br\/index.php\/em-dois-dias-operacao-lei-seca-autua-37-motoristas-que-dirigiam-sob-efeito-de-alcool-em-currais-novos\/#primaryimage\"},\"thumbnailUrl\":\"https:\/\/deputadotaveirajr.com.br\/wp-content\/uploads\/2024\/07\/whatsapp-image-2024-07-14-at-08.58.04-us8yua.jpeg\",\"datePublished\":\"2024-07-14T15:07:09+00:00\",\"breadcrumb\":{\"@id\":\"https:\/\/deputadotaveirajr.com.br\/index.php\/em-dois-dias-operacao-lei-seca-autua-37-motoristas-que-dirigiam-sob-efeito-de-alcool-em-currais-novos\/#breadcrumb\"},\"inLanguage\":\"pt-BR\",\"potentialAction\":[{\"@type\":\"ReadAction\",\"target\":[\"https:\/\/deputadotaveirajr.com.br\/index.php\/em-dois-dias-operacao-lei-seca-autua-37-motoristas-que-dirigiam-sob-efeito-de-alcool-em-currais-novos\/\"]}]},{\"@type\":\"ImageObject\",\"inLanguage\":\"pt-BR\",\"@id\":\"https:\/\/deputadotaveirajr.com.br\/index.php\/em-dois-dias-operacao-lei-seca-autua-37-motoristas-que-dirigiam-sob-efeito-de-alcool-em-currais-novos\/#primaryimage\",\"url\":\"https:\/\/deputadotaveirajr.com.br\/wp-content\/uploads\/2024\/07\/whatsapp-image-2024-07-14-at-08.58.04-us8yua.jpeg\",\"contentUrl\":\"https:\/\/deputadotaveirajr.com.br\/wp-content\/uploads\/2024\/07\/whatsapp-image-2024-07-14-at-08.58.04-us8yua.jpeg\",\"width\":1280,\"height\":720},{\"@type\":\"BreadcrumbList\",\"@id\":\"https:\/\/deputadotaveirajr.com.br\/index.php\/em-dois-dias-operacao-lei-seca-autua-37-motoristas-que-dirigiam-sob-efeito-de-alcool-em-currais-novos\/#breadcrumb\",\"itemListElement\":[{\"@type\":\"ListItem\",\"position\":1,\"name\":\"In\u00edcio\",\"item\":\"https:\/\/deputadotaveirajr.com.br\/\"},{\"@type\":\"ListItem\",\"position\":2,\"name\":\"Em dois dias, Opera\u00e7\u00e3o Lei Seca autua 37 motoristas que dirigiam sob efeito de \u00e1lcool em Currais Novos\"}]},{\"@type\":\"WebSite\",\"@id\":\"https:\/\/deputadotaveirajr.com.br\/#website\",\"url\":\"https:\/\/deputadotaveirajr.com.br\/\",\"name\":\"Taveira Jr\",\"description\":\"Deputado Estadual\",\"publisher\":{\"@id\":\"https:\/\/deputadotaveirajr.com.br\/#organization\"},\"potentialAction\":[{\"@type\":\"SearchAction\",\"target\":{\"@type\":\"EntryPoint\",\"urlTemplate\":\"https:\/\/deputadotaveirajr.com.br\/?s={search_term_string}\"},\"query-input\":{\"@type\":\"PropertyValueSpecification\",\"valueRequired\":true,\"valueName\":\"search_term_string\"}}],\"inLanguage\":\"pt-BR\"},{\"@type\":\"Organization\",\"@id\":\"https:\/\/deputadotaveirajr.com.br\/#organization\",\"name\":\"Taveira Jr\",\"url\":\"https:\/\/deputadotaveirajr.com.br\/\",\"logo\":{\"@type\":\"ImageObject\",\"inLanguage\":\"pt-BR\",\"@id\":\"https:\/\/deputadotaveirajr.com.br\/#\/schema\/logo\/image\/\",\"url\":\"https:\/\/deputadotaveirajr.com.br\/wp-content\/uploads\/2026\/01\/logolow2a.png\",\"contentUrl\":\"https:\/\/deputadotaveirajr.com.br\/wp-content\/uploads\/2026\/01\/logolow2a.png\",\"width\":290,\"height\":80,\"caption\":\"Taveira Jr\"},\"image\":{\"@id\":\"https:\/\/deputadotaveirajr.com.br\/#\/schema\/logo\/image\/\"}}]}<\/script>\n<!-- \/ Yoast SEO plugin. -->","yoast_head_json":{"title":"Em dois dias, Opera\u00e7\u00e3o Lei Seca autua 37 motoristas que dirigiam sob efeito de \u00e1lcool em Currais Novos - Taveira Jr","robots":{"index":"index","follow":"follow","max-snippet":"max-snippet:-1","max-image-preview":"max-image-preview:large","max-video-preview":"max-video-preview:-1"},"canonical":"https:\/\/deputadotaveirajr.com.br\/index.php\/em-dois-dias-operacao-lei-seca-autua-37-motoristas-que-dirigiam-sob-efeito-de-alcool-em-currais-novos\/","og_locale":"pt_BR","og_type":"article","og_title":"Em dois dias, Opera\u00e7\u00e3o Lei Seca autua 37 motoristas que dirigiam sob efeito de \u00e1lcool em Currais Novos - Taveira Jr","og_description":"Todos os condutores autuados foram multados no valor de R$2.934,70, al\u00e9m de terem o direito de dirigir suspenso pelo per\u00edodo de um ano. Opera\u00e7\u00e3o montou blitzen nas ruas do munic\u00edpio ...","og_url":"https:\/\/deputadotaveirajr.com.br\/index.php\/em-dois-dias-operacao-lei-seca-autua-37-motoristas-que-dirigiam-sob-efeito-de-alcool-em-currais-novos\/","og_site_name":"Taveira Jr","og_image":[{"width":1280,"height":720,"url":"https:\/\/deputadotaveirajr.com.br\/wp-content\/uploads\/2024\/07\/whatsapp-image-2024-07-14-at-08.58.04-us8yua.jpeg","type":"image\/jpeg"}],"twitter_card":"summary_large_image","twitter_misc":{"Est. tempo de leitura":"1 minuto"},"schema":{"@context":"https:\/\/schema.org","@graph":[{"@type":"WebPage","@id":"https:\/\/deputadotaveirajr.com.br\/index.php\/em-dois-dias-operacao-lei-seca-autua-37-motoristas-que-dirigiam-sob-efeito-de-alcool-em-currais-novos\/","url":"https:\/\/deputadotaveirajr.com.br\/index.php\/em-dois-dias-operacao-lei-seca-autua-37-motoristas-que-dirigiam-sob-efeito-de-alcool-em-currais-novos\/","name":"Em dois dias, Opera\u00e7\u00e3o Lei Seca autua 37 motoristas que dirigiam sob efeito de \u00e1lcool em Currais Novos - Taveira Jr","isPartOf":{"@id":"https:\/\/deputadotaveirajr.com.br\/#website"},"primaryImageOfPage":{"@id":"https:\/\/deputadotaveirajr.com.br\/index.php\/em-dois-dias-operacao-lei-seca-autua-37-motoristas-que-dirigiam-sob-efeito-de-alcool-em-currais-novos\/#primaryimage"},"image":{"@id":"https:\/\/deputadotaveirajr.com.br\/index.php\/em-dois-dias-operacao-lei-seca-autua-37-motoristas-que-dirigiam-sob-efeito-de-alcool-em-currais-novos\/#primaryimage"},"thumbnailUrl":"https:\/\/deputadotaveirajr.com.br\/wp-content\/uploads\/2024\/07\/whatsapp-image-2024-07-14-at-08.58.04-us8yua.jpeg","datePublished":"2024-07-14T15:07:09+00:00","breadcrumb":{"@id":"https:\/\/deputadotaveirajr.com.br\/index.php\/em-dois-dias-operacao-lei-seca-autua-37-motoristas-que-dirigiam-sob-efeito-de-alcool-em-currais-novos\/#breadcrumb"},"inLanguage":"pt-BR","potentialAction":[{"@type":"ReadAction","target":["https:\/\/deputadotaveirajr.com.br\/index.php\/em-dois-dias-operacao-lei-seca-autua-37-motoristas-que-dirigiam-sob-efeito-de-alcool-em-currais-novos\/"]}]},{"@type":"ImageObject","inLanguage":"pt-BR","@id":"https:\/\/deputadotaveirajr.com.br\/index.php\/em-dois-dias-operacao-lei-seca-autua-37-motoristas-que-dirigiam-sob-efeito-de-alcool-em-currais-novos\/#primaryimage","url":"https:\/\/deputadotaveirajr.com.br\/wp-content\/uploads\/2024\/07\/whatsapp-image-2024-07-14-at-08.58.04-us8yua.jpeg","contentUrl":"https:\/\/deputadotaveirajr.com.br\/wp-content\/uploads\/2024\/07\/whatsapp-image-2024-07-14-at-08.58.04-us8yua.jpeg","width":1280,"height":720},{"@type":"BreadcrumbList","@id":"https:\/\/deputadotaveirajr.com.br\/index.php\/em-dois-dias-operacao-lei-seca-autua-37-motoristas-que-dirigiam-sob-efeito-de-alcool-em-currais-novos\/#breadcrumb","itemListElement":[{"@type":"ListItem","position":1,"name":"In\u00edcio","item":"https:\/\/deputadotaveirajr.com.br\/"},{"@type":"ListItem","position":2,"name":"Em dois dias, Opera\u00e7\u00e3o Lei Seca autua 37 motoristas que dirigiam sob efeito de \u00e1lcool em Currais Novos"}]},{"@type":"WebSite","@id":"https:\/\/deputadotaveirajr.com.br\/#website","url":"https:\/\/deputadotaveirajr.com.br\/","name":"Taveira Jr","description":"Deputado Estadual","publisher":{"@id":"https:\/\/deputadotaveirajr.com.br\/#organization"},"potentialAction":[{"@type":"SearchAction","target":{"@type":"EntryPoint","urlTemplate":"https:\/\/deputadotaveirajr.com.br\/?s={search_term_string}"},"query-input":{"@type":"PropertyValueSpecification","valueRequired":true,"valueName":"search_term_string"}}],"inLanguage":"pt-BR"},{"@type":"Organization","@id":"https:\/\/deputadotaveirajr.com.br\/#organization","name":"Taveira Jr","url":"https:\/\/deputadotaveirajr.com.br\/","logo":{"@type":"ImageObject","inLanguage":"pt-BR","@id":"https:\/\/deputadotaveirajr.com.br\/#\/schema\/logo\/image\/","url":"https:\/\/deputadotaveirajr.com.br\/wp-content\/uploads\/2026\/01\/logolow2a.png","contentUrl":"https:\/\/deputadotaveirajr.com.br\/wp-content\/uploads\/2026\/01\/logolow2a.png","width":290,"height":80,"caption":"Taveira Jr"},"image":{"@id":"https:\/\/deputadotaveirajr.com.br\/#\/schema\/logo\/image\/"}}]}},"_links":{"self":[{"href":"https:\/\/deputadotaveirajr.com.br\/index.php\/wp-json\/wp\/v2\/pages\/7758","targetHints":{"allow":["GET"]}}],"collection":[{"href":"https:\/\/deputadotaveirajr.com.br\/index.php\/wp-json\/wp\/v2\/pages"}],"about":[{"href":"https:\/\/deputadotaveirajr.com.br\/index.php\/wp-json\/wp\/v2\/types\/page"}],"replies":[{"embeddable":true,"href":"https:\/\/deputadotaveirajr.com.br\/index.php\/wp-json\/wp\/v2\/comments?post=7758"}],"version-history":[{"count":1,"href":"https:\/\/deputadotaveirajr.com.br\/index.php\/wp-json\/wp\/v2\/pages\/7758\/revisions"}],"predecessor-version":[{"id":7763,"href":"https:\/\/deputadotaveirajr.com.br\/index.php\/wp-json\/wp\/v2\/pages\/7758\/revisions\/7763"}],"wp:featuredmedia":[{"embeddable":true,"href":"https:\/\/deputadotaveirajr.com.br\/index.php\/wp-json\/wp\/v2\/media\/7759"}],"wp:attachment":[{"href":"https:\/\/deputadotaveirajr.com.br\/index.php\/wp-json\/wp\/v2\/media?parent=7758"}],"curies":[{"name":"wp","href":"https:\/\/api.w.org\/{rel}","templated":true}]}}