{"id":7764,"date":"2024-07-14T15:20:53","date_gmt":"2024-07-14T18:20:53","guid":{"rendered":"https:\/\/deputadotaveirajr.com.br\/?page_id=7764"},"modified":"2024-07-14T15:20:53","modified_gmt":"2024-07-14T18:20:53","slug":"litoral-da-grande-natal-tem-sete-trechos-improprios-para-banho-aponta-boletim-de-balneabilidade","status":"publish","type":"page","link":"https:\/\/deputadotaveirajr.com.br\/index.php\/litoral-da-grande-natal-tem-sete-trechos-improprios-para-banho-aponta-boletim-de-balneabilidade\/","title":{"rendered":"Litoral da Grande Natal tem sete trechos impr\u00f3prios para banho, aponta boletim de balneabilidade"},"content":{"rendered":"<p>     O boletim da balneabilidade analisa a quantidade de coliformes termotolerantes encontrados nas \u00e1guas. Praia de Pirangi do Norte, em Parnamirim, litoral Sul potiguar<br \/>\nS\u00e9rgio Henrique Santos\/Inter TV Cabugi<br \/>\nO litoral da Grande Natal segue com sete trechos impr\u00f3prios para banho, segundo o boletim semanal de balneabilidade do Instituto de Desenvolvimento Sustent\u00e1vel e Meio Ambiente (Idema), divulgado neste s\u00e1bado (13).<br \/>\nO boletim da balneabilidade analisa a quantidade de coliformes termotolerantes encontrados nas \u00e1guas, e a classifica\u00e7\u00e3o se d\u00e1 com base em normas estabelecidas pelo Conselho Nacional do Meio Ambiente (Conama).<br \/>\n\ud83d\udcf3Participe do canal do g1 RN no WhatsApp<br \/>\nOs pontos impr\u00f3prios s\u00e3o:<br \/>\nFoz do Rio Pirangi, em N\u00edsia Floresta<br \/>\nRio Pirangi, em Parnamirim<br \/>\nPirangi do Norte, em Parnamirim<br \/>\nRio Pirangi-Pium (Balne\u00e1rio Pium), em Parnamirim<br \/>\nEscadaria de M\u00e3e Luiza (Areia Preta), em Natal<br \/>\nRedinha (Rio Potengi), em Natal<br \/>\nRedinha (Igreja), em Natal<br \/>\nOs pontos considerados impr\u00f3prios eram os mesmos registrados no boletim da semana anterior. A avalia\u00e7\u00e3o do Idema sobre a balneabilidade das \u00e1guas analisa a quantidade de coliformes termotolerantes encontrados, e a classifica\u00e7\u00e3o se d\u00e1 com base em normas estabelecidas pelo Conselho Nacional do Meio Ambiente (Conama).<br \/>\nO resultado leva em considera\u00e7\u00e3o o hist\u00f3rico de cinco semanas de an\u00e1lise. A validade do boletim \u00e9 de uma semana, momento em que os trechos ser\u00e3o reavaliados e um novo boletim ser\u00e1 publicado.<br \/>\nAo todo, s\u00e3o analisados 51 trechos de banho que ficam nas cidades de Ba\u00eda Formosa, Tibau do Sul, Natal, Parnamirim, N\u00edsia Floresta, Extremoz, Cear\u00e1-Mirim, Maxaranguape, Touros, Areia Branca, Grossos e Tibau.<\/p>","protected":false},"excerpt":{"rendered":"<p>O boletim da balneabilidade analisa a quantidade de coliformes termotolerantes encontrados nas \u00e1guas. Praia de Pirangi do Norte, em Parnamirim, litoral Sul potiguar S\u00e9rgio Henrique Santos\/Inter TV Cabugi O litoral &#8230;<\/p>\n","protected":false},"author":0,"featured_media":7765,"parent":0,"menu_order":0,"comment_status":"closed","ping_status":"closed","template":"","meta":{"footnotes":""},"class_list":["post-7764","page","type-page","status-publish","has-post-thumbnail","hentry"],"yoast_head":"<!-- This site is optimized with the Yoast SEO plugin v27.1.1 - https:\/\/yoast.com\/product\/yoast-seo-wordpress\/ -->\n<title>Litoral da Grande Natal tem sete trechos impr\u00f3prios para banho, aponta boletim de balneabilidade - Taveira Jr<\/title>\n<meta name=\"robots\" content=\"index, follow, max-snippet:-1, max-image-preview:large, max-video-preview:-1\" \/>\n<link rel=\"canonical\" href=\"https:\/\/deputadotaveirajr.com.br\/index.php\/litoral-da-grande-natal-tem-sete-trechos-improprios-para-banho-aponta-boletim-de-balneabilidade\/\" \/>\n<meta property=\"og:locale\" content=\"pt_BR\" \/>\n<meta property=\"og:type\" content=\"article\" \/>\n<meta property=\"og:title\" content=\"Litoral da Grande Natal tem sete trechos impr\u00f3prios para banho, aponta boletim de balneabilidade - Taveira Jr\" \/>\n<meta property=\"og:description\" content=\"O boletim da balneabilidade analisa a quantidade de coliformes termotolerantes encontrados nas \u00e1guas. Praia de Pirangi do Norte, em Parnamirim, litoral Sul potiguar S\u00e9rgio Henrique Santos\/Inter TV Cabugi O litoral ...\" \/>\n<meta property=\"og:url\" content=\"https:\/\/deputadotaveirajr.com.br\/index.php\/litoral-da-grande-natal-tem-sete-trechos-improprios-para-banho-aponta-boletim-de-balneabilidade\/\" \/>\n<meta property=\"og:site_name\" content=\"Taveira Jr\" \/>\n<meta property=\"og:image\" content=\"https:\/\/deputadotaveirajr.com.br\/wp-content\/uploads\/2024\/07\/whatsapp-image-2020-12-26-at-13.42.20-UUnUr2.jpeg\" \/>\n\t<meta property=\"og:image:width\" content=\"1152\" \/>\n\t<meta property=\"og:image:height\" content=\"648\" \/>\n\t<meta property=\"og:image:type\" content=\"image\/jpeg\" \/>\n<meta name=\"twitter:card\" content=\"summary_large_image\" \/>\n<meta name=\"twitter:label1\" content=\"Est. tempo de leitura\" \/>\n\t<meta name=\"twitter:data1\" content=\"1 minuto\" \/>\n<script type=\"application\/ld+json\" class=\"yoast-schema-graph\">{\"@context\":\"https:\/\/schema.org\",\"@graph\":[{\"@type\":\"WebPage\",\"@id\":\"https:\/\/deputadotaveirajr.com.br\/index.php\/litoral-da-grande-natal-tem-sete-trechos-improprios-para-banho-aponta-boletim-de-balneabilidade\/\",\"url\":\"https:\/\/deputadotaveirajr.com.br\/index.php\/litoral-da-grande-natal-tem-sete-trechos-improprios-para-banho-aponta-boletim-de-balneabilidade\/\",\"name\":\"Litoral da Grande Natal tem sete trechos impr\u00f3prios para banho, aponta boletim de balneabilidade - Taveira Jr\",\"isPartOf\":{\"@id\":\"https:\/\/deputadotaveirajr.com.br\/#website\"},\"primaryImageOfPage\":{\"@id\":\"https:\/\/deputadotaveirajr.com.br\/index.php\/litoral-da-grande-natal-tem-sete-trechos-improprios-para-banho-aponta-boletim-de-balneabilidade\/#primaryimage\"},\"image\":{\"@id\":\"https:\/\/deputadotaveirajr.com.br\/index.php\/litoral-da-grande-natal-tem-sete-trechos-improprios-para-banho-aponta-boletim-de-balneabilidade\/#primaryimage\"},\"thumbnailUrl\":\"https:\/\/deputadotaveirajr.com.br\/wp-content\/uploads\/2024\/07\/whatsapp-image-2020-12-26-at-13.42.20-UUnUr2.jpeg\",\"datePublished\":\"2024-07-14T18:20:53+00:00\",\"breadcrumb\":{\"@id\":\"https:\/\/deputadotaveirajr.com.br\/index.php\/litoral-da-grande-natal-tem-sete-trechos-improprios-para-banho-aponta-boletim-de-balneabilidade\/#breadcrumb\"},\"inLanguage\":\"pt-BR\",\"potentialAction\":[{\"@type\":\"ReadAction\",\"target\":[\"https:\/\/deputadotaveirajr.com.br\/index.php\/litoral-da-grande-natal-tem-sete-trechos-improprios-para-banho-aponta-boletim-de-balneabilidade\/\"]}]},{\"@type\":\"ImageObject\",\"inLanguage\":\"pt-BR\",\"@id\":\"https:\/\/deputadotaveirajr.com.br\/index.php\/litoral-da-grande-natal-tem-sete-trechos-improprios-para-banho-aponta-boletim-de-balneabilidade\/#primaryimage\",\"url\":\"https:\/\/deputadotaveirajr.com.br\/wp-content\/uploads\/2024\/07\/whatsapp-image-2020-12-26-at-13.42.20-UUnUr2.jpeg\",\"contentUrl\":\"https:\/\/deputadotaveirajr.com.br\/wp-content\/uploads\/2024\/07\/whatsapp-image-2020-12-26-at-13.42.20-UUnUr2.jpeg\",\"width\":1152,\"height\":648},{\"@type\":\"BreadcrumbList\",\"@id\":\"https:\/\/deputadotaveirajr.com.br\/index.php\/litoral-da-grande-natal-tem-sete-trechos-improprios-para-banho-aponta-boletim-de-balneabilidade\/#breadcrumb\",\"itemListElement\":[{\"@type\":\"ListItem\",\"position\":1,\"name\":\"In\u00edcio\",\"item\":\"https:\/\/deputadotaveirajr.com.br\/\"},{\"@type\":\"ListItem\",\"position\":2,\"name\":\"Litoral da Grande Natal tem sete trechos impr\u00f3prios para banho, aponta boletim de balneabilidade\"}]},{\"@type\":\"WebSite\",\"@id\":\"https:\/\/deputadotaveirajr.com.br\/#website\",\"url\":\"https:\/\/deputadotaveirajr.com.br\/\",\"name\":\"Taveira Jr\",\"description\":\"Deputado Estadual\",\"publisher\":{\"@id\":\"https:\/\/deputadotaveirajr.com.br\/#organization\"},\"potentialAction\":[{\"@type\":\"SearchAction\",\"target\":{\"@type\":\"EntryPoint\",\"urlTemplate\":\"https:\/\/deputadotaveirajr.com.br\/?s={search_term_string}\"},\"query-input\":{\"@type\":\"PropertyValueSpecification\",\"valueRequired\":true,\"valueName\":\"search_term_string\"}}],\"inLanguage\":\"pt-BR\"},{\"@type\":\"Organization\",\"@id\":\"https:\/\/deputadotaveirajr.com.br\/#organization\",\"name\":\"Taveira Jr\",\"url\":\"https:\/\/deputadotaveirajr.com.br\/\",\"logo\":{\"@type\":\"ImageObject\",\"inLanguage\":\"pt-BR\",\"@id\":\"https:\/\/deputadotaveirajr.com.br\/#\/schema\/logo\/image\/\",\"url\":\"https:\/\/deputadotaveirajr.com.br\/wp-content\/uploads\/2026\/01\/logolow2a.png\",\"contentUrl\":\"https:\/\/deputadotaveirajr.com.br\/wp-content\/uploads\/2026\/01\/logolow2a.png\",\"width\":290,\"height\":80,\"caption\":\"Taveira Jr\"},\"image\":{\"@id\":\"https:\/\/deputadotaveirajr.com.br\/#\/schema\/logo\/image\/\"}}]}<\/script>\n<!-- \/ Yoast SEO plugin. -->","yoast_head_json":{"title":"Litoral da Grande Natal tem sete trechos impr\u00f3prios para banho, aponta boletim de balneabilidade - Taveira Jr","robots":{"index":"index","follow":"follow","max-snippet":"max-snippet:-1","max-image-preview":"max-image-preview:large","max-video-preview":"max-video-preview:-1"},"canonical":"https:\/\/deputadotaveirajr.com.br\/index.php\/litoral-da-grande-natal-tem-sete-trechos-improprios-para-banho-aponta-boletim-de-balneabilidade\/","og_locale":"pt_BR","og_type":"article","og_title":"Litoral da Grande Natal tem sete trechos impr\u00f3prios para banho, aponta boletim de balneabilidade - Taveira Jr","og_description":"O boletim da balneabilidade analisa a quantidade de coliformes termotolerantes encontrados nas \u00e1guas. Praia de Pirangi do Norte, em Parnamirim, litoral Sul potiguar S\u00e9rgio Henrique Santos\/Inter TV Cabugi O litoral ...","og_url":"https:\/\/deputadotaveirajr.com.br\/index.php\/litoral-da-grande-natal-tem-sete-trechos-improprios-para-banho-aponta-boletim-de-balneabilidade\/","og_site_name":"Taveira Jr","og_image":[{"width":1152,"height":648,"url":"https:\/\/deputadotaveirajr.com.br\/wp-content\/uploads\/2024\/07\/whatsapp-image-2020-12-26-at-13.42.20-UUnUr2.jpeg","type":"image\/jpeg"}],"twitter_card":"summary_large_image","twitter_misc":{"Est. tempo de leitura":"1 minuto"},"schema":{"@context":"https:\/\/schema.org","@graph":[{"@type":"WebPage","@id":"https:\/\/deputadotaveirajr.com.br\/index.php\/litoral-da-grande-natal-tem-sete-trechos-improprios-para-banho-aponta-boletim-de-balneabilidade\/","url":"https:\/\/deputadotaveirajr.com.br\/index.php\/litoral-da-grande-natal-tem-sete-trechos-improprios-para-banho-aponta-boletim-de-balneabilidade\/","name":"Litoral da Grande Natal tem sete trechos impr\u00f3prios para banho, aponta boletim de balneabilidade - Taveira Jr","isPartOf":{"@id":"https:\/\/deputadotaveirajr.com.br\/#website"},"primaryImageOfPage":{"@id":"https:\/\/deputadotaveirajr.com.br\/index.php\/litoral-da-grande-natal-tem-sete-trechos-improprios-para-banho-aponta-boletim-de-balneabilidade\/#primaryimage"},"image":{"@id":"https:\/\/deputadotaveirajr.com.br\/index.php\/litoral-da-grande-natal-tem-sete-trechos-improprios-para-banho-aponta-boletim-de-balneabilidade\/#primaryimage"},"thumbnailUrl":"https:\/\/deputadotaveirajr.com.br\/wp-content\/uploads\/2024\/07\/whatsapp-image-2020-12-26-at-13.42.20-UUnUr2.jpeg","datePublished":"2024-07-14T18:20:53+00:00","breadcrumb":{"@id":"https:\/\/deputadotaveirajr.com.br\/index.php\/litoral-da-grande-natal-tem-sete-trechos-improprios-para-banho-aponta-boletim-de-balneabilidade\/#breadcrumb"},"inLanguage":"pt-BR","potentialAction":[{"@type":"ReadAction","target":["https:\/\/deputadotaveirajr.com.br\/index.php\/litoral-da-grande-natal-tem-sete-trechos-improprios-para-banho-aponta-boletim-de-balneabilidade\/"]}]},{"@type":"ImageObject","inLanguage":"pt-BR","@id":"https:\/\/deputadotaveirajr.com.br\/index.php\/litoral-da-grande-natal-tem-sete-trechos-improprios-para-banho-aponta-boletim-de-balneabilidade\/#primaryimage","url":"https:\/\/deputadotaveirajr.com.br\/wp-content\/uploads\/2024\/07\/whatsapp-image-2020-12-26-at-13.42.20-UUnUr2.jpeg","contentUrl":"https:\/\/deputadotaveirajr.com.br\/wp-content\/uploads\/2024\/07\/whatsapp-image-2020-12-26-at-13.42.20-UUnUr2.jpeg","width":1152,"height":648},{"@type":"BreadcrumbList","@id":"https:\/\/deputadotaveirajr.com.br\/index.php\/litoral-da-grande-natal-tem-sete-trechos-improprios-para-banho-aponta-boletim-de-balneabilidade\/#breadcrumb","itemListElement":[{"@type":"ListItem","position":1,"name":"In\u00edcio","item":"https:\/\/deputadotaveirajr.com.br\/"},{"@type":"ListItem","position":2,"name":"Litoral da Grande Natal tem sete trechos impr\u00f3prios para banho, aponta boletim de balneabilidade"}]},{"@type":"WebSite","@id":"https:\/\/deputadotaveirajr.com.br\/#website","url":"https:\/\/deputadotaveirajr.com.br\/","name":"Taveira Jr","description":"Deputado Estadual","publisher":{"@id":"https:\/\/deputadotaveirajr.com.br\/#organization"},"potentialAction":[{"@type":"SearchAction","target":{"@type":"EntryPoint","urlTemplate":"https:\/\/deputadotaveirajr.com.br\/?s={search_term_string}"},"query-input":{"@type":"PropertyValueSpecification","valueRequired":true,"valueName":"search_term_string"}}],"inLanguage":"pt-BR"},{"@type":"Organization","@id":"https:\/\/deputadotaveirajr.com.br\/#organization","name":"Taveira Jr","url":"https:\/\/deputadotaveirajr.com.br\/","logo":{"@type":"ImageObject","inLanguage":"pt-BR","@id":"https:\/\/deputadotaveirajr.com.br\/#\/schema\/logo\/image\/","url":"https:\/\/deputadotaveirajr.com.br\/wp-content\/uploads\/2026\/01\/logolow2a.png","contentUrl":"https:\/\/deputadotaveirajr.com.br\/wp-content\/uploads\/2026\/01\/logolow2a.png","width":290,"height":80,"caption":"Taveira Jr"},"image":{"@id":"https:\/\/deputadotaveirajr.com.br\/#\/schema\/logo\/image\/"}}]}},"_links":{"self":[{"href":"https:\/\/deputadotaveirajr.com.br\/index.php\/wp-json\/wp\/v2\/pages\/7764","targetHints":{"allow":["GET"]}}],"collection":[{"href":"https:\/\/deputadotaveirajr.com.br\/index.php\/wp-json\/wp\/v2\/pages"}],"about":[{"href":"https:\/\/deputadotaveirajr.com.br\/index.php\/wp-json\/wp\/v2\/types\/page"}],"replies":[{"embeddable":true,"href":"https:\/\/deputadotaveirajr.com.br\/index.php\/wp-json\/wp\/v2\/comments?post=7764"}],"version-history":[{"count":1,"href":"https:\/\/deputadotaveirajr.com.br\/index.php\/wp-json\/wp\/v2\/pages\/7764\/revisions"}],"predecessor-version":[{"id":7767,"href":"https:\/\/deputadotaveirajr.com.br\/index.php\/wp-json\/wp\/v2\/pages\/7764\/revisions\/7767"}],"wp:featuredmedia":[{"embeddable":true,"href":"https:\/\/deputadotaveirajr.com.br\/index.php\/wp-json\/wp\/v2\/media\/7765"}],"wp:attachment":[{"href":"https:\/\/deputadotaveirajr.com.br\/index.php\/wp-json\/wp\/v2\/media?parent=7764"}],"curies":[{"name":"wp","href":"https:\/\/api.w.org\/{rel}","templated":true}]}}