{"id":7776,"date":"2024-07-15T15:36:14","date_gmt":"2024-07-15T18:36:14","guid":{"rendered":"https:\/\/deputadotaveirajr.com.br\/?page_id=7776"},"modified":"2024-07-15T15:36:14","modified_gmt":"2024-07-15T18:36:14","slug":"enfermeira-e-encontrada-morta-dentro-de-casa-na-zona-sul-de-natal-joias-dinheiro-e-carro-foram-roubados","status":"publish","type":"page","link":"https:\/\/deputadotaveirajr.com.br\/index.php\/enfermeira-e-encontrada-morta-dentro-de-casa-na-zona-sul-de-natal-joias-dinheiro-e-carro-foram-roubados\/","title":{"rendered":"Enfermeira \u00e9 encontrada morta dentro de casa na Zona Sul de Natal; joias, dinheiro e carro foram roubados"},"content":{"rendered":"<p>     Soraia S\u00e1tiro, de 66 anos, teve corpo encontrado pela filha dentro do banheiro da casa em que morava, em Capim Macio, ap\u00f3s n\u00e3o atender liga\u00e7\u00f5es. DHPP investiga o caso. Soraia foi morta com golpes de faca dentro de casa, em Natal<br \/>\nRedes sociais<br \/>\nUma enfermeira aposentada foi encontrada morta com sinais de esfaqueamento dentro de casa, no bairro Capim Macio, na Zona Sul de Natal, no s\u00e1bado (15). Segundo a Pol\u00edcia Civil, o caso est\u00e1 sendo investigado pela Divis\u00e3o de Homic\u00eddios e Prote\u00e7\u00e3o \u00e0 Pessoa de Natal (DHPP).<br \/>\nA v\u00edtima do crime foi Soraia Pereira S\u00e1tiro, de 66 anos de idade. Segundo os familiares dela, no crime foram roubados o carro dela, celulares, joias, cart\u00f5es de cr\u00e9dito e dinheiro. A casa n\u00e3o tinha sinais de arrombamento.<br \/>\nA fam\u00edlia da v\u00edtima contou que o crime aconteceu por volta das 13h, mas o corpo dela s\u00f3 foi encontrado pela filha \u00e0 noite, no banheiro da casa, ap\u00f3s a mulher n\u00e3o responder \u00e0s v\u00e1rias tentativas de contato feitas pelos familiares.<br \/>\n\ud83d\udcf3Participe do canal do g1 RN no WhatsApp<br \/>\nOs parentes contaram que a enfermeira morava com um sobrinho, mas que estava sozinha em casa.<br \/>\n&#8220;No s\u00e1bado, familiares e a filha tentaram ligar para ela durante o dia. Ligavam, ligavam e ningu\u00e9m atendia. Ent\u00e3o, a filha preocupada, j\u00e1 que a m\u00e3e morava sozinha com um sobrinho, decidiu ir at\u00e9 a casa dela \u00e0s 23h&#8221;, contou um outro sobrinho da v\u00edtima, o advogado Archelaws S\u00e1tiro.<br \/>\n&#8220;Quando chegou l\u00e1, o port\u00e3o de pedestre fechado e n\u00e3o havia sinais do alarme ter disparado. A casa \u00e9 de primeiro andar. L\u00e1 em cima, estava tudo aberto. Quando ela entrou no banheiro, viu a m\u00e3e esfaqueada no ch\u00e3o&#8221;, completou.<br \/>\nLEIA TAMB\u00c9M:<br \/>\nPATU: Guarda municipal \u00e9 morta a facadas um dia antes do anivers\u00e1rio de 25 anos; companheiro \u00e9 suspeito do crime<br \/>\nA Pol\u00edcia Civil recolheu as imagens das c\u00e2meras de seguran\u00e7a da casa de Soraia e come\u00e7ou a an\u00e1lise nesta segunda-feira (15) para identificar o suspeito e elucidar o crime.<br \/>\nO corpo foi levado para o Instituto T\u00e9cnico-Cient\u00edfico de Per\u00edcia (Itep) para necropsia e, no domingo, liberado para ser velado e sepultado. Soraia deixou uma filha.<br \/>\nSegundo a fam\u00edlia, a mulher nunca citou nenhum tipo de amea\u00e7a sofrida.  &#8220;Muito pelo contr\u00e1rio. Era uma pessoa muito animada, benquista, jamais esse tipo de situa\u00e7\u00e3o de ser amea\u00e7ada&#8221;, disse o sobrinho.<br \/>\nProcurada, a Pol\u00edcia Civil confirmou a investiga\u00e7\u00e3o, mas informou que, neste momento, n\u00e3o passar\u00e1 mais detalhes e que ir\u00e1 se pronunciar com o andamento das investiga\u00e7\u00f5es. A pol\u00edcia n\u00e3o confirmou nenhum suspeito.<br \/>\nV\u00eddeos mais assistidos do g1 RN<\/p>","protected":false},"excerpt":{"rendered":"<p>Soraia S\u00e1tiro, de 66 anos, teve corpo encontrado pela filha dentro do banheiro da casa em que morava, em Capim Macio, ap\u00f3s n\u00e3o atender liga\u00e7\u00f5es. DHPP investiga o caso. Soraia &#8230;<\/p>\n","protected":false},"author":0,"featured_media":7777,"parent":0,"menu_order":0,"comment_status":"closed","ping_status":"closed","template":"","meta":{"footnotes":""},"class_list":["post-7776","page","type-page","status-publish","has-post-thumbnail","hentry"],"yoast_head":"<!-- This site is optimized with the Yoast SEO plugin v27.1.1 - https:\/\/yoast.com\/product\/yoast-seo-wordpress\/ -->\n<title>Enfermeira \u00e9 encontrada morta dentro de casa na Zona Sul de Natal; joias, dinheiro e carro foram roubados - Taveira Jr<\/title>\n<meta name=\"robots\" content=\"index, follow, max-snippet:-1, max-image-preview:large, max-video-preview:-1\" \/>\n<link rel=\"canonical\" href=\"https:\/\/deputadotaveirajr.com.br\/index.php\/enfermeira-e-encontrada-morta-dentro-de-casa-na-zona-sul-de-natal-joias-dinheiro-e-carro-foram-roubados\/\" \/>\n<meta property=\"og:locale\" content=\"pt_BR\" \/>\n<meta property=\"og:type\" content=\"article\" \/>\n<meta property=\"og:title\" content=\"Enfermeira \u00e9 encontrada morta dentro de casa na Zona Sul de Natal; joias, dinheiro e carro foram roubados - Taveira Jr\" \/>\n<meta property=\"og:description\" content=\"Soraia S\u00e1tiro, de 66 anos, teve corpo encontrado pela filha dentro do banheiro da casa em que morava, em Capim Macio, ap\u00f3s n\u00e3o atender liga\u00e7\u00f5es. DHPP investiga o caso. Soraia ...\" \/>\n<meta property=\"og:url\" content=\"https:\/\/deputadotaveirajr.com.br\/index.php\/enfermeira-e-encontrada-morta-dentro-de-casa-na-zona-sul-de-natal-joias-dinheiro-e-carro-foram-roubados\/\" \/>\n<meta property=\"og:site_name\" content=\"Taveira Jr\" \/>\n<meta property=\"og:image\" content=\"https:\/\/deputadotaveirajr.com.br\/wp-content\/uploads\/2024\/07\/whatsapp-image-2024-07-15-at-12.06.37-s1TYNs.jpeg\" \/>\n\t<meta property=\"og:image:width\" content=\"836\" \/>\n\t<meta property=\"og:image:height\" content=\"767\" \/>\n\t<meta property=\"og:image:type\" content=\"image\/jpeg\" \/>\n<meta name=\"twitter:card\" content=\"summary_large_image\" \/>\n<meta name=\"twitter:label1\" content=\"Est. tempo de leitura\" \/>\n\t<meta name=\"twitter:data1\" content=\"2 minutos\" \/>\n<script type=\"application\/ld+json\" class=\"yoast-schema-graph\">{\"@context\":\"https:\/\/schema.org\",\"@graph\":[{\"@type\":\"WebPage\",\"@id\":\"https:\/\/deputadotaveirajr.com.br\/index.php\/enfermeira-e-encontrada-morta-dentro-de-casa-na-zona-sul-de-natal-joias-dinheiro-e-carro-foram-roubados\/\",\"url\":\"https:\/\/deputadotaveirajr.com.br\/index.php\/enfermeira-e-encontrada-morta-dentro-de-casa-na-zona-sul-de-natal-joias-dinheiro-e-carro-foram-roubados\/\",\"name\":\"Enfermeira \u00e9 encontrada morta dentro de casa na Zona Sul de Natal; joias, dinheiro e carro foram roubados - Taveira Jr\",\"isPartOf\":{\"@id\":\"https:\/\/deputadotaveirajr.com.br\/#website\"},\"primaryImageOfPage\":{\"@id\":\"https:\/\/deputadotaveirajr.com.br\/index.php\/enfermeira-e-encontrada-morta-dentro-de-casa-na-zona-sul-de-natal-joias-dinheiro-e-carro-foram-roubados\/#primaryimage\"},\"image\":{\"@id\":\"https:\/\/deputadotaveirajr.com.br\/index.php\/enfermeira-e-encontrada-morta-dentro-de-casa-na-zona-sul-de-natal-joias-dinheiro-e-carro-foram-roubados\/#primaryimage\"},\"thumbnailUrl\":\"https:\/\/deputadotaveirajr.com.br\/wp-content\/uploads\/2024\/07\/whatsapp-image-2024-07-15-at-12.06.37-s1TYNs.jpeg\",\"datePublished\":\"2024-07-15T18:36:14+00:00\",\"breadcrumb\":{\"@id\":\"https:\/\/deputadotaveirajr.com.br\/index.php\/enfermeira-e-encontrada-morta-dentro-de-casa-na-zona-sul-de-natal-joias-dinheiro-e-carro-foram-roubados\/#breadcrumb\"},\"inLanguage\":\"pt-BR\",\"potentialAction\":[{\"@type\":\"ReadAction\",\"target\":[\"https:\/\/deputadotaveirajr.com.br\/index.php\/enfermeira-e-encontrada-morta-dentro-de-casa-na-zona-sul-de-natal-joias-dinheiro-e-carro-foram-roubados\/\"]}]},{\"@type\":\"ImageObject\",\"inLanguage\":\"pt-BR\",\"@id\":\"https:\/\/deputadotaveirajr.com.br\/index.php\/enfermeira-e-encontrada-morta-dentro-de-casa-na-zona-sul-de-natal-joias-dinheiro-e-carro-foram-roubados\/#primaryimage\",\"url\":\"https:\/\/deputadotaveirajr.com.br\/wp-content\/uploads\/2024\/07\/whatsapp-image-2024-07-15-at-12.06.37-s1TYNs.jpeg\",\"contentUrl\":\"https:\/\/deputadotaveirajr.com.br\/wp-content\/uploads\/2024\/07\/whatsapp-image-2024-07-15-at-12.06.37-s1TYNs.jpeg\",\"width\":836,\"height\":767},{\"@type\":\"BreadcrumbList\",\"@id\":\"https:\/\/deputadotaveirajr.com.br\/index.php\/enfermeira-e-encontrada-morta-dentro-de-casa-na-zona-sul-de-natal-joias-dinheiro-e-carro-foram-roubados\/#breadcrumb\",\"itemListElement\":[{\"@type\":\"ListItem\",\"position\":1,\"name\":\"In\u00edcio\",\"item\":\"https:\/\/deputadotaveirajr.com.br\/\"},{\"@type\":\"ListItem\",\"position\":2,\"name\":\"Enfermeira \u00e9 encontrada morta dentro de casa na Zona Sul de Natal; joias, dinheiro e carro foram roubados\"}]},{\"@type\":\"WebSite\",\"@id\":\"https:\/\/deputadotaveirajr.com.br\/#website\",\"url\":\"https:\/\/deputadotaveirajr.com.br\/\",\"name\":\"Taveira Jr\",\"description\":\"Deputado Estadual\",\"publisher\":{\"@id\":\"https:\/\/deputadotaveirajr.com.br\/#organization\"},\"potentialAction\":[{\"@type\":\"SearchAction\",\"target\":{\"@type\":\"EntryPoint\",\"urlTemplate\":\"https:\/\/deputadotaveirajr.com.br\/?s={search_term_string}\"},\"query-input\":{\"@type\":\"PropertyValueSpecification\",\"valueRequired\":true,\"valueName\":\"search_term_string\"}}],\"inLanguage\":\"pt-BR\"},{\"@type\":\"Organization\",\"@id\":\"https:\/\/deputadotaveirajr.com.br\/#organization\",\"name\":\"Taveira Jr\",\"url\":\"https:\/\/deputadotaveirajr.com.br\/\",\"logo\":{\"@type\":\"ImageObject\",\"inLanguage\":\"pt-BR\",\"@id\":\"https:\/\/deputadotaveirajr.com.br\/#\/schema\/logo\/image\/\",\"url\":\"https:\/\/deputadotaveirajr.com.br\/wp-content\/uploads\/2026\/01\/logolow2a.png\",\"contentUrl\":\"https:\/\/deputadotaveirajr.com.br\/wp-content\/uploads\/2026\/01\/logolow2a.png\",\"width\":290,\"height\":80,\"caption\":\"Taveira Jr\"},\"image\":{\"@id\":\"https:\/\/deputadotaveirajr.com.br\/#\/schema\/logo\/image\/\"}}]}<\/script>\n<!-- \/ Yoast SEO plugin. -->","yoast_head_json":{"title":"Enfermeira \u00e9 encontrada morta dentro de casa na Zona Sul de Natal; joias, dinheiro e carro foram roubados - Taveira Jr","robots":{"index":"index","follow":"follow","max-snippet":"max-snippet:-1","max-image-preview":"max-image-preview:large","max-video-preview":"max-video-preview:-1"},"canonical":"https:\/\/deputadotaveirajr.com.br\/index.php\/enfermeira-e-encontrada-morta-dentro-de-casa-na-zona-sul-de-natal-joias-dinheiro-e-carro-foram-roubados\/","og_locale":"pt_BR","og_type":"article","og_title":"Enfermeira \u00e9 encontrada morta dentro de casa na Zona Sul de Natal; joias, dinheiro e carro foram roubados - Taveira Jr","og_description":"Soraia S\u00e1tiro, de 66 anos, teve corpo encontrado pela filha dentro do banheiro da casa em que morava, em Capim Macio, ap\u00f3s n\u00e3o atender liga\u00e7\u00f5es. DHPP investiga o caso. Soraia ...","og_url":"https:\/\/deputadotaveirajr.com.br\/index.php\/enfermeira-e-encontrada-morta-dentro-de-casa-na-zona-sul-de-natal-joias-dinheiro-e-carro-foram-roubados\/","og_site_name":"Taveira Jr","og_image":[{"width":836,"height":767,"url":"https:\/\/deputadotaveirajr.com.br\/wp-content\/uploads\/2024\/07\/whatsapp-image-2024-07-15-at-12.06.37-s1TYNs.jpeg","type":"image\/jpeg"}],"twitter_card":"summary_large_image","twitter_misc":{"Est. tempo de leitura":"2 minutos"},"schema":{"@context":"https:\/\/schema.org","@graph":[{"@type":"WebPage","@id":"https:\/\/deputadotaveirajr.com.br\/index.php\/enfermeira-e-encontrada-morta-dentro-de-casa-na-zona-sul-de-natal-joias-dinheiro-e-carro-foram-roubados\/","url":"https:\/\/deputadotaveirajr.com.br\/index.php\/enfermeira-e-encontrada-morta-dentro-de-casa-na-zona-sul-de-natal-joias-dinheiro-e-carro-foram-roubados\/","name":"Enfermeira \u00e9 encontrada morta dentro de casa na Zona Sul de Natal; joias, dinheiro e carro foram roubados - Taveira Jr","isPartOf":{"@id":"https:\/\/deputadotaveirajr.com.br\/#website"},"primaryImageOfPage":{"@id":"https:\/\/deputadotaveirajr.com.br\/index.php\/enfermeira-e-encontrada-morta-dentro-de-casa-na-zona-sul-de-natal-joias-dinheiro-e-carro-foram-roubados\/#primaryimage"},"image":{"@id":"https:\/\/deputadotaveirajr.com.br\/index.php\/enfermeira-e-encontrada-morta-dentro-de-casa-na-zona-sul-de-natal-joias-dinheiro-e-carro-foram-roubados\/#primaryimage"},"thumbnailUrl":"https:\/\/deputadotaveirajr.com.br\/wp-content\/uploads\/2024\/07\/whatsapp-image-2024-07-15-at-12.06.37-s1TYNs.jpeg","datePublished":"2024-07-15T18:36:14+00:00","breadcrumb":{"@id":"https:\/\/deputadotaveirajr.com.br\/index.php\/enfermeira-e-encontrada-morta-dentro-de-casa-na-zona-sul-de-natal-joias-dinheiro-e-carro-foram-roubados\/#breadcrumb"},"inLanguage":"pt-BR","potentialAction":[{"@type":"ReadAction","target":["https:\/\/deputadotaveirajr.com.br\/index.php\/enfermeira-e-encontrada-morta-dentro-de-casa-na-zona-sul-de-natal-joias-dinheiro-e-carro-foram-roubados\/"]}]},{"@type":"ImageObject","inLanguage":"pt-BR","@id":"https:\/\/deputadotaveirajr.com.br\/index.php\/enfermeira-e-encontrada-morta-dentro-de-casa-na-zona-sul-de-natal-joias-dinheiro-e-carro-foram-roubados\/#primaryimage","url":"https:\/\/deputadotaveirajr.com.br\/wp-content\/uploads\/2024\/07\/whatsapp-image-2024-07-15-at-12.06.37-s1TYNs.jpeg","contentUrl":"https:\/\/deputadotaveirajr.com.br\/wp-content\/uploads\/2024\/07\/whatsapp-image-2024-07-15-at-12.06.37-s1TYNs.jpeg","width":836,"height":767},{"@type":"BreadcrumbList","@id":"https:\/\/deputadotaveirajr.com.br\/index.php\/enfermeira-e-encontrada-morta-dentro-de-casa-na-zona-sul-de-natal-joias-dinheiro-e-carro-foram-roubados\/#breadcrumb","itemListElement":[{"@type":"ListItem","position":1,"name":"In\u00edcio","item":"https:\/\/deputadotaveirajr.com.br\/"},{"@type":"ListItem","position":2,"name":"Enfermeira \u00e9 encontrada morta dentro de casa na Zona Sul de Natal; joias, dinheiro e carro foram roubados"}]},{"@type":"WebSite","@id":"https:\/\/deputadotaveirajr.com.br\/#website","url":"https:\/\/deputadotaveirajr.com.br\/","name":"Taveira Jr","description":"Deputado Estadual","publisher":{"@id":"https:\/\/deputadotaveirajr.com.br\/#organization"},"potentialAction":[{"@type":"SearchAction","target":{"@type":"EntryPoint","urlTemplate":"https:\/\/deputadotaveirajr.com.br\/?s={search_term_string}"},"query-input":{"@type":"PropertyValueSpecification","valueRequired":true,"valueName":"search_term_string"}}],"inLanguage":"pt-BR"},{"@type":"Organization","@id":"https:\/\/deputadotaveirajr.com.br\/#organization","name":"Taveira Jr","url":"https:\/\/deputadotaveirajr.com.br\/","logo":{"@type":"ImageObject","inLanguage":"pt-BR","@id":"https:\/\/deputadotaveirajr.com.br\/#\/schema\/logo\/image\/","url":"https:\/\/deputadotaveirajr.com.br\/wp-content\/uploads\/2026\/01\/logolow2a.png","contentUrl":"https:\/\/deputadotaveirajr.com.br\/wp-content\/uploads\/2026\/01\/logolow2a.png","width":290,"height":80,"caption":"Taveira Jr"},"image":{"@id":"https:\/\/deputadotaveirajr.com.br\/#\/schema\/logo\/image\/"}}]}},"_links":{"self":[{"href":"https:\/\/deputadotaveirajr.com.br\/index.php\/wp-json\/wp\/v2\/pages\/7776","targetHints":{"allow":["GET"]}}],"collection":[{"href":"https:\/\/deputadotaveirajr.com.br\/index.php\/wp-json\/wp\/v2\/pages"}],"about":[{"href":"https:\/\/deputadotaveirajr.com.br\/index.php\/wp-json\/wp\/v2\/types\/page"}],"replies":[{"embeddable":true,"href":"https:\/\/deputadotaveirajr.com.br\/index.php\/wp-json\/wp\/v2\/comments?post=7776"}],"version-history":[{"count":1,"href":"https:\/\/deputadotaveirajr.com.br\/index.php\/wp-json\/wp\/v2\/pages\/7776\/revisions"}],"predecessor-version":[{"id":7784,"href":"https:\/\/deputadotaveirajr.com.br\/index.php\/wp-json\/wp\/v2\/pages\/7776\/revisions\/7784"}],"wp:featuredmedia":[{"embeddable":true,"href":"https:\/\/deputadotaveirajr.com.br\/index.php\/wp-json\/wp\/v2\/media\/7777"}],"wp:attachment":[{"href":"https:\/\/deputadotaveirajr.com.br\/index.php\/wp-json\/wp\/v2\/media?parent=7776"}],"curies":[{"name":"wp","href":"https:\/\/api.w.org\/{rel}","templated":true}]}}