{"id":7844,"date":"2024-07-17T18:10:48","date_gmt":"2024-07-17T21:10:48","guid":{"rendered":"https:\/\/deputadotaveirajr.com.br\/?page_id=7844"},"modified":"2024-07-17T18:10:48","modified_gmt":"2024-07-17T21:10:48","slug":"george-soares-toma-posse-como-conselheiro-do-tribunal-de-costas-do-estado","status":"publish","type":"page","link":"https:\/\/deputadotaveirajr.com.br\/index.php\/george-soares-toma-posse-como-conselheiro-do-tribunal-de-costas-do-estado\/","title":{"rendered":"George Soares toma posse como Conselheiro do Tribunal de Costas do Estado"},"content":{"rendered":"<p>     O cargo de Conselheiro do TCE\/RN \u00e9 vital\u00edcio e tem remunera\u00e7\u00e3o mensal de pouco mais de R$ 42 mil. George Soares tomou posse em sess\u00e3o realizada nesta quarta-feira (17)<br \/>\nCaroline Macedo\/TCE<br \/>\nO ex-deputado George Soares assumiu na manh\u00e3 desta quarta-feira (17) o cargo de Conselheiro do Tribunal de Costas do Estado (TCE\/RN).<br \/>\nSoares tomou posse em sess\u00e3o especial comandada pelo presidente Conselheiro Gilberto Jales. A solenidade foi realizada na sede do \u00f3rg\u00e3o, em Natal, e contou com a presen\u00e7a de autoridades como a governadora F\u00e1tima Bezerra.<br \/>\n\ud83d\udcf3Participe do canal do g1 RN no WhatsApp<br \/>\nO nome de Soares foi escolhido pela ALRN por meio de uma vota\u00e7\u00e3o com 12 votos contra 11 de seu advers\u00e1rio, o tamb\u00e9m deputado Gustavo Carvalho.<br \/>\n&#8220;Meu trabalho vai ser mais direcionado a dar uma contribui\u00e7\u00e3o, n\u00e3o mais pol\u00edtica, mas agora t\u00e9cnica, da \u00e1rea que eu conhe\u00e7o, que s\u00e3o as contas p\u00fablicas&#8221;, disse o Conselheiro George Soares.<br \/>\nO colegiado do TCE\/RN agora est\u00e1 completo, com as sete vagas de Conselheiro devidamente ocupadas, com quatro delas escolhidas pelo Poder Legislativo. Soares ocupa a vaga que era, anteriormente, de Tarc\u00edsio Costa, aposentado em maio.<br \/>\nO Conselheiro do TCE\/RN ocupa um cargo vital\u00edcio com remunera\u00e7\u00e3o mensal de pouco mais de R$ 42 mil.<br \/>\nSede do Tribunal de Contas do Estado (TCE\/RN)<br \/>\nBruno Rocha\/Inter TV Cabugi<br \/>\nQuem<br \/>\nNascido em Natal, George Montenegro Soares graduou-se em Ci\u00eancias Cont\u00e1beis pela UFRN e obteve especializa\u00e7\u00e3o em Gest\u00e3o de Empresas e Pessoas pela UNP. Sua fam\u00edlia tem origens em Ass\u00fa, munic\u00edpio onde cresceu antes de se mudar para a capital.<br \/>\nEm 2010, foi eleito pela primeira vez deputado estadual, cargo para o qual foi reeleito em 2022, alcan\u00e7ando seu 4\u00ba mandato consecutivo. Ao longo de sua carreira legislativa, atuou como relator do Or\u00e7amento do Estado em 2016 e assumiu a presid\u00eancia da Comiss\u00e3o de Finan\u00e7as e Fiscaliza\u00e7\u00e3o (CFF) em 2017.<br \/>\nNo mesmo ano, foi reconhecido como parlamentar do ano pelo Comit\u00ea de Imprensa da Assembleia Legislativa do Rio Grande do Norte. Em 2022, ocupou a presid\u00eancia da Comiss\u00e3o de Constitui\u00e7\u00e3o, Justi\u00e7a e Reda\u00e7\u00e3o Final.<br \/>\nPlen\u00e1rio Dinarte Mariz, na sede do TCE\/RN<br \/>\nBruno Rocha\/Inter TV Cabugi<\/p>","protected":false},"excerpt":{"rendered":"<p>O cargo de Conselheiro do TCE\/RN \u00e9 vital\u00edcio e tem remunera\u00e7\u00e3o mensal de pouco mais de R$ 42 mil. George Soares tomou posse em sess\u00e3o realizada nesta quarta-feira (17) Caroline &#8230;<\/p>\n","protected":false},"author":0,"featured_media":7845,"parent":0,"menu_order":0,"comment_status":"closed","ping_status":"closed","template":"","meta":{"footnotes":""},"class_list":["post-7844","page","type-page","status-publish","has-post-thumbnail","hentry"],"yoast_head":"<!-- This site is optimized with the Yoast SEO plugin v27.1.1 - https:\/\/yoast.com\/product\/yoast-seo-wordpress\/ -->\n<title>George Soares toma posse como Conselheiro do Tribunal de Costas do Estado - Taveira Jr<\/title>\n<meta name=\"robots\" content=\"index, follow, max-snippet:-1, max-image-preview:large, max-video-preview:-1\" \/>\n<link rel=\"canonical\" href=\"https:\/\/deputadotaveirajr.com.br\/index.php\/george-soares-toma-posse-como-conselheiro-do-tribunal-de-costas-do-estado\/\" \/>\n<meta property=\"og:locale\" content=\"pt_BR\" \/>\n<meta property=\"og:type\" content=\"article\" \/>\n<meta property=\"og:title\" content=\"George Soares toma posse como Conselheiro do Tribunal de Costas do Estado - Taveira Jr\" \/>\n<meta property=\"og:description\" content=\"O cargo de Conselheiro do TCE\/RN \u00e9 vital\u00edcio e tem remunera\u00e7\u00e3o mensal de pouco mais de R$ 42 mil. George Soares tomou posse em sess\u00e3o realizada nesta quarta-feira (17) Caroline ...\" \/>\n<meta property=\"og:url\" content=\"https:\/\/deputadotaveirajr.com.br\/index.php\/george-soares-toma-posse-como-conselheiro-do-tribunal-de-costas-do-estado\/\" \/>\n<meta property=\"og:site_name\" content=\"Taveira Jr\" \/>\n<meta property=\"og:image\" content=\"https:\/\/deputadotaveirajr.com.br\/wp-content\/uploads\/2024\/07\/whatsapp-image-2024-07-17-at-15.08.58-UxURP1.png\" \/>\n\t<meta property=\"og:image:width\" content=\"1600\" \/>\n\t<meta property=\"og:image:height\" content=\"1066\" \/>\n\t<meta property=\"og:image:type\" content=\"image\/png\" \/>\n<meta name=\"twitter:card\" content=\"summary_large_image\" \/>\n<meta name=\"twitter:label1\" content=\"Est. tempo de leitura\" \/>\n\t<meta name=\"twitter:data1\" content=\"2 minutos\" \/>\n<script type=\"application\/ld+json\" class=\"yoast-schema-graph\">{\"@context\":\"https:\/\/schema.org\",\"@graph\":[{\"@type\":\"WebPage\",\"@id\":\"https:\/\/deputadotaveirajr.com.br\/index.php\/george-soares-toma-posse-como-conselheiro-do-tribunal-de-costas-do-estado\/\",\"url\":\"https:\/\/deputadotaveirajr.com.br\/index.php\/george-soares-toma-posse-como-conselheiro-do-tribunal-de-costas-do-estado\/\",\"name\":\"George Soares toma posse como Conselheiro do Tribunal de Costas do Estado - Taveira Jr\",\"isPartOf\":{\"@id\":\"https:\/\/deputadotaveirajr.com.br\/#website\"},\"primaryImageOfPage\":{\"@id\":\"https:\/\/deputadotaveirajr.com.br\/index.php\/george-soares-toma-posse-como-conselheiro-do-tribunal-de-costas-do-estado\/#primaryimage\"},\"image\":{\"@id\":\"https:\/\/deputadotaveirajr.com.br\/index.php\/george-soares-toma-posse-como-conselheiro-do-tribunal-de-costas-do-estado\/#primaryimage\"},\"thumbnailUrl\":\"https:\/\/deputadotaveirajr.com.br\/wp-content\/uploads\/2024\/07\/whatsapp-image-2024-07-17-at-15.08.58-UxURP1.png\",\"datePublished\":\"2024-07-17T21:10:48+00:00\",\"breadcrumb\":{\"@id\":\"https:\/\/deputadotaveirajr.com.br\/index.php\/george-soares-toma-posse-como-conselheiro-do-tribunal-de-costas-do-estado\/#breadcrumb\"},\"inLanguage\":\"pt-BR\",\"potentialAction\":[{\"@type\":\"ReadAction\",\"target\":[\"https:\/\/deputadotaveirajr.com.br\/index.php\/george-soares-toma-posse-como-conselheiro-do-tribunal-de-costas-do-estado\/\"]}]},{\"@type\":\"ImageObject\",\"inLanguage\":\"pt-BR\",\"@id\":\"https:\/\/deputadotaveirajr.com.br\/index.php\/george-soares-toma-posse-como-conselheiro-do-tribunal-de-costas-do-estado\/#primaryimage\",\"url\":\"https:\/\/deputadotaveirajr.com.br\/wp-content\/uploads\/2024\/07\/whatsapp-image-2024-07-17-at-15.08.58-UxURP1.png\",\"contentUrl\":\"https:\/\/deputadotaveirajr.com.br\/wp-content\/uploads\/2024\/07\/whatsapp-image-2024-07-17-at-15.08.58-UxURP1.png\",\"width\":1600,\"height\":1066},{\"@type\":\"BreadcrumbList\",\"@id\":\"https:\/\/deputadotaveirajr.com.br\/index.php\/george-soares-toma-posse-como-conselheiro-do-tribunal-de-costas-do-estado\/#breadcrumb\",\"itemListElement\":[{\"@type\":\"ListItem\",\"position\":1,\"name\":\"In\u00edcio\",\"item\":\"https:\/\/deputadotaveirajr.com.br\/\"},{\"@type\":\"ListItem\",\"position\":2,\"name\":\"George Soares toma posse como Conselheiro do Tribunal de Costas do Estado\"}]},{\"@type\":\"WebSite\",\"@id\":\"https:\/\/deputadotaveirajr.com.br\/#website\",\"url\":\"https:\/\/deputadotaveirajr.com.br\/\",\"name\":\"Taveira Jr\",\"description\":\"Deputado Estadual\",\"publisher\":{\"@id\":\"https:\/\/deputadotaveirajr.com.br\/#organization\"},\"potentialAction\":[{\"@type\":\"SearchAction\",\"target\":{\"@type\":\"EntryPoint\",\"urlTemplate\":\"https:\/\/deputadotaveirajr.com.br\/?s={search_term_string}\"},\"query-input\":{\"@type\":\"PropertyValueSpecification\",\"valueRequired\":true,\"valueName\":\"search_term_string\"}}],\"inLanguage\":\"pt-BR\"},{\"@type\":\"Organization\",\"@id\":\"https:\/\/deputadotaveirajr.com.br\/#organization\",\"name\":\"Taveira Jr\",\"url\":\"https:\/\/deputadotaveirajr.com.br\/\",\"logo\":{\"@type\":\"ImageObject\",\"inLanguage\":\"pt-BR\",\"@id\":\"https:\/\/deputadotaveirajr.com.br\/#\/schema\/logo\/image\/\",\"url\":\"https:\/\/deputadotaveirajr.com.br\/wp-content\/uploads\/2026\/01\/logolow2a.png\",\"contentUrl\":\"https:\/\/deputadotaveirajr.com.br\/wp-content\/uploads\/2026\/01\/logolow2a.png\",\"width\":290,\"height\":80,\"caption\":\"Taveira Jr\"},\"image\":{\"@id\":\"https:\/\/deputadotaveirajr.com.br\/#\/schema\/logo\/image\/\"}}]}<\/script>\n<!-- \/ Yoast SEO plugin. -->","yoast_head_json":{"title":"George Soares toma posse como Conselheiro do Tribunal de Costas do Estado - Taveira Jr","robots":{"index":"index","follow":"follow","max-snippet":"max-snippet:-1","max-image-preview":"max-image-preview:large","max-video-preview":"max-video-preview:-1"},"canonical":"https:\/\/deputadotaveirajr.com.br\/index.php\/george-soares-toma-posse-como-conselheiro-do-tribunal-de-costas-do-estado\/","og_locale":"pt_BR","og_type":"article","og_title":"George Soares toma posse como Conselheiro do Tribunal de Costas do Estado - Taveira Jr","og_description":"O cargo de Conselheiro do TCE\/RN \u00e9 vital\u00edcio e tem remunera\u00e7\u00e3o mensal de pouco mais de R$ 42 mil. George Soares tomou posse em sess\u00e3o realizada nesta quarta-feira (17) Caroline ...","og_url":"https:\/\/deputadotaveirajr.com.br\/index.php\/george-soares-toma-posse-como-conselheiro-do-tribunal-de-costas-do-estado\/","og_site_name":"Taveira Jr","og_image":[{"width":1600,"height":1066,"url":"https:\/\/deputadotaveirajr.com.br\/wp-content\/uploads\/2024\/07\/whatsapp-image-2024-07-17-at-15.08.58-UxURP1.png","type":"image\/png"}],"twitter_card":"summary_large_image","twitter_misc":{"Est. tempo de leitura":"2 minutos"},"schema":{"@context":"https:\/\/schema.org","@graph":[{"@type":"WebPage","@id":"https:\/\/deputadotaveirajr.com.br\/index.php\/george-soares-toma-posse-como-conselheiro-do-tribunal-de-costas-do-estado\/","url":"https:\/\/deputadotaveirajr.com.br\/index.php\/george-soares-toma-posse-como-conselheiro-do-tribunal-de-costas-do-estado\/","name":"George Soares toma posse como Conselheiro do Tribunal de Costas do Estado - Taveira Jr","isPartOf":{"@id":"https:\/\/deputadotaveirajr.com.br\/#website"},"primaryImageOfPage":{"@id":"https:\/\/deputadotaveirajr.com.br\/index.php\/george-soares-toma-posse-como-conselheiro-do-tribunal-de-costas-do-estado\/#primaryimage"},"image":{"@id":"https:\/\/deputadotaveirajr.com.br\/index.php\/george-soares-toma-posse-como-conselheiro-do-tribunal-de-costas-do-estado\/#primaryimage"},"thumbnailUrl":"https:\/\/deputadotaveirajr.com.br\/wp-content\/uploads\/2024\/07\/whatsapp-image-2024-07-17-at-15.08.58-UxURP1.png","datePublished":"2024-07-17T21:10:48+00:00","breadcrumb":{"@id":"https:\/\/deputadotaveirajr.com.br\/index.php\/george-soares-toma-posse-como-conselheiro-do-tribunal-de-costas-do-estado\/#breadcrumb"},"inLanguage":"pt-BR","potentialAction":[{"@type":"ReadAction","target":["https:\/\/deputadotaveirajr.com.br\/index.php\/george-soares-toma-posse-como-conselheiro-do-tribunal-de-costas-do-estado\/"]}]},{"@type":"ImageObject","inLanguage":"pt-BR","@id":"https:\/\/deputadotaveirajr.com.br\/index.php\/george-soares-toma-posse-como-conselheiro-do-tribunal-de-costas-do-estado\/#primaryimage","url":"https:\/\/deputadotaveirajr.com.br\/wp-content\/uploads\/2024\/07\/whatsapp-image-2024-07-17-at-15.08.58-UxURP1.png","contentUrl":"https:\/\/deputadotaveirajr.com.br\/wp-content\/uploads\/2024\/07\/whatsapp-image-2024-07-17-at-15.08.58-UxURP1.png","width":1600,"height":1066},{"@type":"BreadcrumbList","@id":"https:\/\/deputadotaveirajr.com.br\/index.php\/george-soares-toma-posse-como-conselheiro-do-tribunal-de-costas-do-estado\/#breadcrumb","itemListElement":[{"@type":"ListItem","position":1,"name":"In\u00edcio","item":"https:\/\/deputadotaveirajr.com.br\/"},{"@type":"ListItem","position":2,"name":"George Soares toma posse como Conselheiro do Tribunal de Costas do Estado"}]},{"@type":"WebSite","@id":"https:\/\/deputadotaveirajr.com.br\/#website","url":"https:\/\/deputadotaveirajr.com.br\/","name":"Taveira Jr","description":"Deputado Estadual","publisher":{"@id":"https:\/\/deputadotaveirajr.com.br\/#organization"},"potentialAction":[{"@type":"SearchAction","target":{"@type":"EntryPoint","urlTemplate":"https:\/\/deputadotaveirajr.com.br\/?s={search_term_string}"},"query-input":{"@type":"PropertyValueSpecification","valueRequired":true,"valueName":"search_term_string"}}],"inLanguage":"pt-BR"},{"@type":"Organization","@id":"https:\/\/deputadotaveirajr.com.br\/#organization","name":"Taveira Jr","url":"https:\/\/deputadotaveirajr.com.br\/","logo":{"@type":"ImageObject","inLanguage":"pt-BR","@id":"https:\/\/deputadotaveirajr.com.br\/#\/schema\/logo\/image\/","url":"https:\/\/deputadotaveirajr.com.br\/wp-content\/uploads\/2026\/01\/logolow2a.png","contentUrl":"https:\/\/deputadotaveirajr.com.br\/wp-content\/uploads\/2026\/01\/logolow2a.png","width":290,"height":80,"caption":"Taveira Jr"},"image":{"@id":"https:\/\/deputadotaveirajr.com.br\/#\/schema\/logo\/image\/"}}]}},"_links":{"self":[{"href":"https:\/\/deputadotaveirajr.com.br\/index.php\/wp-json\/wp\/v2\/pages\/7844","targetHints":{"allow":["GET"]}}],"collection":[{"href":"https:\/\/deputadotaveirajr.com.br\/index.php\/wp-json\/wp\/v2\/pages"}],"about":[{"href":"https:\/\/deputadotaveirajr.com.br\/index.php\/wp-json\/wp\/v2\/types\/page"}],"replies":[{"embeddable":true,"href":"https:\/\/deputadotaveirajr.com.br\/index.php\/wp-json\/wp\/v2\/comments?post=7844"}],"version-history":[{"count":1,"href":"https:\/\/deputadotaveirajr.com.br\/index.php\/wp-json\/wp\/v2\/pages\/7844\/revisions"}],"predecessor-version":[{"id":7849,"href":"https:\/\/deputadotaveirajr.com.br\/index.php\/wp-json\/wp\/v2\/pages\/7844\/revisions\/7849"}],"wp:featuredmedia":[{"embeddable":true,"href":"https:\/\/deputadotaveirajr.com.br\/index.php\/wp-json\/wp\/v2\/media\/7845"}],"wp:attachment":[{"href":"https:\/\/deputadotaveirajr.com.br\/index.php\/wp-json\/wp\/v2\/media?parent=7844"}],"curies":[{"name":"wp","href":"https:\/\/api.w.org\/{rel}","templated":true}]}}