{"id":7862,"date":"2024-07-18T11:49:09","date_gmt":"2024-07-18T14:49:09","guid":{"rendered":"https:\/\/deputadotaveirajr.com.br\/?page_id=7862"},"modified":"2024-07-18T11:49:09","modified_gmt":"2024-07-18T14:49:09","slug":"video-mostra-suspeitos-de-matarem-enfermeira-saindo-com-faca-da-casa-dela-em-natal","status":"publish","type":"page","link":"https:\/\/deputadotaveirajr.com.br\/index.php\/video-mostra-suspeitos-de-matarem-enfermeira-saindo-com-faca-da-casa-dela-em-natal\/","title":{"rendered":"V\u00eddeo mostra suspeitos de matarem enfermeira saindo com faca da casa dela em Natal"},"content":{"rendered":"<p>     Soraia S\u00e1tiro, de 66 anos, foi morta com golpes de faca na sexta-feira (13). Sobrinho dela, preso em SP,  premeditou e foi autor intelectual do crime, segundo Pol\u00edcia Civil. C\u00e2meras flagraram momento em que suspeitos sa\u00edram da casa de enfermeira com faca em Natal<br \/>\nUm v\u00eddeo registrado por c\u00e2meras de seguran\u00e7a mostrou o momento em que os dois suspeitos de matarem a enfermeira aposentada Soraia Pereira S\u00e1tiro, de 66 anos de idade, sa\u00edram da casa dela, no bairro Capim Macio, na Zona Sul de Natal, com a faca que a pol\u00edcia acredita ter sido a usada no crime.  As imagens foram divulgadas pela Pol\u00edcia Civil nesta quarta-feira (17).<br \/>\nSoraia foi morta com golpes de faca na sexta-feira passada (12), por volta das 17h, segundo a investiga\u00e7\u00e3o &#8211; inicialmente a pol\u00edcia acreditava que o crime teria ocorrido no s\u00e1bado (13), quando o corpo dela foi encontrado.<br \/>\n\ud83d\udcf3Participe do canal do g1 RN no WhatsApp<br \/>\nO sobrinho da v\u00edtima foi preso nesta quarta em S\u00e3o Paulo (SP) e \u00e9 tido pela Pol\u00edcia Civil como autor intelectual do crime, tendo premeditado a a\u00e7\u00e3o. A inten\u00e7\u00e3o dele, segundo a investiga\u00e7\u00e3o, era roubar a tia, com quem morava h\u00e1 cerca de 3 meses, mas assumindo o risco de mat\u00e1-la.<br \/>\nNo crime, foram roubados o carro de Soraia &#8211; encontrado na quarta-feira em Parnamirim, na Regi\u00e3o Metropolitana de Natal-, joias, celulares, cart\u00f5es de cr\u00e9dito e dinheiro.<br \/>\n&#8220;\u00c9 um crime b\u00e1rbaro, com requintes de crueldade, cometido pelo sobrinho, que foi acolhido no seio familiar da v\u00edtima, exatamente por j\u00e1 ter cometido um crime patrimonial contra outra tia, subtra\u00eddo joias&#8221;, explicou o delegado M\u00e1rcio Lemos, da  Divis\u00e3o de Homic\u00eddios e Prote\u00e7\u00e3o \u00e0 Pessoa (DHPP).<br \/>\n&#8220;A tia o acolheu, situa\u00e7\u00e3o essa que favoreceu ele ter acesso a senhas, ent\u00e3o cresceu o interesse dele em continuar nessa autoria delitiva&#8221;, acrescentou.<br \/>\nSegundo o delegado, ele &#8220;cooptou&#8221; um amigo de faculdade &#8220;dizendo que seria um crime f\u00e1cil, j\u00e1 que ele tinha acesso a senhas, e que ele iria s\u00f3 roubar&#8221;.<br \/>\n&#8220;S\u00f3 que ele j\u00e1 foi todo premeditado. Eles j\u00e1 foram com a inten\u00e7\u00e3o de assumir esse risco, entraram com o armamento branco, com a faca &#8211; e houve diversos golpes de faca. A situa\u00e7\u00e3o evoluiu e culminou com essa morte grave&#8221;, completou.<br \/>\nFaca estava na m\u00e3o de suspeito de cometer o crime contra enfermeira<br \/>\nDivulga\u00e7\u00e3o\/PCRN<br \/>\nSuspeitos n\u00e3o assumiram facadas, diz DHPP<br \/>\nA investiga\u00e7\u00e3o da DHPP aponta os dois foram os \u00fanicos participantes do crime. O outro suspeito se apresentou espontaneamente na segunda-feira (15), na presen\u00e7a de um advogado, para prestar depoimento e, segundo a pol\u00edcia, colaborou com a investiga\u00e7\u00e3o. Ele, no entanto, n\u00e3o havia sido preso at\u00e9 a manh\u00e3 desta quinta (18).<br \/>\nA pol\u00edcia informou, no entanto, que nenhum dos dois assumiu a autoria dos golpes de faca. A delegada  Liana Arag\u00e3o, da DHPP, no entanto, explicou que, para a investiga\u00e7\u00e3o, os dois cometeram o mesmo crime: latroc\u00ednio.<br \/>\n&#8220;O autor intelectual foi o pr\u00f3prio sobrinho. Mas nas c\u00e2meras a gente percebe \u00e9 que quem entra e sai com a faca \u00e9 o outro. O que a gente n\u00e3o pode precisar \u00e9 quem desferiu o golpe. O que aconteceu l\u00e1 dentro a gente n\u00e3o pode afirmar&#8221;, explicou.<br \/>\n&#8220;Mas, para investiga\u00e7\u00e3o, a n\u00edvel de identifica\u00e7\u00e3o de autoria de crime, n\u00e3o faz tanta diferen\u00e7a, porque os dois estavam presentes na a\u00e7\u00e3o criminosa. Os dois execturaram o crime, os dois entraram pra roubar, os dois estavam quando aconteceu o \u00f3bito&#8221;, concluiu.<br \/>\nSoraia foi morta com golpes de faca dentro de casa, em Natal<br \/>\nRedes sociais<br \/>\nSobrinho fez compras em lojas ap\u00f3s o crime<br \/>\nA investiga\u00e7\u00e3o da DHPP apontou ainda que o sobrinho da v\u00edtima, ap\u00f3s o crime, fez compras em &#8220;lojas caras&#8221; em shoppings e gastou o dinheiro roubado em uma festa. Em seguida, ele fugiu para S\u00e3o Paulo, onde foi detido.<br \/>\n&#8220;O sobrinho \u00e9 um sujeito frio, que premeditou. No dia que cometeu o crime ele foi para o shopping, fez diversos gastos em lojas caras e foi pra festas, como ele pagou toda conta&#8221;, disse o delegado M\u00e1rcio Lemos, da DHPP.<br \/>\nCorpo foi encontrado no s\u00e1bado<br \/>\nInicialmente, a Pol\u00edcia Civil trabalhava com a possibilidade que o crime teria ocorrido na tarde do s\u00e1bado, mas a investiga\u00e7\u00e3o confirmou que Soraia foi morta na sexta-feira, por volta das 17h.<br \/>\nOs dois chegaram no local do crime j\u00e1 com uma faca, de acordo com a Pol\u00edcia Civil.<br \/>\nO corpo da enfermeira foi encontrado apenas no dia seguinte, pela filha dela, que foi ao local depois de tentar contato com a m\u00e3e durante todo o s\u00e1bado, sem sucesso.<br \/>\nV\u00eddeos mais assistidos do g1 RN<\/p>","protected":false},"excerpt":{"rendered":"<p>Soraia S\u00e1tiro, de 66 anos, foi morta com golpes de faca na sexta-feira (13). Sobrinho dela, preso em SP, premeditou e foi autor intelectual do crime, segundo Pol\u00edcia Civil. C\u00e2meras &#8230;<\/p>\n","protected":false},"author":0,"featured_media":7863,"parent":0,"menu_order":0,"comment_status":"closed","ping_status":"closed","template":"","meta":{"footnotes":""},"class_list":["post-7862","page","type-page","status-publish","has-post-thumbnail","hentry"],"yoast_head":"<!-- This site is optimized with the Yoast SEO plugin v27.1.1 - https:\/\/yoast.com\/product\/yoast-seo-wordpress\/ -->\n<title>V\u00eddeo mostra suspeitos de matarem enfermeira saindo com faca da casa dela em Natal - Taveira Jr<\/title>\n<meta name=\"robots\" content=\"index, follow, max-snippet:-1, max-image-preview:large, max-video-preview:-1\" \/>\n<link rel=\"canonical\" href=\"https:\/\/deputadotaveirajr.com.br\/index.php\/video-mostra-suspeitos-de-matarem-enfermeira-saindo-com-faca-da-casa-dela-em-natal\/\" \/>\n<meta property=\"og:locale\" content=\"pt_BR\" \/>\n<meta property=\"og:type\" content=\"article\" \/>\n<meta property=\"og:title\" content=\"V\u00eddeo mostra suspeitos de matarem enfermeira saindo com faca da casa dela em Natal - Taveira Jr\" \/>\n<meta property=\"og:description\" content=\"Soraia S\u00e1tiro, de 66 anos, foi morta com golpes de faca na sexta-feira (13). Sobrinho dela, preso em SP, premeditou e foi autor intelectual do crime, segundo Pol\u00edcia Civil. C\u00e2meras ...\" \/>\n<meta property=\"og:url\" content=\"https:\/\/deputadotaveirajr.com.br\/index.php\/video-mostra-suspeitos-de-matarem-enfermeira-saindo-com-faca-da-casa-dela-em-natal\/\" \/>\n<meta property=\"og:site_name\" content=\"Taveira Jr\" \/>\n<meta property=\"og:image\" content=\"https:\/\/deputadotaveirajr.com.br\/wp-content\/uploads\/2024\/07\/captura-de-tela-2024-07-18-083152-Pl7H73.jpeg\" \/>\n\t<meta property=\"og:image:width\" content=\"1399\" \/>\n\t<meta property=\"og:image:height\" content=\"996\" \/>\n\t<meta property=\"og:image:type\" content=\"image\/jpeg\" \/>\n<meta name=\"twitter:card\" content=\"summary_large_image\" \/>\n<meta name=\"twitter:label1\" content=\"Est. tempo de leitura\" \/>\n\t<meta name=\"twitter:data1\" content=\"4 minutos\" \/>\n<script type=\"application\/ld+json\" class=\"yoast-schema-graph\">{\"@context\":\"https:\/\/schema.org\",\"@graph\":[{\"@type\":\"WebPage\",\"@id\":\"https:\/\/deputadotaveirajr.com.br\/index.php\/video-mostra-suspeitos-de-matarem-enfermeira-saindo-com-faca-da-casa-dela-em-natal\/\",\"url\":\"https:\/\/deputadotaveirajr.com.br\/index.php\/video-mostra-suspeitos-de-matarem-enfermeira-saindo-com-faca-da-casa-dela-em-natal\/\",\"name\":\"V\u00eddeo mostra suspeitos de matarem enfermeira saindo com faca da casa dela em Natal - Taveira Jr\",\"isPartOf\":{\"@id\":\"https:\/\/deputadotaveirajr.com.br\/#website\"},\"primaryImageOfPage\":{\"@id\":\"https:\/\/deputadotaveirajr.com.br\/index.php\/video-mostra-suspeitos-de-matarem-enfermeira-saindo-com-faca-da-casa-dela-em-natal\/#primaryimage\"},\"image\":{\"@id\":\"https:\/\/deputadotaveirajr.com.br\/index.php\/video-mostra-suspeitos-de-matarem-enfermeira-saindo-com-faca-da-casa-dela-em-natal\/#primaryimage\"},\"thumbnailUrl\":\"https:\/\/deputadotaveirajr.com.br\/wp-content\/uploads\/2024\/07\/captura-de-tela-2024-07-18-083152-Pl7H73.jpeg\",\"datePublished\":\"2024-07-18T14:49:09+00:00\",\"breadcrumb\":{\"@id\":\"https:\/\/deputadotaveirajr.com.br\/index.php\/video-mostra-suspeitos-de-matarem-enfermeira-saindo-com-faca-da-casa-dela-em-natal\/#breadcrumb\"},\"inLanguage\":\"pt-BR\",\"potentialAction\":[{\"@type\":\"ReadAction\",\"target\":[\"https:\/\/deputadotaveirajr.com.br\/index.php\/video-mostra-suspeitos-de-matarem-enfermeira-saindo-com-faca-da-casa-dela-em-natal\/\"]}]},{\"@type\":\"ImageObject\",\"inLanguage\":\"pt-BR\",\"@id\":\"https:\/\/deputadotaveirajr.com.br\/index.php\/video-mostra-suspeitos-de-matarem-enfermeira-saindo-com-faca-da-casa-dela-em-natal\/#primaryimage\",\"url\":\"https:\/\/deputadotaveirajr.com.br\/wp-content\/uploads\/2024\/07\/captura-de-tela-2024-07-18-083152-Pl7H73.jpeg\",\"contentUrl\":\"https:\/\/deputadotaveirajr.com.br\/wp-content\/uploads\/2024\/07\/captura-de-tela-2024-07-18-083152-Pl7H73.jpeg\",\"width\":1399,\"height\":996},{\"@type\":\"BreadcrumbList\",\"@id\":\"https:\/\/deputadotaveirajr.com.br\/index.php\/video-mostra-suspeitos-de-matarem-enfermeira-saindo-com-faca-da-casa-dela-em-natal\/#breadcrumb\",\"itemListElement\":[{\"@type\":\"ListItem\",\"position\":1,\"name\":\"In\u00edcio\",\"item\":\"https:\/\/deputadotaveirajr.com.br\/\"},{\"@type\":\"ListItem\",\"position\":2,\"name\":\"V\u00eddeo mostra suspeitos de matarem enfermeira saindo com faca da casa dela em Natal\"}]},{\"@type\":\"WebSite\",\"@id\":\"https:\/\/deputadotaveirajr.com.br\/#website\",\"url\":\"https:\/\/deputadotaveirajr.com.br\/\",\"name\":\"Taveira Jr\",\"description\":\"Deputado Estadual\",\"publisher\":{\"@id\":\"https:\/\/deputadotaveirajr.com.br\/#organization\"},\"potentialAction\":[{\"@type\":\"SearchAction\",\"target\":{\"@type\":\"EntryPoint\",\"urlTemplate\":\"https:\/\/deputadotaveirajr.com.br\/?s={search_term_string}\"},\"query-input\":{\"@type\":\"PropertyValueSpecification\",\"valueRequired\":true,\"valueName\":\"search_term_string\"}}],\"inLanguage\":\"pt-BR\"},{\"@type\":\"Organization\",\"@id\":\"https:\/\/deputadotaveirajr.com.br\/#organization\",\"name\":\"Taveira Jr\",\"url\":\"https:\/\/deputadotaveirajr.com.br\/\",\"logo\":{\"@type\":\"ImageObject\",\"inLanguage\":\"pt-BR\",\"@id\":\"https:\/\/deputadotaveirajr.com.br\/#\/schema\/logo\/image\/\",\"url\":\"https:\/\/deputadotaveirajr.com.br\/wp-content\/uploads\/2026\/01\/logolow2a.png\",\"contentUrl\":\"https:\/\/deputadotaveirajr.com.br\/wp-content\/uploads\/2026\/01\/logolow2a.png\",\"width\":290,\"height\":80,\"caption\":\"Taveira Jr\"},\"image\":{\"@id\":\"https:\/\/deputadotaveirajr.com.br\/#\/schema\/logo\/image\/\"}}]}<\/script>\n<!-- \/ Yoast SEO plugin. -->","yoast_head_json":{"title":"V\u00eddeo mostra suspeitos de matarem enfermeira saindo com faca da casa dela em Natal - Taveira Jr","robots":{"index":"index","follow":"follow","max-snippet":"max-snippet:-1","max-image-preview":"max-image-preview:large","max-video-preview":"max-video-preview:-1"},"canonical":"https:\/\/deputadotaveirajr.com.br\/index.php\/video-mostra-suspeitos-de-matarem-enfermeira-saindo-com-faca-da-casa-dela-em-natal\/","og_locale":"pt_BR","og_type":"article","og_title":"V\u00eddeo mostra suspeitos de matarem enfermeira saindo com faca da casa dela em Natal - Taveira Jr","og_description":"Soraia S\u00e1tiro, de 66 anos, foi morta com golpes de faca na sexta-feira (13). Sobrinho dela, preso em SP, premeditou e foi autor intelectual do crime, segundo Pol\u00edcia Civil. C\u00e2meras ...","og_url":"https:\/\/deputadotaveirajr.com.br\/index.php\/video-mostra-suspeitos-de-matarem-enfermeira-saindo-com-faca-da-casa-dela-em-natal\/","og_site_name":"Taveira Jr","og_image":[{"width":1399,"height":996,"url":"https:\/\/deputadotaveirajr.com.br\/wp-content\/uploads\/2024\/07\/captura-de-tela-2024-07-18-083152-Pl7H73.jpeg","type":"image\/jpeg"}],"twitter_card":"summary_large_image","twitter_misc":{"Est. tempo de leitura":"4 minutos"},"schema":{"@context":"https:\/\/schema.org","@graph":[{"@type":"WebPage","@id":"https:\/\/deputadotaveirajr.com.br\/index.php\/video-mostra-suspeitos-de-matarem-enfermeira-saindo-com-faca-da-casa-dela-em-natal\/","url":"https:\/\/deputadotaveirajr.com.br\/index.php\/video-mostra-suspeitos-de-matarem-enfermeira-saindo-com-faca-da-casa-dela-em-natal\/","name":"V\u00eddeo mostra suspeitos de matarem enfermeira saindo com faca da casa dela em Natal - Taveira Jr","isPartOf":{"@id":"https:\/\/deputadotaveirajr.com.br\/#website"},"primaryImageOfPage":{"@id":"https:\/\/deputadotaveirajr.com.br\/index.php\/video-mostra-suspeitos-de-matarem-enfermeira-saindo-com-faca-da-casa-dela-em-natal\/#primaryimage"},"image":{"@id":"https:\/\/deputadotaveirajr.com.br\/index.php\/video-mostra-suspeitos-de-matarem-enfermeira-saindo-com-faca-da-casa-dela-em-natal\/#primaryimage"},"thumbnailUrl":"https:\/\/deputadotaveirajr.com.br\/wp-content\/uploads\/2024\/07\/captura-de-tela-2024-07-18-083152-Pl7H73.jpeg","datePublished":"2024-07-18T14:49:09+00:00","breadcrumb":{"@id":"https:\/\/deputadotaveirajr.com.br\/index.php\/video-mostra-suspeitos-de-matarem-enfermeira-saindo-com-faca-da-casa-dela-em-natal\/#breadcrumb"},"inLanguage":"pt-BR","potentialAction":[{"@type":"ReadAction","target":["https:\/\/deputadotaveirajr.com.br\/index.php\/video-mostra-suspeitos-de-matarem-enfermeira-saindo-com-faca-da-casa-dela-em-natal\/"]}]},{"@type":"ImageObject","inLanguage":"pt-BR","@id":"https:\/\/deputadotaveirajr.com.br\/index.php\/video-mostra-suspeitos-de-matarem-enfermeira-saindo-com-faca-da-casa-dela-em-natal\/#primaryimage","url":"https:\/\/deputadotaveirajr.com.br\/wp-content\/uploads\/2024\/07\/captura-de-tela-2024-07-18-083152-Pl7H73.jpeg","contentUrl":"https:\/\/deputadotaveirajr.com.br\/wp-content\/uploads\/2024\/07\/captura-de-tela-2024-07-18-083152-Pl7H73.jpeg","width":1399,"height":996},{"@type":"BreadcrumbList","@id":"https:\/\/deputadotaveirajr.com.br\/index.php\/video-mostra-suspeitos-de-matarem-enfermeira-saindo-com-faca-da-casa-dela-em-natal\/#breadcrumb","itemListElement":[{"@type":"ListItem","position":1,"name":"In\u00edcio","item":"https:\/\/deputadotaveirajr.com.br\/"},{"@type":"ListItem","position":2,"name":"V\u00eddeo mostra suspeitos de matarem enfermeira saindo com faca da casa dela em Natal"}]},{"@type":"WebSite","@id":"https:\/\/deputadotaveirajr.com.br\/#website","url":"https:\/\/deputadotaveirajr.com.br\/","name":"Taveira Jr","description":"Deputado Estadual","publisher":{"@id":"https:\/\/deputadotaveirajr.com.br\/#organization"},"potentialAction":[{"@type":"SearchAction","target":{"@type":"EntryPoint","urlTemplate":"https:\/\/deputadotaveirajr.com.br\/?s={search_term_string}"},"query-input":{"@type":"PropertyValueSpecification","valueRequired":true,"valueName":"search_term_string"}}],"inLanguage":"pt-BR"},{"@type":"Organization","@id":"https:\/\/deputadotaveirajr.com.br\/#organization","name":"Taveira Jr","url":"https:\/\/deputadotaveirajr.com.br\/","logo":{"@type":"ImageObject","inLanguage":"pt-BR","@id":"https:\/\/deputadotaveirajr.com.br\/#\/schema\/logo\/image\/","url":"https:\/\/deputadotaveirajr.com.br\/wp-content\/uploads\/2026\/01\/logolow2a.png","contentUrl":"https:\/\/deputadotaveirajr.com.br\/wp-content\/uploads\/2026\/01\/logolow2a.png","width":290,"height":80,"caption":"Taveira Jr"},"image":{"@id":"https:\/\/deputadotaveirajr.com.br\/#\/schema\/logo\/image\/"}}]}},"_links":{"self":[{"href":"https:\/\/deputadotaveirajr.com.br\/index.php\/wp-json\/wp\/v2\/pages\/7862","targetHints":{"allow":["GET"]}}],"collection":[{"href":"https:\/\/deputadotaveirajr.com.br\/index.php\/wp-json\/wp\/v2\/pages"}],"about":[{"href":"https:\/\/deputadotaveirajr.com.br\/index.php\/wp-json\/wp\/v2\/types\/page"}],"replies":[{"embeddable":true,"href":"https:\/\/deputadotaveirajr.com.br\/index.php\/wp-json\/wp\/v2\/comments?post=7862"}],"version-history":[{"count":1,"href":"https:\/\/deputadotaveirajr.com.br\/index.php\/wp-json\/wp\/v2\/pages\/7862\/revisions"}],"predecessor-version":[{"id":7866,"href":"https:\/\/deputadotaveirajr.com.br\/index.php\/wp-json\/wp\/v2\/pages\/7862\/revisions\/7866"}],"wp:featuredmedia":[{"embeddable":true,"href":"https:\/\/deputadotaveirajr.com.br\/index.php\/wp-json\/wp\/v2\/media\/7863"}],"wp:attachment":[{"href":"https:\/\/deputadotaveirajr.com.br\/index.php\/wp-json\/wp\/v2\/media?parent=7862"}],"curies":[{"name":"wp","href":"https:\/\/api.w.org\/{rel}","templated":true}]}}