{"id":7880,"date":"2024-07-18T21:54:38","date_gmt":"2024-07-19T00:54:38","guid":{"rendered":"https:\/\/deputadotaveirajr.com.br\/?page_id=7880"},"modified":"2024-07-18T21:54:38","modified_gmt":"2024-07-19T00:54:38","slug":"prf-apreende-carga-ilegal-de-20-mil-litros-de-biodiesel-na-grande-natal","status":"publish","type":"page","link":"https:\/\/deputadotaveirajr.com.br\/index.php\/prf-apreende-carga-ilegal-de-20-mil-litros-de-biodiesel-na-grande-natal\/","title":{"rendered":"PRF apreende carga ilegal de 20 mil litros de biodiesel na Grande Natal"},"content":{"rendered":"<p>     A fiscaliza\u00e7\u00e3o ocorreu na Unidade Operacional da PRF em Maca\u00edba.  Ve\u00edculo foi encaminhado para a SEFAZ<br \/>\nDivulga\u00e7\u00e3o\/PRF<br \/>\nUma carreta carregada com 20 mil litros de biodiesel foi apreendida pela Pol\u00edcia Rodovi\u00e1ria Federal (PRF) nesta quarta-feira (17), na BR-304 em Maca\u00edba, na Grande Natal.<br \/>\nSegundo a PRF, a mercadoria era transportada sem nenhum tipo de comprova\u00e7\u00e3o fiscal. O condutor afirmou que a carga seria levada de Recife, capital pernambucana, at\u00e9 Fortaleza, no Cear\u00e1.<br \/>\nA fiscaliza\u00e7\u00e3o ocorreu na Unidade Operacional da PRF em Maca\u00edba.<br \/>\nA a\u00e7\u00e3o ocorreu de forma conjunta com Departamento Estadual de Estradas e Rodagens do Rio Grande do Norte (DER\/RN) e a Secretaria da Fazenda do Rio Grande do Norte (SEFAZ).<br \/>\nV\u00eddeos mais assistidos do g1 RN<\/p>","protected":false},"excerpt":{"rendered":"<p>A fiscaliza\u00e7\u00e3o ocorreu na Unidade Operacional da PRF em Maca\u00edba. Ve\u00edculo foi encaminhado para a SEFAZ Divulga\u00e7\u00e3o\/PRF Uma carreta carregada com 20 mil litros de biodiesel foi apreendida pela Pol\u00edcia &#8230;<\/p>\n","protected":false},"author":0,"featured_media":7881,"parent":0,"menu_order":0,"comment_status":"closed","ping_status":"closed","template":"","meta":{"footnotes":""},"class_list":["post-7880","page","type-page","status-publish","has-post-thumbnail","hentry"],"yoast_head":"<!-- This site is optimized with the Yoast SEO plugin v27.1.1 - https:\/\/yoast.com\/product\/yoast-seo-wordpress\/ -->\n<title>PRF apreende carga ilegal de 20 mil litros de biodiesel na Grande Natal - Taveira Jr<\/title>\n<meta name=\"robots\" content=\"index, follow, max-snippet:-1, max-image-preview:large, max-video-preview:-1\" \/>\n<link rel=\"canonical\" href=\"https:\/\/deputadotaveirajr.com.br\/index.php\/prf-apreende-carga-ilegal-de-20-mil-litros-de-biodiesel-na-grande-natal\/\" \/>\n<meta property=\"og:locale\" content=\"pt_BR\" \/>\n<meta property=\"og:type\" content=\"article\" \/>\n<meta property=\"og:title\" content=\"PRF apreende carga ilegal de 20 mil litros de biodiesel na Grande Natal - Taveira Jr\" \/>\n<meta property=\"og:description\" content=\"A fiscaliza\u00e7\u00e3o ocorreu na Unidade Operacional da PRF em Maca\u00edba. Ve\u00edculo foi encaminhado para a SEFAZ Divulga\u00e7\u00e3o\/PRF Uma carreta carregada com 20 mil litros de biodiesel foi apreendida pela Pol\u00edcia ...\" \/>\n<meta property=\"og:url\" content=\"https:\/\/deputadotaveirajr.com.br\/index.php\/prf-apreende-carga-ilegal-de-20-mil-litros-de-biodiesel-na-grande-natal\/\" \/>\n<meta property=\"og:site_name\" content=\"Taveira Jr\" \/>\n<meta property=\"og:image\" content=\"https:\/\/deputadotaveirajr.com.br\/wp-content\/uploads\/2024\/07\/a1816634-8b49-419b-b61e-f62469561ffa-gkYzZH.jpeg\" \/>\n\t<meta property=\"og:image:width\" content=\"728\" \/>\n\t<meta property=\"og:image:height\" content=\"768\" \/>\n\t<meta property=\"og:image:type\" content=\"image\/jpeg\" \/>\n<meta name=\"twitter:card\" content=\"summary_large_image\" \/>\n<meta name=\"twitter:label1\" content=\"Est. tempo de leitura\" \/>\n\t<meta name=\"twitter:data1\" content=\"1 minuto\" \/>\n<script type=\"application\/ld+json\" class=\"yoast-schema-graph\">{\"@context\":\"https:\/\/schema.org\",\"@graph\":[{\"@type\":\"WebPage\",\"@id\":\"https:\/\/deputadotaveirajr.com.br\/index.php\/prf-apreende-carga-ilegal-de-20-mil-litros-de-biodiesel-na-grande-natal\/\",\"url\":\"https:\/\/deputadotaveirajr.com.br\/index.php\/prf-apreende-carga-ilegal-de-20-mil-litros-de-biodiesel-na-grande-natal\/\",\"name\":\"PRF apreende carga ilegal de 20 mil litros de biodiesel na Grande Natal - Taveira Jr\",\"isPartOf\":{\"@id\":\"https:\/\/deputadotaveirajr.com.br\/#website\"},\"primaryImageOfPage\":{\"@id\":\"https:\/\/deputadotaveirajr.com.br\/index.php\/prf-apreende-carga-ilegal-de-20-mil-litros-de-biodiesel-na-grande-natal\/#primaryimage\"},\"image\":{\"@id\":\"https:\/\/deputadotaveirajr.com.br\/index.php\/prf-apreende-carga-ilegal-de-20-mil-litros-de-biodiesel-na-grande-natal\/#primaryimage\"},\"thumbnailUrl\":\"https:\/\/deputadotaveirajr.com.br\/wp-content\/uploads\/2024\/07\/a1816634-8b49-419b-b61e-f62469561ffa-gkYzZH.jpeg\",\"datePublished\":\"2024-07-19T00:54:38+00:00\",\"breadcrumb\":{\"@id\":\"https:\/\/deputadotaveirajr.com.br\/index.php\/prf-apreende-carga-ilegal-de-20-mil-litros-de-biodiesel-na-grande-natal\/#breadcrumb\"},\"inLanguage\":\"pt-BR\",\"potentialAction\":[{\"@type\":\"ReadAction\",\"target\":[\"https:\/\/deputadotaveirajr.com.br\/index.php\/prf-apreende-carga-ilegal-de-20-mil-litros-de-biodiesel-na-grande-natal\/\"]}]},{\"@type\":\"ImageObject\",\"inLanguage\":\"pt-BR\",\"@id\":\"https:\/\/deputadotaveirajr.com.br\/index.php\/prf-apreende-carga-ilegal-de-20-mil-litros-de-biodiesel-na-grande-natal\/#primaryimage\",\"url\":\"https:\/\/deputadotaveirajr.com.br\/wp-content\/uploads\/2024\/07\/a1816634-8b49-419b-b61e-f62469561ffa-gkYzZH.jpeg\",\"contentUrl\":\"https:\/\/deputadotaveirajr.com.br\/wp-content\/uploads\/2024\/07\/a1816634-8b49-419b-b61e-f62469561ffa-gkYzZH.jpeg\",\"width\":728,\"height\":768},{\"@type\":\"BreadcrumbList\",\"@id\":\"https:\/\/deputadotaveirajr.com.br\/index.php\/prf-apreende-carga-ilegal-de-20-mil-litros-de-biodiesel-na-grande-natal\/#breadcrumb\",\"itemListElement\":[{\"@type\":\"ListItem\",\"position\":1,\"name\":\"In\u00edcio\",\"item\":\"https:\/\/deputadotaveirajr.com.br\/\"},{\"@type\":\"ListItem\",\"position\":2,\"name\":\"PRF apreende carga ilegal de 20 mil litros de biodiesel na Grande Natal\"}]},{\"@type\":\"WebSite\",\"@id\":\"https:\/\/deputadotaveirajr.com.br\/#website\",\"url\":\"https:\/\/deputadotaveirajr.com.br\/\",\"name\":\"Taveira Jr\",\"description\":\"Deputado Estadual\",\"publisher\":{\"@id\":\"https:\/\/deputadotaveirajr.com.br\/#organization\"},\"potentialAction\":[{\"@type\":\"SearchAction\",\"target\":{\"@type\":\"EntryPoint\",\"urlTemplate\":\"https:\/\/deputadotaveirajr.com.br\/?s={search_term_string}\"},\"query-input\":{\"@type\":\"PropertyValueSpecification\",\"valueRequired\":true,\"valueName\":\"search_term_string\"}}],\"inLanguage\":\"pt-BR\"},{\"@type\":\"Organization\",\"@id\":\"https:\/\/deputadotaveirajr.com.br\/#organization\",\"name\":\"Taveira Jr\",\"url\":\"https:\/\/deputadotaveirajr.com.br\/\",\"logo\":{\"@type\":\"ImageObject\",\"inLanguage\":\"pt-BR\",\"@id\":\"https:\/\/deputadotaveirajr.com.br\/#\/schema\/logo\/image\/\",\"url\":\"https:\/\/deputadotaveirajr.com.br\/wp-content\/uploads\/2026\/01\/logolow2a.png\",\"contentUrl\":\"https:\/\/deputadotaveirajr.com.br\/wp-content\/uploads\/2026\/01\/logolow2a.png\",\"width\":290,\"height\":80,\"caption\":\"Taveira Jr\"},\"image\":{\"@id\":\"https:\/\/deputadotaveirajr.com.br\/#\/schema\/logo\/image\/\"}}]}<\/script>\n<!-- \/ Yoast SEO plugin. -->","yoast_head_json":{"title":"PRF apreende carga ilegal de 20 mil litros de biodiesel na Grande Natal - Taveira Jr","robots":{"index":"index","follow":"follow","max-snippet":"max-snippet:-1","max-image-preview":"max-image-preview:large","max-video-preview":"max-video-preview:-1"},"canonical":"https:\/\/deputadotaveirajr.com.br\/index.php\/prf-apreende-carga-ilegal-de-20-mil-litros-de-biodiesel-na-grande-natal\/","og_locale":"pt_BR","og_type":"article","og_title":"PRF apreende carga ilegal de 20 mil litros de biodiesel na Grande Natal - Taveira Jr","og_description":"A fiscaliza\u00e7\u00e3o ocorreu na Unidade Operacional da PRF em Maca\u00edba. Ve\u00edculo foi encaminhado para a SEFAZ Divulga\u00e7\u00e3o\/PRF Uma carreta carregada com 20 mil litros de biodiesel foi apreendida pela Pol\u00edcia ...","og_url":"https:\/\/deputadotaveirajr.com.br\/index.php\/prf-apreende-carga-ilegal-de-20-mil-litros-de-biodiesel-na-grande-natal\/","og_site_name":"Taveira Jr","og_image":[{"width":728,"height":768,"url":"https:\/\/deputadotaveirajr.com.br\/wp-content\/uploads\/2024\/07\/a1816634-8b49-419b-b61e-f62469561ffa-gkYzZH.jpeg","type":"image\/jpeg"}],"twitter_card":"summary_large_image","twitter_misc":{"Est. tempo de leitura":"1 minuto"},"schema":{"@context":"https:\/\/schema.org","@graph":[{"@type":"WebPage","@id":"https:\/\/deputadotaveirajr.com.br\/index.php\/prf-apreende-carga-ilegal-de-20-mil-litros-de-biodiesel-na-grande-natal\/","url":"https:\/\/deputadotaveirajr.com.br\/index.php\/prf-apreende-carga-ilegal-de-20-mil-litros-de-biodiesel-na-grande-natal\/","name":"PRF apreende carga ilegal de 20 mil litros de biodiesel na Grande Natal - Taveira Jr","isPartOf":{"@id":"https:\/\/deputadotaveirajr.com.br\/#website"},"primaryImageOfPage":{"@id":"https:\/\/deputadotaveirajr.com.br\/index.php\/prf-apreende-carga-ilegal-de-20-mil-litros-de-biodiesel-na-grande-natal\/#primaryimage"},"image":{"@id":"https:\/\/deputadotaveirajr.com.br\/index.php\/prf-apreende-carga-ilegal-de-20-mil-litros-de-biodiesel-na-grande-natal\/#primaryimage"},"thumbnailUrl":"https:\/\/deputadotaveirajr.com.br\/wp-content\/uploads\/2024\/07\/a1816634-8b49-419b-b61e-f62469561ffa-gkYzZH.jpeg","datePublished":"2024-07-19T00:54:38+00:00","breadcrumb":{"@id":"https:\/\/deputadotaveirajr.com.br\/index.php\/prf-apreende-carga-ilegal-de-20-mil-litros-de-biodiesel-na-grande-natal\/#breadcrumb"},"inLanguage":"pt-BR","potentialAction":[{"@type":"ReadAction","target":["https:\/\/deputadotaveirajr.com.br\/index.php\/prf-apreende-carga-ilegal-de-20-mil-litros-de-biodiesel-na-grande-natal\/"]}]},{"@type":"ImageObject","inLanguage":"pt-BR","@id":"https:\/\/deputadotaveirajr.com.br\/index.php\/prf-apreende-carga-ilegal-de-20-mil-litros-de-biodiesel-na-grande-natal\/#primaryimage","url":"https:\/\/deputadotaveirajr.com.br\/wp-content\/uploads\/2024\/07\/a1816634-8b49-419b-b61e-f62469561ffa-gkYzZH.jpeg","contentUrl":"https:\/\/deputadotaveirajr.com.br\/wp-content\/uploads\/2024\/07\/a1816634-8b49-419b-b61e-f62469561ffa-gkYzZH.jpeg","width":728,"height":768},{"@type":"BreadcrumbList","@id":"https:\/\/deputadotaveirajr.com.br\/index.php\/prf-apreende-carga-ilegal-de-20-mil-litros-de-biodiesel-na-grande-natal\/#breadcrumb","itemListElement":[{"@type":"ListItem","position":1,"name":"In\u00edcio","item":"https:\/\/deputadotaveirajr.com.br\/"},{"@type":"ListItem","position":2,"name":"PRF apreende carga ilegal de 20 mil litros de biodiesel na Grande Natal"}]},{"@type":"WebSite","@id":"https:\/\/deputadotaveirajr.com.br\/#website","url":"https:\/\/deputadotaveirajr.com.br\/","name":"Taveira Jr","description":"Deputado Estadual","publisher":{"@id":"https:\/\/deputadotaveirajr.com.br\/#organization"},"potentialAction":[{"@type":"SearchAction","target":{"@type":"EntryPoint","urlTemplate":"https:\/\/deputadotaveirajr.com.br\/?s={search_term_string}"},"query-input":{"@type":"PropertyValueSpecification","valueRequired":true,"valueName":"search_term_string"}}],"inLanguage":"pt-BR"},{"@type":"Organization","@id":"https:\/\/deputadotaveirajr.com.br\/#organization","name":"Taveira Jr","url":"https:\/\/deputadotaveirajr.com.br\/","logo":{"@type":"ImageObject","inLanguage":"pt-BR","@id":"https:\/\/deputadotaveirajr.com.br\/#\/schema\/logo\/image\/","url":"https:\/\/deputadotaveirajr.com.br\/wp-content\/uploads\/2026\/01\/logolow2a.png","contentUrl":"https:\/\/deputadotaveirajr.com.br\/wp-content\/uploads\/2026\/01\/logolow2a.png","width":290,"height":80,"caption":"Taveira Jr"},"image":{"@id":"https:\/\/deputadotaveirajr.com.br\/#\/schema\/logo\/image\/"}}]}},"_links":{"self":[{"href":"https:\/\/deputadotaveirajr.com.br\/index.php\/wp-json\/wp\/v2\/pages\/7880","targetHints":{"allow":["GET"]}}],"collection":[{"href":"https:\/\/deputadotaveirajr.com.br\/index.php\/wp-json\/wp\/v2\/pages"}],"about":[{"href":"https:\/\/deputadotaveirajr.com.br\/index.php\/wp-json\/wp\/v2\/types\/page"}],"replies":[{"embeddable":true,"href":"https:\/\/deputadotaveirajr.com.br\/index.php\/wp-json\/wp\/v2\/comments?post=7880"}],"version-history":[{"count":1,"href":"https:\/\/deputadotaveirajr.com.br\/index.php\/wp-json\/wp\/v2\/pages\/7880\/revisions"}],"predecessor-version":[{"id":7887,"href":"https:\/\/deputadotaveirajr.com.br\/index.php\/wp-json\/wp\/v2\/pages\/7880\/revisions\/7887"}],"wp:featuredmedia":[{"embeddable":true,"href":"https:\/\/deputadotaveirajr.com.br\/index.php\/wp-json\/wp\/v2\/media\/7881"}],"wp:attachment":[{"href":"https:\/\/deputadotaveirajr.com.br\/index.php\/wp-json\/wp\/v2\/media?parent=7880"}],"curies":[{"name":"wp","href":"https:\/\/api.w.org\/{rel}","templated":true}]}}