{"id":7885,"date":"2024-07-18T23:33:07","date_gmt":"2024-07-19T02:33:07","guid":{"rendered":"https:\/\/deputadotaveirajr.com.br\/?page_id=7885"},"modified":"2024-07-18T23:33:07","modified_gmt":"2024-07-19T02:33:07","slug":"tentativas-de-feminicidio-no-rn-crescem-88-em-2024-aponta-sesed","status":"publish","type":"page","link":"https:\/\/deputadotaveirajr.com.br\/index.php\/tentativas-de-feminicidio-no-rn-crescem-88-em-2024-aponta-sesed\/","title":{"rendered":"Tentativas de feminic\u00eddio no RN crescem 88% em 2024, aponta Sesed"},"content":{"rendered":"<p>     Dados mostram que apenas em mar\u00e7o deste ano, m\u00eas com o maior n\u00famero de ocorr\u00eancias do tipo, oito tentativas de feminic\u00eddio foram registradas. Foram 32 tentativas de feminic\u00eddio no Rio Grande do Norte apenas nos seis primeiros meses de 2024<br \/>\nFreepik<br \/>\nDados da Secretaria de Estado de Seguran\u00e7a P\u00fablica (Sesed) de janeiro a junho deste ano mostram que 32 mulheres no Rio Grande do Norte foram v\u00edtimas de tentativas de feminic\u00eddio.<br \/>\nO n\u00famero \u00e9 88% maior do que o registrado no mesmo per\u00edodo do ano passado, quando 17 mulheres quase foram mortas por motivos banais.<br \/>\n\ud83d\udcf3Participe do canal do g1 RN no WhatsApp<br \/>\nTentativas de feminic\u00eddio no RN<br \/>\nNo recorte, o m\u00eas com o maior n\u00famero de registros do tipo foi em mar\u00e7o deste ano, com 8 tentativas de feminic\u00eddio. Apenas junho do ano passado n\u00e3o teve nenhuma tentativa de feminic\u00eddio computada.<br \/>\nFeminic\u00eddios<br \/>\nSobre o n\u00famero de mulheres que morreram por motivo torpe, os dados deste ano se assemelham com o mesmo per\u00edodo de 2023.<br \/>\nNos seis primeiros meses do ano, 17 feminic\u00eddios foram contabilizados pela Sesed. No mesmo per\u00edodo do ano passado, foram 16 mulheres mortas por motivo banal.<br \/>\n&#8220;Os maiores perpetradores desses crimes s\u00e3o pessoas conhecidas, principalmente companheiros e ex-companheiros dessas mulheres. N\u00e3o \u00e0 toa, a maioria dos feminic\u00eddios ocorrem no \u00e2mbito familiar&#8221;, afirma Eder Dantas, pesquisador do Departamento de Demografia da UFRN.<br \/>\nQuatro mulheres mortas em uma semana<br \/>\nNum intervalo de uma semana, quatro mulheres foram mortas no Rio Grande do Norte. O primeiro dos crimes foi registrado na \u00faltima quinta-feira (11), em Santana dos Matos. Maria das Gra\u00e7as Leoc\u00e1dio, de 40 anos, foi morta a facadas. O companheiro da v\u00edtima foi preso pouco ap\u00f3s o assassinato.<br \/>\nNo dia seguinte, Daiane do Nascimento, de 31 anos, tamb\u00e9m foi morta com golpes de faca no Centro da cidade de Serra Negra do Norte, Serid\u00f3 potiguar. O principal suspeito do crime \u00e9 o marido de Daiane, que fugiu ap\u00f3s o crime.<br \/>\nNo \u00faltimo s\u00e1bado (13), uma enfermeira aposentada foi encontrada morta com sinais de esfaqueamento na pr\u00f3pria casa em Capim Macio, zona Sul de Natal. Um dos autores do crime foi o pr\u00f3prio sobrinho da v\u00edtima.<br \/>\nPor fim, nesta segunda-feira (15) mais um feminic\u00eddio, desta vez em Patu. A guarda municipal Paloma Ferreira Gomes foi morta, segundo a pol\u00edcia, pelo pr\u00f3prio companheiro. O crime ocorreu um dia antes dela completar 25 anos de vida.<br \/>\nSuspeito de feminic\u00eddio \u00e9 preso em Patu<br \/>\nV\u00eddeos mais assistidos do g1 RN<\/p>","protected":false},"excerpt":{"rendered":"<p>Dados mostram que apenas em mar\u00e7o deste ano, m\u00eas com o maior n\u00famero de ocorr\u00eancias do tipo, oito tentativas de feminic\u00eddio foram registradas. Foram 32 tentativas de feminic\u00eddio no Rio &#8230;<\/p>\n","protected":false},"author":0,"featured_media":7886,"parent":0,"menu_order":0,"comment_status":"closed","ping_status":"closed","template":"","meta":{"footnotes":""},"class_list":["post-7885","page","type-page","status-publish","has-post-thumbnail","hentry"],"yoast_head":"<!-- This site is optimized with the Yoast SEO plugin v27.1.1 - https:\/\/yoast.com\/product\/yoast-seo-wordpress\/ -->\n<title>Tentativas de feminic\u00eddio no RN crescem 88% em 2024, aponta Sesed - Taveira Jr<\/title>\n<meta name=\"robots\" content=\"index, follow, max-snippet:-1, max-image-preview:large, max-video-preview:-1\" \/>\n<link rel=\"canonical\" href=\"https:\/\/deputadotaveirajr.com.br\/index.php\/tentativas-de-feminicidio-no-rn-crescem-88-em-2024-aponta-sesed\/\" \/>\n<meta property=\"og:locale\" content=\"pt_BR\" \/>\n<meta property=\"og:type\" content=\"article\" \/>\n<meta property=\"og:title\" content=\"Tentativas de feminic\u00eddio no RN crescem 88% em 2024, aponta Sesed - Taveira Jr\" \/>\n<meta property=\"og:description\" content=\"Dados mostram que apenas em mar\u00e7o deste ano, m\u00eas com o maior n\u00famero de ocorr\u00eancias do tipo, oito tentativas de feminic\u00eddio foram registradas. Foram 32 tentativas de feminic\u00eddio no Rio ...\" \/>\n<meta property=\"og:url\" content=\"https:\/\/deputadotaveirajr.com.br\/index.php\/tentativas-de-feminicidio-no-rn-crescem-88-em-2024-aponta-sesed\/\" \/>\n<meta property=\"og:site_name\" content=\"Taveira Jr\" \/>\n<meta property=\"og:image\" content=\"https:\/\/deputadotaveirajr.com.br\/wp-content\/uploads\/2024\/07\/mulher-deprimida-com-efeito-de-vidro-rachado-5YFxvE-scaled.jpeg\" \/>\n\t<meta property=\"og:image:width\" content=\"2560\" \/>\n\t<meta property=\"og:image:height\" content=\"1707\" \/>\n\t<meta property=\"og:image:type\" content=\"image\/jpeg\" \/>\n<meta name=\"twitter:card\" content=\"summary_large_image\" \/>\n<meta name=\"twitter:label1\" content=\"Est. tempo de leitura\" \/>\n\t<meta name=\"twitter:data1\" content=\"2 minutos\" \/>\n<script type=\"application\/ld+json\" class=\"yoast-schema-graph\">{\"@context\":\"https:\/\/schema.org\",\"@graph\":[{\"@type\":\"WebPage\",\"@id\":\"https:\/\/deputadotaveirajr.com.br\/index.php\/tentativas-de-feminicidio-no-rn-crescem-88-em-2024-aponta-sesed\/\",\"url\":\"https:\/\/deputadotaveirajr.com.br\/index.php\/tentativas-de-feminicidio-no-rn-crescem-88-em-2024-aponta-sesed\/\",\"name\":\"Tentativas de feminic\u00eddio no RN crescem 88% em 2024, aponta Sesed - Taveira Jr\",\"isPartOf\":{\"@id\":\"https:\/\/deputadotaveirajr.com.br\/#website\"},\"primaryImageOfPage\":{\"@id\":\"https:\/\/deputadotaveirajr.com.br\/index.php\/tentativas-de-feminicidio-no-rn-crescem-88-em-2024-aponta-sesed\/#primaryimage\"},\"image\":{\"@id\":\"https:\/\/deputadotaveirajr.com.br\/index.php\/tentativas-de-feminicidio-no-rn-crescem-88-em-2024-aponta-sesed\/#primaryimage\"},\"thumbnailUrl\":\"https:\/\/deputadotaveirajr.com.br\/wp-content\/uploads\/2024\/07\/mulher-deprimida-com-efeito-de-vidro-rachado-5YFxvE-scaled.jpeg\",\"datePublished\":\"2024-07-19T02:33:07+00:00\",\"breadcrumb\":{\"@id\":\"https:\/\/deputadotaveirajr.com.br\/index.php\/tentativas-de-feminicidio-no-rn-crescem-88-em-2024-aponta-sesed\/#breadcrumb\"},\"inLanguage\":\"pt-BR\",\"potentialAction\":[{\"@type\":\"ReadAction\",\"target\":[\"https:\/\/deputadotaveirajr.com.br\/index.php\/tentativas-de-feminicidio-no-rn-crescem-88-em-2024-aponta-sesed\/\"]}]},{\"@type\":\"ImageObject\",\"inLanguage\":\"pt-BR\",\"@id\":\"https:\/\/deputadotaveirajr.com.br\/index.php\/tentativas-de-feminicidio-no-rn-crescem-88-em-2024-aponta-sesed\/#primaryimage\",\"url\":\"https:\/\/deputadotaveirajr.com.br\/wp-content\/uploads\/2024\/07\/mulher-deprimida-com-efeito-de-vidro-rachado-5YFxvE-scaled.jpeg\",\"contentUrl\":\"https:\/\/deputadotaveirajr.com.br\/wp-content\/uploads\/2024\/07\/mulher-deprimida-com-efeito-de-vidro-rachado-5YFxvE-scaled.jpeg\",\"width\":2560,\"height\":1707},{\"@type\":\"BreadcrumbList\",\"@id\":\"https:\/\/deputadotaveirajr.com.br\/index.php\/tentativas-de-feminicidio-no-rn-crescem-88-em-2024-aponta-sesed\/#breadcrumb\",\"itemListElement\":[{\"@type\":\"ListItem\",\"position\":1,\"name\":\"In\u00edcio\",\"item\":\"https:\/\/deputadotaveirajr.com.br\/\"},{\"@type\":\"ListItem\",\"position\":2,\"name\":\"Tentativas de feminic\u00eddio no RN crescem 88% em 2024, aponta Sesed\"}]},{\"@type\":\"WebSite\",\"@id\":\"https:\/\/deputadotaveirajr.com.br\/#website\",\"url\":\"https:\/\/deputadotaveirajr.com.br\/\",\"name\":\"Taveira Jr\",\"description\":\"Deputado Estadual\",\"publisher\":{\"@id\":\"https:\/\/deputadotaveirajr.com.br\/#organization\"},\"potentialAction\":[{\"@type\":\"SearchAction\",\"target\":{\"@type\":\"EntryPoint\",\"urlTemplate\":\"https:\/\/deputadotaveirajr.com.br\/?s={search_term_string}\"},\"query-input\":{\"@type\":\"PropertyValueSpecification\",\"valueRequired\":true,\"valueName\":\"search_term_string\"}}],\"inLanguage\":\"pt-BR\"},{\"@type\":\"Organization\",\"@id\":\"https:\/\/deputadotaveirajr.com.br\/#organization\",\"name\":\"Taveira Jr\",\"url\":\"https:\/\/deputadotaveirajr.com.br\/\",\"logo\":{\"@type\":\"ImageObject\",\"inLanguage\":\"pt-BR\",\"@id\":\"https:\/\/deputadotaveirajr.com.br\/#\/schema\/logo\/image\/\",\"url\":\"https:\/\/deputadotaveirajr.com.br\/wp-content\/uploads\/2026\/01\/logolow2a.png\",\"contentUrl\":\"https:\/\/deputadotaveirajr.com.br\/wp-content\/uploads\/2026\/01\/logolow2a.png\",\"width\":290,\"height\":80,\"caption\":\"Taveira Jr\"},\"image\":{\"@id\":\"https:\/\/deputadotaveirajr.com.br\/#\/schema\/logo\/image\/\"}}]}<\/script>\n<!-- \/ Yoast SEO plugin. -->","yoast_head_json":{"title":"Tentativas de feminic\u00eddio no RN crescem 88% em 2024, aponta Sesed - Taveira Jr","robots":{"index":"index","follow":"follow","max-snippet":"max-snippet:-1","max-image-preview":"max-image-preview:large","max-video-preview":"max-video-preview:-1"},"canonical":"https:\/\/deputadotaveirajr.com.br\/index.php\/tentativas-de-feminicidio-no-rn-crescem-88-em-2024-aponta-sesed\/","og_locale":"pt_BR","og_type":"article","og_title":"Tentativas de feminic\u00eddio no RN crescem 88% em 2024, aponta Sesed - Taveira Jr","og_description":"Dados mostram que apenas em mar\u00e7o deste ano, m\u00eas com o maior n\u00famero de ocorr\u00eancias do tipo, oito tentativas de feminic\u00eddio foram registradas. Foram 32 tentativas de feminic\u00eddio no Rio ...","og_url":"https:\/\/deputadotaveirajr.com.br\/index.php\/tentativas-de-feminicidio-no-rn-crescem-88-em-2024-aponta-sesed\/","og_site_name":"Taveira Jr","og_image":[{"width":2560,"height":1707,"url":"https:\/\/deputadotaveirajr.com.br\/wp-content\/uploads\/2024\/07\/mulher-deprimida-com-efeito-de-vidro-rachado-5YFxvE-scaled.jpeg","type":"image\/jpeg"}],"twitter_card":"summary_large_image","twitter_misc":{"Est. tempo de leitura":"2 minutos"},"schema":{"@context":"https:\/\/schema.org","@graph":[{"@type":"WebPage","@id":"https:\/\/deputadotaveirajr.com.br\/index.php\/tentativas-de-feminicidio-no-rn-crescem-88-em-2024-aponta-sesed\/","url":"https:\/\/deputadotaveirajr.com.br\/index.php\/tentativas-de-feminicidio-no-rn-crescem-88-em-2024-aponta-sesed\/","name":"Tentativas de feminic\u00eddio no RN crescem 88% em 2024, aponta Sesed - Taveira Jr","isPartOf":{"@id":"https:\/\/deputadotaveirajr.com.br\/#website"},"primaryImageOfPage":{"@id":"https:\/\/deputadotaveirajr.com.br\/index.php\/tentativas-de-feminicidio-no-rn-crescem-88-em-2024-aponta-sesed\/#primaryimage"},"image":{"@id":"https:\/\/deputadotaveirajr.com.br\/index.php\/tentativas-de-feminicidio-no-rn-crescem-88-em-2024-aponta-sesed\/#primaryimage"},"thumbnailUrl":"https:\/\/deputadotaveirajr.com.br\/wp-content\/uploads\/2024\/07\/mulher-deprimida-com-efeito-de-vidro-rachado-5YFxvE-scaled.jpeg","datePublished":"2024-07-19T02:33:07+00:00","breadcrumb":{"@id":"https:\/\/deputadotaveirajr.com.br\/index.php\/tentativas-de-feminicidio-no-rn-crescem-88-em-2024-aponta-sesed\/#breadcrumb"},"inLanguage":"pt-BR","potentialAction":[{"@type":"ReadAction","target":["https:\/\/deputadotaveirajr.com.br\/index.php\/tentativas-de-feminicidio-no-rn-crescem-88-em-2024-aponta-sesed\/"]}]},{"@type":"ImageObject","inLanguage":"pt-BR","@id":"https:\/\/deputadotaveirajr.com.br\/index.php\/tentativas-de-feminicidio-no-rn-crescem-88-em-2024-aponta-sesed\/#primaryimage","url":"https:\/\/deputadotaveirajr.com.br\/wp-content\/uploads\/2024\/07\/mulher-deprimida-com-efeito-de-vidro-rachado-5YFxvE-scaled.jpeg","contentUrl":"https:\/\/deputadotaveirajr.com.br\/wp-content\/uploads\/2024\/07\/mulher-deprimida-com-efeito-de-vidro-rachado-5YFxvE-scaled.jpeg","width":2560,"height":1707},{"@type":"BreadcrumbList","@id":"https:\/\/deputadotaveirajr.com.br\/index.php\/tentativas-de-feminicidio-no-rn-crescem-88-em-2024-aponta-sesed\/#breadcrumb","itemListElement":[{"@type":"ListItem","position":1,"name":"In\u00edcio","item":"https:\/\/deputadotaveirajr.com.br\/"},{"@type":"ListItem","position":2,"name":"Tentativas de feminic\u00eddio no RN crescem 88% em 2024, aponta Sesed"}]},{"@type":"WebSite","@id":"https:\/\/deputadotaveirajr.com.br\/#website","url":"https:\/\/deputadotaveirajr.com.br\/","name":"Taveira Jr","description":"Deputado Estadual","publisher":{"@id":"https:\/\/deputadotaveirajr.com.br\/#organization"},"potentialAction":[{"@type":"SearchAction","target":{"@type":"EntryPoint","urlTemplate":"https:\/\/deputadotaveirajr.com.br\/?s={search_term_string}"},"query-input":{"@type":"PropertyValueSpecification","valueRequired":true,"valueName":"search_term_string"}}],"inLanguage":"pt-BR"},{"@type":"Organization","@id":"https:\/\/deputadotaveirajr.com.br\/#organization","name":"Taveira Jr","url":"https:\/\/deputadotaveirajr.com.br\/","logo":{"@type":"ImageObject","inLanguage":"pt-BR","@id":"https:\/\/deputadotaveirajr.com.br\/#\/schema\/logo\/image\/","url":"https:\/\/deputadotaveirajr.com.br\/wp-content\/uploads\/2026\/01\/logolow2a.png","contentUrl":"https:\/\/deputadotaveirajr.com.br\/wp-content\/uploads\/2026\/01\/logolow2a.png","width":290,"height":80,"caption":"Taveira Jr"},"image":{"@id":"https:\/\/deputadotaveirajr.com.br\/#\/schema\/logo\/image\/"}}]}},"_links":{"self":[{"href":"https:\/\/deputadotaveirajr.com.br\/index.php\/wp-json\/wp\/v2\/pages\/7885","targetHints":{"allow":["GET"]}}],"collection":[{"href":"https:\/\/deputadotaveirajr.com.br\/index.php\/wp-json\/wp\/v2\/pages"}],"about":[{"href":"https:\/\/deputadotaveirajr.com.br\/index.php\/wp-json\/wp\/v2\/types\/page"}],"replies":[{"embeddable":true,"href":"https:\/\/deputadotaveirajr.com.br\/index.php\/wp-json\/wp\/v2\/comments?post=7885"}],"version-history":[{"count":1,"href":"https:\/\/deputadotaveirajr.com.br\/index.php\/wp-json\/wp\/v2\/pages\/7885\/revisions"}],"predecessor-version":[{"id":7888,"href":"https:\/\/deputadotaveirajr.com.br\/index.php\/wp-json\/wp\/v2\/pages\/7885\/revisions\/7888"}],"wp:featuredmedia":[{"embeddable":true,"href":"https:\/\/deputadotaveirajr.com.br\/index.php\/wp-json\/wp\/v2\/media\/7886"}],"wp:attachment":[{"href":"https:\/\/deputadotaveirajr.com.br\/index.php\/wp-json\/wp\/v2\/media?parent=7885"}],"curies":[{"name":"wp","href":"https:\/\/api.w.org\/{rel}","templated":true}]}}