{"id":7910,"date":"2024-07-19T20:39:51","date_gmt":"2024-07-19T23:39:51","guid":{"rendered":"https:\/\/deputadotaveirajr.com.br\/?page_id=7910"},"modified":"2024-07-19T20:39:51","modified_gmt":"2024-07-19T23:39:51","slug":"quatro-mulheres-suspeitas-de-homicidio-sao-presas-na-grande-natal","status":"publish","type":"page","link":"https:\/\/deputadotaveirajr.com.br\/index.php\/quatro-mulheres-suspeitas-de-homicidio-sao-presas-na-grande-natal\/","title":{"rendered":"Quatro mulheres suspeitas de homic\u00eddio s\u00e3o presas na Grande Natal"},"content":{"rendered":"<p>     Investiga\u00e7\u00f5es apontam que as suspeitas mataram homem que teria realizado uma a\u00e7\u00e3o criminosa no bairro Passagem de Areia, em Parnamirim.  Quatro mulheres suspeitas de homic\u00eddio s\u00e3o presas na Grande Natal<br \/>\nReprodu\u00e7\u00e3o\/Pol\u00edcia Civil<br \/>\nQuatro mulheres suspeitas de homic\u00eddio foram presas nesta sexta-feira (19), em Parnamirim, na Grande Natal. Elas tamb\u00e9m devem responder pelos crimes de associa\u00e7\u00e3o criminosa, tortura e c\u00e1rcere privado. Policiais civis da Divis\u00e3o de Homic\u00eddios e Prote\u00e7\u00e3o \u00e0 Pessoa (DHPP) de Parnamirim cumpriram os mandados de pris\u00e3o tempor\u00e1ria e de busca e apreens\u00e3o no bairro Passagem de Areia.<br \/>\n\ud83d\udcf3Participe do canal do g1 RN no WhatsApp<br \/>\nAs investiga\u00e7\u00f5es apontam que as suspeitas cometeram o homic\u00eddio como forma de punir homem que teria realizado uma a\u00e7\u00e3o criminosa no bairro Passagem de Areia.<br \/>\nDe acordo com a Pol\u00edcia Civil, a v\u00edtima estava acompanhada de familiares, que, na oportunidade, foram mantidos em c\u00e1rcere privado, sem acesso \u00e0 comida e \u00e1gua.<br \/>\nAs quatro mulheres foram conduzidas \u00e0 delegacia para a realiza\u00e7\u00e3o dos procedimentos legais e, em seguida, encaminhadas ao sistema prisional, onde permanecer\u00e3o \u00e0 disposi\u00e7\u00e3o da Justi\u00e7a.<br \/>\nV\u00eddeos mais assistidos do g1 RN<br \/>\nUm carro SUV, do modelo Jeep Compass, conduzido pelo deputado estadual Luiz Eduardo Marinho, colidiu com um caminh\u00e3o. Ele teve ferimentos leves. Uma carreta de combust\u00edvel tamb\u00e9m e<\/p>","protected":false},"excerpt":{"rendered":"<p>Investiga\u00e7\u00f5es apontam que as suspeitas mataram homem que teria realizado uma a\u00e7\u00e3o criminosa no bairro Passagem de Areia, em Parnamirim. Quatro mulheres suspeitas de homic\u00eddio s\u00e3o presas na Grande Natal &#8230;<\/p>\n","protected":false},"author":0,"featured_media":7911,"parent":0,"menu_order":0,"comment_status":"closed","ping_status":"closed","template":"","meta":{"footnotes":""},"class_list":["post-7910","page","type-page","status-publish","has-post-thumbnail","hentry"],"yoast_head":"<!-- This site is optimized with the Yoast SEO plugin v27.1.1 - https:\/\/yoast.com\/product\/yoast-seo-wordpress\/ -->\n<title>Quatro mulheres suspeitas de homic\u00eddio s\u00e3o presas na Grande Natal - Taveira Jr<\/title>\n<meta name=\"robots\" content=\"index, follow, max-snippet:-1, max-image-preview:large, max-video-preview:-1\" \/>\n<link rel=\"canonical\" href=\"https:\/\/deputadotaveirajr.com.br\/index.php\/quatro-mulheres-suspeitas-de-homicidio-sao-presas-na-grande-natal\/\" \/>\n<meta property=\"og:locale\" content=\"pt_BR\" \/>\n<meta property=\"og:type\" content=\"article\" \/>\n<meta property=\"og:title\" content=\"Quatro mulheres suspeitas de homic\u00eddio s\u00e3o presas na Grande Natal - Taveira Jr\" \/>\n<meta property=\"og:description\" content=\"Investiga\u00e7\u00f5es apontam que as suspeitas mataram homem que teria realizado uma a\u00e7\u00e3o criminosa no bairro Passagem de Areia, em Parnamirim. Quatro mulheres suspeitas de homic\u00eddio s\u00e3o presas na Grande Natal ...\" \/>\n<meta property=\"og:url\" content=\"https:\/\/deputadotaveirajr.com.br\/index.php\/quatro-mulheres-suspeitas-de-homicidio-sao-presas-na-grande-natal\/\" \/>\n<meta property=\"og:site_name\" content=\"Taveira Jr\" \/>\n<meta property=\"og:image\" content=\"https:\/\/deputadotaveirajr.com.br\/wp-content\/uploads\/2024\/07\/cime-X0jZMo.jpeg\" \/>\n\t<meta property=\"og:image:width\" content=\"1366\" \/>\n\t<meta property=\"og:image:height\" content=\"768\" \/>\n\t<meta property=\"og:image:type\" content=\"image\/jpeg\" \/>\n<meta name=\"twitter:card\" content=\"summary_large_image\" \/>\n<meta name=\"twitter:label1\" content=\"Est. tempo de leitura\" \/>\n\t<meta name=\"twitter:data1\" content=\"1 minuto\" \/>\n<script type=\"application\/ld+json\" class=\"yoast-schema-graph\">{\"@context\":\"https:\/\/schema.org\",\"@graph\":[{\"@type\":\"WebPage\",\"@id\":\"https:\/\/deputadotaveirajr.com.br\/index.php\/quatro-mulheres-suspeitas-de-homicidio-sao-presas-na-grande-natal\/\",\"url\":\"https:\/\/deputadotaveirajr.com.br\/index.php\/quatro-mulheres-suspeitas-de-homicidio-sao-presas-na-grande-natal\/\",\"name\":\"Quatro mulheres suspeitas de homic\u00eddio s\u00e3o presas na Grande Natal - Taveira Jr\",\"isPartOf\":{\"@id\":\"https:\/\/deputadotaveirajr.com.br\/#website\"},\"primaryImageOfPage\":{\"@id\":\"https:\/\/deputadotaveirajr.com.br\/index.php\/quatro-mulheres-suspeitas-de-homicidio-sao-presas-na-grande-natal\/#primaryimage\"},\"image\":{\"@id\":\"https:\/\/deputadotaveirajr.com.br\/index.php\/quatro-mulheres-suspeitas-de-homicidio-sao-presas-na-grande-natal\/#primaryimage\"},\"thumbnailUrl\":\"https:\/\/deputadotaveirajr.com.br\/wp-content\/uploads\/2024\/07\/cime-X0jZMo.jpeg\",\"datePublished\":\"2024-07-19T23:39:51+00:00\",\"breadcrumb\":{\"@id\":\"https:\/\/deputadotaveirajr.com.br\/index.php\/quatro-mulheres-suspeitas-de-homicidio-sao-presas-na-grande-natal\/#breadcrumb\"},\"inLanguage\":\"pt-BR\",\"potentialAction\":[{\"@type\":\"ReadAction\",\"target\":[\"https:\/\/deputadotaveirajr.com.br\/index.php\/quatro-mulheres-suspeitas-de-homicidio-sao-presas-na-grande-natal\/\"]}]},{\"@type\":\"ImageObject\",\"inLanguage\":\"pt-BR\",\"@id\":\"https:\/\/deputadotaveirajr.com.br\/index.php\/quatro-mulheres-suspeitas-de-homicidio-sao-presas-na-grande-natal\/#primaryimage\",\"url\":\"https:\/\/deputadotaveirajr.com.br\/wp-content\/uploads\/2024\/07\/cime-X0jZMo.jpeg\",\"contentUrl\":\"https:\/\/deputadotaveirajr.com.br\/wp-content\/uploads\/2024\/07\/cime-X0jZMo.jpeg\",\"width\":1366,\"height\":768},{\"@type\":\"BreadcrumbList\",\"@id\":\"https:\/\/deputadotaveirajr.com.br\/index.php\/quatro-mulheres-suspeitas-de-homicidio-sao-presas-na-grande-natal\/#breadcrumb\",\"itemListElement\":[{\"@type\":\"ListItem\",\"position\":1,\"name\":\"In\u00edcio\",\"item\":\"https:\/\/deputadotaveirajr.com.br\/\"},{\"@type\":\"ListItem\",\"position\":2,\"name\":\"Quatro mulheres suspeitas de homic\u00eddio s\u00e3o presas na Grande Natal\"}]},{\"@type\":\"WebSite\",\"@id\":\"https:\/\/deputadotaveirajr.com.br\/#website\",\"url\":\"https:\/\/deputadotaveirajr.com.br\/\",\"name\":\"Taveira Jr\",\"description\":\"Deputado Estadual\",\"publisher\":{\"@id\":\"https:\/\/deputadotaveirajr.com.br\/#organization\"},\"potentialAction\":[{\"@type\":\"SearchAction\",\"target\":{\"@type\":\"EntryPoint\",\"urlTemplate\":\"https:\/\/deputadotaveirajr.com.br\/?s={search_term_string}\"},\"query-input\":{\"@type\":\"PropertyValueSpecification\",\"valueRequired\":true,\"valueName\":\"search_term_string\"}}],\"inLanguage\":\"pt-BR\"},{\"@type\":\"Organization\",\"@id\":\"https:\/\/deputadotaveirajr.com.br\/#organization\",\"name\":\"Taveira Jr\",\"url\":\"https:\/\/deputadotaveirajr.com.br\/\",\"logo\":{\"@type\":\"ImageObject\",\"inLanguage\":\"pt-BR\",\"@id\":\"https:\/\/deputadotaveirajr.com.br\/#\/schema\/logo\/image\/\",\"url\":\"https:\/\/deputadotaveirajr.com.br\/wp-content\/uploads\/2026\/01\/logolow2a.png\",\"contentUrl\":\"https:\/\/deputadotaveirajr.com.br\/wp-content\/uploads\/2026\/01\/logolow2a.png\",\"width\":290,\"height\":80,\"caption\":\"Taveira Jr\"},\"image\":{\"@id\":\"https:\/\/deputadotaveirajr.com.br\/#\/schema\/logo\/image\/\"}}]}<\/script>\n<!-- \/ Yoast SEO plugin. -->","yoast_head_json":{"title":"Quatro mulheres suspeitas de homic\u00eddio s\u00e3o presas na Grande Natal - Taveira Jr","robots":{"index":"index","follow":"follow","max-snippet":"max-snippet:-1","max-image-preview":"max-image-preview:large","max-video-preview":"max-video-preview:-1"},"canonical":"https:\/\/deputadotaveirajr.com.br\/index.php\/quatro-mulheres-suspeitas-de-homicidio-sao-presas-na-grande-natal\/","og_locale":"pt_BR","og_type":"article","og_title":"Quatro mulheres suspeitas de homic\u00eddio s\u00e3o presas na Grande Natal - Taveira Jr","og_description":"Investiga\u00e7\u00f5es apontam que as suspeitas mataram homem que teria realizado uma a\u00e7\u00e3o criminosa no bairro Passagem de Areia, em Parnamirim. Quatro mulheres suspeitas de homic\u00eddio s\u00e3o presas na Grande Natal ...","og_url":"https:\/\/deputadotaveirajr.com.br\/index.php\/quatro-mulheres-suspeitas-de-homicidio-sao-presas-na-grande-natal\/","og_site_name":"Taveira Jr","og_image":[{"width":1366,"height":768,"url":"https:\/\/deputadotaveirajr.com.br\/wp-content\/uploads\/2024\/07\/cime-X0jZMo.jpeg","type":"image\/jpeg"}],"twitter_card":"summary_large_image","twitter_misc":{"Est. tempo de leitura":"1 minuto"},"schema":{"@context":"https:\/\/schema.org","@graph":[{"@type":"WebPage","@id":"https:\/\/deputadotaveirajr.com.br\/index.php\/quatro-mulheres-suspeitas-de-homicidio-sao-presas-na-grande-natal\/","url":"https:\/\/deputadotaveirajr.com.br\/index.php\/quatro-mulheres-suspeitas-de-homicidio-sao-presas-na-grande-natal\/","name":"Quatro mulheres suspeitas de homic\u00eddio s\u00e3o presas na Grande Natal - Taveira Jr","isPartOf":{"@id":"https:\/\/deputadotaveirajr.com.br\/#website"},"primaryImageOfPage":{"@id":"https:\/\/deputadotaveirajr.com.br\/index.php\/quatro-mulheres-suspeitas-de-homicidio-sao-presas-na-grande-natal\/#primaryimage"},"image":{"@id":"https:\/\/deputadotaveirajr.com.br\/index.php\/quatro-mulheres-suspeitas-de-homicidio-sao-presas-na-grande-natal\/#primaryimage"},"thumbnailUrl":"https:\/\/deputadotaveirajr.com.br\/wp-content\/uploads\/2024\/07\/cime-X0jZMo.jpeg","datePublished":"2024-07-19T23:39:51+00:00","breadcrumb":{"@id":"https:\/\/deputadotaveirajr.com.br\/index.php\/quatro-mulheres-suspeitas-de-homicidio-sao-presas-na-grande-natal\/#breadcrumb"},"inLanguage":"pt-BR","potentialAction":[{"@type":"ReadAction","target":["https:\/\/deputadotaveirajr.com.br\/index.php\/quatro-mulheres-suspeitas-de-homicidio-sao-presas-na-grande-natal\/"]}]},{"@type":"ImageObject","inLanguage":"pt-BR","@id":"https:\/\/deputadotaveirajr.com.br\/index.php\/quatro-mulheres-suspeitas-de-homicidio-sao-presas-na-grande-natal\/#primaryimage","url":"https:\/\/deputadotaveirajr.com.br\/wp-content\/uploads\/2024\/07\/cime-X0jZMo.jpeg","contentUrl":"https:\/\/deputadotaveirajr.com.br\/wp-content\/uploads\/2024\/07\/cime-X0jZMo.jpeg","width":1366,"height":768},{"@type":"BreadcrumbList","@id":"https:\/\/deputadotaveirajr.com.br\/index.php\/quatro-mulheres-suspeitas-de-homicidio-sao-presas-na-grande-natal\/#breadcrumb","itemListElement":[{"@type":"ListItem","position":1,"name":"In\u00edcio","item":"https:\/\/deputadotaveirajr.com.br\/"},{"@type":"ListItem","position":2,"name":"Quatro mulheres suspeitas de homic\u00eddio s\u00e3o presas na Grande Natal"}]},{"@type":"WebSite","@id":"https:\/\/deputadotaveirajr.com.br\/#website","url":"https:\/\/deputadotaveirajr.com.br\/","name":"Taveira Jr","description":"Deputado Estadual","publisher":{"@id":"https:\/\/deputadotaveirajr.com.br\/#organization"},"potentialAction":[{"@type":"SearchAction","target":{"@type":"EntryPoint","urlTemplate":"https:\/\/deputadotaveirajr.com.br\/?s={search_term_string}"},"query-input":{"@type":"PropertyValueSpecification","valueRequired":true,"valueName":"search_term_string"}}],"inLanguage":"pt-BR"},{"@type":"Organization","@id":"https:\/\/deputadotaveirajr.com.br\/#organization","name":"Taveira Jr","url":"https:\/\/deputadotaveirajr.com.br\/","logo":{"@type":"ImageObject","inLanguage":"pt-BR","@id":"https:\/\/deputadotaveirajr.com.br\/#\/schema\/logo\/image\/","url":"https:\/\/deputadotaveirajr.com.br\/wp-content\/uploads\/2026\/01\/logolow2a.png","contentUrl":"https:\/\/deputadotaveirajr.com.br\/wp-content\/uploads\/2026\/01\/logolow2a.png","width":290,"height":80,"caption":"Taveira Jr"},"image":{"@id":"https:\/\/deputadotaveirajr.com.br\/#\/schema\/logo\/image\/"}}]}},"_links":{"self":[{"href":"https:\/\/deputadotaveirajr.com.br\/index.php\/wp-json\/wp\/v2\/pages\/7910","targetHints":{"allow":["GET"]}}],"collection":[{"href":"https:\/\/deputadotaveirajr.com.br\/index.php\/wp-json\/wp\/v2\/pages"}],"about":[{"href":"https:\/\/deputadotaveirajr.com.br\/index.php\/wp-json\/wp\/v2\/types\/page"}],"replies":[{"embeddable":true,"href":"https:\/\/deputadotaveirajr.com.br\/index.php\/wp-json\/wp\/v2\/comments?post=7910"}],"version-history":[{"count":1,"href":"https:\/\/deputadotaveirajr.com.br\/index.php\/wp-json\/wp\/v2\/pages\/7910\/revisions"}],"predecessor-version":[{"id":7921,"href":"https:\/\/deputadotaveirajr.com.br\/index.php\/wp-json\/wp\/v2\/pages\/7910\/revisions\/7921"}],"wp:featuredmedia":[{"embeddable":true,"href":"https:\/\/deputadotaveirajr.com.br\/index.php\/wp-json\/wp\/v2\/media\/7911"}],"wp:attachment":[{"href":"https:\/\/deputadotaveirajr.com.br\/index.php\/wp-json\/wp\/v2\/media?parent=7910"}],"curies":[{"name":"wp","href":"https:\/\/api.w.org\/{rel}","templated":true}]}}