{"id":7966,"date":"2024-07-22T15:30:18","date_gmt":"2024-07-22T18:30:18","guid":{"rendered":"https:\/\/deputadotaveirajr.com.br\/?page_id=7966"},"modified":"2024-07-22T15:30:18","modified_gmt":"2024-07-22T18:30:18","slug":"secretaria-de-saude-reforca-vigilancia-da-febre-do-oropouche-no-rn","status":"publish","type":"page","link":"https:\/\/deputadotaveirajr.com.br\/index.php\/secretaria-de-saude-reforca-vigilancia-da-febre-do-oropouche-no-rn\/","title":{"rendered":"Secretaria de Sa\u00fade refor\u00e7a vigil\u00e2ncia da Febre do Oropouche no RN"},"content":{"rendered":"<p>     Doen\u00e7a viral \u00e9 transmitida pelo inseto conhecido popularmente como maruim e j\u00e1 foi registrada em 16 estados do pa\u00eds. Sintomas s\u00e3o parecidos com os de dengue e chikungunya. Febre Oropouche \u00e9 causada pelo mosquito maruim (mosquito-p\u00f3lvora ou borrachudo)<br \/>\nReprodu\u00e7\u00e3o\/SES<br \/>\nA Secretaria de Estado da Sa\u00fade P\u00fablica (Sesap) refor\u00e7ou a vigil\u00e2ncia da Febre do Oropouche no Rio Grande do Norte. De acordo com a Sesap, a medida foi necess\u00e1ria em virtude do cen\u00e1rio nacional com 16 estados com casos confirmados da doen\u00e7a.<br \/>\nAt\u00e9 o momento, no RN n\u00e3o h\u00e1 casos confirmados da Febre do Oropouche. A doen\u00e7a \u00e9 causada por um arbov\u00edrus e tem sintomas muito parecidos com os de dengue e chikungunya, como dores de cabe\u00e7a, musculares e articulares, n\u00e1usea e diarreia. Por conta disso, o diagn\u00f3stico laboratorial \u00e9 fundamental para o acompanhamento dos casos.<br \/>\n\ud83d\udcf3Participe do canal do g1 RN no WhatsApp<br \/>\nNo in\u00edcio de junho a Sesap, por meio do Laborat\u00f3rio Central do RN (Lacen-RN), iniciou a testagem de amostras aleat\u00f3rias tomadas a partir de casos que eram suspeitos para dengue, chikungunya ou zika v\u00edrus e n\u00e3o apontaram como positivos.<br \/>\nEm meados de junho, a Sesap emitiu uma nota t\u00e9cnica a todos os munic\u00edpios potiguares tratando das a\u00e7\u00f5es de vigil\u00e2ncia necess\u00e1rias para a doen\u00e7a.<br \/>\nLEIA TAMB\u00c9M:<br \/>\nO que \u00e9 a febre oropouche? Entenda a doen\u00e7a que tem sintomas parecidos com a dengue<br \/>\nFebre Oropouche: sobe para 824 o n\u00famero de casos na Bahia<br \/>\n\u201cA febre de Oroupuche \u00e9 uma doen\u00e7a j\u00e1 conhecida pelos profissionais da Regi\u00e3o Amaz\u00f4nica e, nos \u00faltimos meses, foram identificados casos em regi\u00f5es n\u00e3o end\u00eamicas. Por isso, desde ent\u00e3o estamos realizando uma vigil\u00e2ncia ativa, desde uma busca retrospectiva, por meio dos testes no Lacen, como proativa, na libera\u00e7\u00e3o de notas t\u00e9cnicas informativas e treinamento de equipes\u201d, explica Diana Rego, coordenadora de vigil\u00e2ncia em sa\u00fade da Sesap.<br \/>\nA transmiss\u00e3o da doen\u00e7a \u00e9 feita principalmente por mosquitos, em especial o Culicoides paraenses, popularmente conhecido como maruim. O per\u00edodo de incuba\u00e7\u00e3o do v\u00edrus pode variar de 3 a 8 dias, com ele permanecendo no sangue por 2 a 5 dias ap\u00f3s o in\u00edcio dos sintomas.<br \/>\nA orienta\u00e7\u00e3o quanto ao tratamento da doen\u00e7a \u00e9 repouso e cuidados dos sintomas, com acompanhamento m\u00e9dico. O per\u00edodo de incuba\u00e7\u00e3o do v\u00edrus pode variar de tr\u00eas a oito dias, com ele permanecendo no sangue por dois a cinco dias ap\u00f3s o in\u00edcio dos sintomas. A fase aguda da doen\u00e7a geralmente dura de dois a sete dias.<br \/>\nA principal medida de preven\u00e7\u00e3o deve ser evitar \u00e1reas com maruim. Caso esteja neste tipo de local, usar roupas que cubram a maior parte do corpo e repelentes nas \u00e1reas expostas; tal qual na dengue, manter a casa livre de criadouros de mosquitos. Para amenizar os ataques as pessoas podem adotar medidas preventivas como: \u00f3leos a base de citronela, cravo e folhas de neem aplicado no ambiente; telas de prote\u00e7\u00e3o nas portas e janelas das casas e escolas; elimina\u00e7\u00e3o de mat\u00e9ria org\u00e2nica nas imedia\u00e7\u00f5es das propriedades.<br \/>\nAs medidas visam diminuir a prolifera\u00e7\u00e3o do mosquito, incluindo a elimina\u00e7\u00e3o de locais onde eles se reproduzem e descansam, como \u00e1reas \u00famidas e ricas em mat\u00e9ria org\u00e2nica. A limpeza urbana, o saneamento e o uso de repelentes s\u00e3o essenciais para o controle do vetor.<\/p>","protected":false},"excerpt":{"rendered":"<p>Doen\u00e7a viral \u00e9 transmitida pelo inseto conhecido popularmente como maruim e j\u00e1 foi registrada em 16 estados do pa\u00eds. Sintomas s\u00e3o parecidos com os de dengue e chikungunya. Febre Oropouche &#8230;<\/p>\n","protected":false},"author":0,"featured_media":7967,"parent":0,"menu_order":0,"comment_status":"closed","ping_status":"closed","template":"","meta":{"footnotes":""},"class_list":["post-7966","page","type-page","status-publish","has-post-thumbnail","hentry"],"yoast_head":"<!-- This site is optimized with the Yoast SEO plugin v27.1.1 - https:\/\/yoast.com\/product\/yoast-seo-wordpress\/ -->\n<title>Secretaria de Sa\u00fade refor\u00e7a vigil\u00e2ncia da Febre do Oropouche no RN - Taveira Jr<\/title>\n<meta name=\"robots\" content=\"index, follow, max-snippet:-1, max-image-preview:large, max-video-preview:-1\" \/>\n<link rel=\"canonical\" href=\"https:\/\/deputadotaveirajr.com.br\/index.php\/secretaria-de-saude-reforca-vigilancia-da-febre-do-oropouche-no-rn\/\" \/>\n<meta property=\"og:locale\" content=\"pt_BR\" \/>\n<meta property=\"og:type\" content=\"article\" \/>\n<meta property=\"og:title\" content=\"Secretaria de Sa\u00fade refor\u00e7a vigil\u00e2ncia da Febre do Oropouche no RN - Taveira Jr\" \/>\n<meta property=\"og:description\" content=\"Doen\u00e7a viral \u00e9 transmitida pelo inseto conhecido popularmente como maruim e j\u00e1 foi registrada em 16 estados do pa\u00eds. Sintomas s\u00e3o parecidos com os de dengue e chikungunya. Febre Oropouche ...\" \/>\n<meta property=\"og:url\" content=\"https:\/\/deputadotaveirajr.com.br\/index.php\/secretaria-de-saude-reforca-vigilancia-da-febre-do-oropouche-no-rn\/\" \/>\n<meta property=\"og:site_name\" content=\"Taveira Jr\" \/>\n<meta property=\"og:image\" content=\"https:\/\/deputadotaveirajr.com.br\/wp-content\/uploads\/2024\/07\/captura-de-tela-2024-06-25-132014png-1-JEXCNf.jpeg\" \/>\n\t<meta property=\"og:image:width\" content=\"880\" \/>\n\t<meta property=\"og:image:height\" content=\"548\" \/>\n\t<meta property=\"og:image:type\" content=\"image\/jpeg\" \/>\n<meta name=\"twitter:card\" content=\"summary_large_image\" \/>\n<meta name=\"twitter:label1\" content=\"Est. tempo de leitura\" \/>\n\t<meta name=\"twitter:data1\" content=\"3 minutos\" \/>\n<script type=\"application\/ld+json\" class=\"yoast-schema-graph\">{\"@context\":\"https:\/\/schema.org\",\"@graph\":[{\"@type\":\"WebPage\",\"@id\":\"https:\/\/deputadotaveirajr.com.br\/index.php\/secretaria-de-saude-reforca-vigilancia-da-febre-do-oropouche-no-rn\/\",\"url\":\"https:\/\/deputadotaveirajr.com.br\/index.php\/secretaria-de-saude-reforca-vigilancia-da-febre-do-oropouche-no-rn\/\",\"name\":\"Secretaria de Sa\u00fade refor\u00e7a vigil\u00e2ncia da Febre do Oropouche no RN - Taveira Jr\",\"isPartOf\":{\"@id\":\"https:\/\/deputadotaveirajr.com.br\/#website\"},\"primaryImageOfPage\":{\"@id\":\"https:\/\/deputadotaveirajr.com.br\/index.php\/secretaria-de-saude-reforca-vigilancia-da-febre-do-oropouche-no-rn\/#primaryimage\"},\"image\":{\"@id\":\"https:\/\/deputadotaveirajr.com.br\/index.php\/secretaria-de-saude-reforca-vigilancia-da-febre-do-oropouche-no-rn\/#primaryimage\"},\"thumbnailUrl\":\"https:\/\/deputadotaveirajr.com.br\/wp-content\/uploads\/2024\/07\/captura-de-tela-2024-06-25-132014png-1-JEXCNf.jpeg\",\"datePublished\":\"2024-07-22T18:30:18+00:00\",\"breadcrumb\":{\"@id\":\"https:\/\/deputadotaveirajr.com.br\/index.php\/secretaria-de-saude-reforca-vigilancia-da-febre-do-oropouche-no-rn\/#breadcrumb\"},\"inLanguage\":\"pt-BR\",\"potentialAction\":[{\"@type\":\"ReadAction\",\"target\":[\"https:\/\/deputadotaveirajr.com.br\/index.php\/secretaria-de-saude-reforca-vigilancia-da-febre-do-oropouche-no-rn\/\"]}]},{\"@type\":\"ImageObject\",\"inLanguage\":\"pt-BR\",\"@id\":\"https:\/\/deputadotaveirajr.com.br\/index.php\/secretaria-de-saude-reforca-vigilancia-da-febre-do-oropouche-no-rn\/#primaryimage\",\"url\":\"https:\/\/deputadotaveirajr.com.br\/wp-content\/uploads\/2024\/07\/captura-de-tela-2024-06-25-132014png-1-JEXCNf.jpeg\",\"contentUrl\":\"https:\/\/deputadotaveirajr.com.br\/wp-content\/uploads\/2024\/07\/captura-de-tela-2024-06-25-132014png-1-JEXCNf.jpeg\",\"width\":880,\"height\":548},{\"@type\":\"BreadcrumbList\",\"@id\":\"https:\/\/deputadotaveirajr.com.br\/index.php\/secretaria-de-saude-reforca-vigilancia-da-febre-do-oropouche-no-rn\/#breadcrumb\",\"itemListElement\":[{\"@type\":\"ListItem\",\"position\":1,\"name\":\"In\u00edcio\",\"item\":\"https:\/\/deputadotaveirajr.com.br\/\"},{\"@type\":\"ListItem\",\"position\":2,\"name\":\"Secretaria de Sa\u00fade refor\u00e7a vigil\u00e2ncia da Febre do Oropouche no RN\"}]},{\"@type\":\"WebSite\",\"@id\":\"https:\/\/deputadotaveirajr.com.br\/#website\",\"url\":\"https:\/\/deputadotaveirajr.com.br\/\",\"name\":\"Taveira Jr\",\"description\":\"Deputado Estadual\",\"publisher\":{\"@id\":\"https:\/\/deputadotaveirajr.com.br\/#organization\"},\"potentialAction\":[{\"@type\":\"SearchAction\",\"target\":{\"@type\":\"EntryPoint\",\"urlTemplate\":\"https:\/\/deputadotaveirajr.com.br\/?s={search_term_string}\"},\"query-input\":{\"@type\":\"PropertyValueSpecification\",\"valueRequired\":true,\"valueName\":\"search_term_string\"}}],\"inLanguage\":\"pt-BR\"},{\"@type\":\"Organization\",\"@id\":\"https:\/\/deputadotaveirajr.com.br\/#organization\",\"name\":\"Taveira Jr\",\"url\":\"https:\/\/deputadotaveirajr.com.br\/\",\"logo\":{\"@type\":\"ImageObject\",\"inLanguage\":\"pt-BR\",\"@id\":\"https:\/\/deputadotaveirajr.com.br\/#\/schema\/logo\/image\/\",\"url\":\"https:\/\/deputadotaveirajr.com.br\/wp-content\/uploads\/2026\/01\/logolow2a.png\",\"contentUrl\":\"https:\/\/deputadotaveirajr.com.br\/wp-content\/uploads\/2026\/01\/logolow2a.png\",\"width\":290,\"height\":80,\"caption\":\"Taveira Jr\"},\"image\":{\"@id\":\"https:\/\/deputadotaveirajr.com.br\/#\/schema\/logo\/image\/\"}}]}<\/script>\n<!-- \/ Yoast SEO plugin. -->","yoast_head_json":{"title":"Secretaria de Sa\u00fade refor\u00e7a vigil\u00e2ncia da Febre do Oropouche no RN - Taveira Jr","robots":{"index":"index","follow":"follow","max-snippet":"max-snippet:-1","max-image-preview":"max-image-preview:large","max-video-preview":"max-video-preview:-1"},"canonical":"https:\/\/deputadotaveirajr.com.br\/index.php\/secretaria-de-saude-reforca-vigilancia-da-febre-do-oropouche-no-rn\/","og_locale":"pt_BR","og_type":"article","og_title":"Secretaria de Sa\u00fade refor\u00e7a vigil\u00e2ncia da Febre do Oropouche no RN - Taveira Jr","og_description":"Doen\u00e7a viral \u00e9 transmitida pelo inseto conhecido popularmente como maruim e j\u00e1 foi registrada em 16 estados do pa\u00eds. Sintomas s\u00e3o parecidos com os de dengue e chikungunya. Febre Oropouche ...","og_url":"https:\/\/deputadotaveirajr.com.br\/index.php\/secretaria-de-saude-reforca-vigilancia-da-febre-do-oropouche-no-rn\/","og_site_name":"Taveira Jr","og_image":[{"width":880,"height":548,"url":"https:\/\/deputadotaveirajr.com.br\/wp-content\/uploads\/2024\/07\/captura-de-tela-2024-06-25-132014png-1-JEXCNf.jpeg","type":"image\/jpeg"}],"twitter_card":"summary_large_image","twitter_misc":{"Est. tempo de leitura":"3 minutos"},"schema":{"@context":"https:\/\/schema.org","@graph":[{"@type":"WebPage","@id":"https:\/\/deputadotaveirajr.com.br\/index.php\/secretaria-de-saude-reforca-vigilancia-da-febre-do-oropouche-no-rn\/","url":"https:\/\/deputadotaveirajr.com.br\/index.php\/secretaria-de-saude-reforca-vigilancia-da-febre-do-oropouche-no-rn\/","name":"Secretaria de Sa\u00fade refor\u00e7a vigil\u00e2ncia da Febre do Oropouche no RN - Taveira Jr","isPartOf":{"@id":"https:\/\/deputadotaveirajr.com.br\/#website"},"primaryImageOfPage":{"@id":"https:\/\/deputadotaveirajr.com.br\/index.php\/secretaria-de-saude-reforca-vigilancia-da-febre-do-oropouche-no-rn\/#primaryimage"},"image":{"@id":"https:\/\/deputadotaveirajr.com.br\/index.php\/secretaria-de-saude-reforca-vigilancia-da-febre-do-oropouche-no-rn\/#primaryimage"},"thumbnailUrl":"https:\/\/deputadotaveirajr.com.br\/wp-content\/uploads\/2024\/07\/captura-de-tela-2024-06-25-132014png-1-JEXCNf.jpeg","datePublished":"2024-07-22T18:30:18+00:00","breadcrumb":{"@id":"https:\/\/deputadotaveirajr.com.br\/index.php\/secretaria-de-saude-reforca-vigilancia-da-febre-do-oropouche-no-rn\/#breadcrumb"},"inLanguage":"pt-BR","potentialAction":[{"@type":"ReadAction","target":["https:\/\/deputadotaveirajr.com.br\/index.php\/secretaria-de-saude-reforca-vigilancia-da-febre-do-oropouche-no-rn\/"]}]},{"@type":"ImageObject","inLanguage":"pt-BR","@id":"https:\/\/deputadotaveirajr.com.br\/index.php\/secretaria-de-saude-reforca-vigilancia-da-febre-do-oropouche-no-rn\/#primaryimage","url":"https:\/\/deputadotaveirajr.com.br\/wp-content\/uploads\/2024\/07\/captura-de-tela-2024-06-25-132014png-1-JEXCNf.jpeg","contentUrl":"https:\/\/deputadotaveirajr.com.br\/wp-content\/uploads\/2024\/07\/captura-de-tela-2024-06-25-132014png-1-JEXCNf.jpeg","width":880,"height":548},{"@type":"BreadcrumbList","@id":"https:\/\/deputadotaveirajr.com.br\/index.php\/secretaria-de-saude-reforca-vigilancia-da-febre-do-oropouche-no-rn\/#breadcrumb","itemListElement":[{"@type":"ListItem","position":1,"name":"In\u00edcio","item":"https:\/\/deputadotaveirajr.com.br\/"},{"@type":"ListItem","position":2,"name":"Secretaria de Sa\u00fade refor\u00e7a vigil\u00e2ncia da Febre do Oropouche no RN"}]},{"@type":"WebSite","@id":"https:\/\/deputadotaveirajr.com.br\/#website","url":"https:\/\/deputadotaveirajr.com.br\/","name":"Taveira Jr","description":"Deputado Estadual","publisher":{"@id":"https:\/\/deputadotaveirajr.com.br\/#organization"},"potentialAction":[{"@type":"SearchAction","target":{"@type":"EntryPoint","urlTemplate":"https:\/\/deputadotaveirajr.com.br\/?s={search_term_string}"},"query-input":{"@type":"PropertyValueSpecification","valueRequired":true,"valueName":"search_term_string"}}],"inLanguage":"pt-BR"},{"@type":"Organization","@id":"https:\/\/deputadotaveirajr.com.br\/#organization","name":"Taveira Jr","url":"https:\/\/deputadotaveirajr.com.br\/","logo":{"@type":"ImageObject","inLanguage":"pt-BR","@id":"https:\/\/deputadotaveirajr.com.br\/#\/schema\/logo\/image\/","url":"https:\/\/deputadotaveirajr.com.br\/wp-content\/uploads\/2026\/01\/logolow2a.png","contentUrl":"https:\/\/deputadotaveirajr.com.br\/wp-content\/uploads\/2026\/01\/logolow2a.png","width":290,"height":80,"caption":"Taveira Jr"},"image":{"@id":"https:\/\/deputadotaveirajr.com.br\/#\/schema\/logo\/image\/"}}]}},"_links":{"self":[{"href":"https:\/\/deputadotaveirajr.com.br\/index.php\/wp-json\/wp\/v2\/pages\/7966","targetHints":{"allow":["GET"]}}],"collection":[{"href":"https:\/\/deputadotaveirajr.com.br\/index.php\/wp-json\/wp\/v2\/pages"}],"about":[{"href":"https:\/\/deputadotaveirajr.com.br\/index.php\/wp-json\/wp\/v2\/types\/page"}],"replies":[{"embeddable":true,"href":"https:\/\/deputadotaveirajr.com.br\/index.php\/wp-json\/wp\/v2\/comments?post=7966"}],"version-history":[{"count":1,"href":"https:\/\/deputadotaveirajr.com.br\/index.php\/wp-json\/wp\/v2\/pages\/7966\/revisions"}],"predecessor-version":[{"id":7972,"href":"https:\/\/deputadotaveirajr.com.br\/index.php\/wp-json\/wp\/v2\/pages\/7966\/revisions\/7972"}],"wp:featuredmedia":[{"embeddable":true,"href":"https:\/\/deputadotaveirajr.com.br\/index.php\/wp-json\/wp\/v2\/media\/7967"}],"wp:attachment":[{"href":"https:\/\/deputadotaveirajr.com.br\/index.php\/wp-json\/wp\/v2\/media?parent=7966"}],"curies":[{"name":"wp","href":"https:\/\/api.w.org\/{rel}","templated":true}]}}