{"id":7975,"date":"2024-07-22T19:21:51","date_gmt":"2024-07-22T22:21:51","guid":{"rendered":"https:\/\/deputadotaveirajr.com.br\/?page_id=7975"},"modified":"2024-07-22T19:21:51","modified_gmt":"2024-07-22T22:21:51","slug":"documentario-que-conta-historia-do-embolador-de-coco-potiguar-chico-antonio-e-lancado-nesta-terca-23-em-natal","status":"publish","type":"page","link":"https:\/\/deputadotaveirajr.com.br\/index.php\/documentario-que-conta-historia-do-embolador-de-coco-potiguar-chico-antonio-e-lancado-nesta-terca-23-em-natal\/","title":{"rendered":"Document\u00e1rio que conta hist\u00f3ria do embolador de coco potiguar Chico Ant\u00f4nio \u00e9 lan\u00e7ado nesta ter\u00e7a (23) em Natal"},"content":{"rendered":"<p>     Evento acontece no Teatro Alberto Maranh\u00e3o, \u00e0s 20h, e entrada \u00e9 gratuita. Ap\u00f3s exibi\u00e7\u00e3o, haver\u00e1 ainda bate-papo com os diretores da produ\u00e7\u00e3o. Embolador de coco potiguar Chico Ant\u00f4nio<br \/>\nDivulga\u00e7\u00e3o<br \/>\nO document\u00e1rio &#8220;Vamembol\u00e1\u201d, que conta a vida do embolador de coco potiguar Chico Ant\u00f4nio, vai ser lan\u00e7ado nesta ter\u00e7a-feira (23), \u00e0s 20h, no Teatro Alberto Maranh\u00e3o, em Natal. A entrada \u00e9 gratuita.<br \/>\nO filme tem dire\u00e7\u00e3o de Lucila Meirelles e Cid Campos, que estar\u00e3o presentes no evento e v\u00e3o participar de um bate-papo, mediado pelo pesquisador Jo\u00e3o Natal, ap\u00f3s a exibi\u00e7\u00e3o do document\u00e1rio.<br \/>\n\ud83d\udcf3Participe do canal do g1 RN no WhatsApp<br \/>\nChico Ant\u00f4nio ficou conhecido ap\u00f3s ser citado pelo escritor e pesquisador modernista M\u00e1rio de Andrade, que registrou o encontro dos dois, em 1929, no livro \u201cO Turista Aprendiz\u201d. At\u00e9 hoje, no entanto, s\u00e3o poucos os registros sobre a vida e a obra do coquista, principalmente em v\u00eddeo.<br \/>\nO filme apresenta depoimentos de artistas, amigos, familiares e do pr\u00f3prio Chico Ant\u00f4nio &#8211; lembran\u00e7as, impress\u00f5es, sentimentos e mem\u00f3rias &#8211; numa abordagem experimental e musical.<br \/>\nNa dire\u00e7\u00e3o e roteiro de \u201cVamembol\u00e1\u201d, a paulista Lucila Meirelles promoveu voos pelas paisagens das cercanias do engenho Bom Jardim, zona rural de Goianinha, pr\u00f3ximo a Pedro Velho, onde Chico Ant\u00f4nio entoava seus cocos e onde aconteceu o encontro que encantou o escritor M\u00e1rio de Andrade.<br \/>\nPara os diretores do filme, M\u00e1rio de Andrade transformou Chico Ant\u00f4nio num dos s\u00edmbolos do Modernismo, cultuado pela intelectualidade dos anos 30 e 40 como um exemplo do talento do artista popular.<br \/>\nZona rural de Goianinha, no Agreste do estado<br \/>\nDivulga\u00e7\u00e3o<br \/>\nTrilha sonora e depoimentos<br \/>\nA trilha sonora, assinada pelo tamb\u00e9m paulista Cid Campos, transcria os cocos de Chico Ant\u00f4nio, conferindo contemporaneidade \u00e0 marca\u00e7\u00e3o do ganz\u00e1, com remixes e sons eletr\u00f4nicos.<br \/>\nO m\u00fasico e produtor musical experimenta livre sobre registros de fragmentos da voz j\u00e1 cansada de Chico Ant\u00f4nio, em tratamentos sonoros inspirados, programa\u00e7\u00f5es de beats e, em algumas faixas, tocando viol\u00e3o, guitarra, baixo, bateria e teclados.<br \/>\nNo filme, h\u00e1 depoimentos do cantor, multi-instrumentista e pesquisador pernambucano Ant\u00f4nio N\u00f3brega; do neto do embolador Pedro Viana Moreira; e dos amigos Dona Zuleide Jos\u00e9 de Almeida e Seu Braz Luiz de Almeida. Al\u00e9m disso, Chico Ant\u00f4nio aparece contando hist\u00f3rias e lembran\u00e7as, e cantando sozinho com seu ganz\u00e1 e com o parceiro Paul\u00edrio.<br \/>\n&#8220;Produzir um filme sobre Chico Ant\u00f4nio no Rio Grande do Norte \u00e9, antes de tudo, um reconhecimento do valor hist\u00f3rico e cultural de um dos maiores patrim\u00f4nios imateriais da cultura popular do estado. Com uma equipe majoritariamente audiovisual potiguar, esse filme foi uma imers\u00e3o coletiva dessa jornada de cruzamentos entre Chico Ant\u00f4nio e M\u00e1rio de Andrade&#8221;, comentou o o produtor-executivo do document\u00e1rio, Arlindo Bezerra.<br \/>\nServi\u00e7o<br \/>\nO qu\u00ea? Lan\u00e7amento do document\u00e1rio \u201cVamembol\u00e1\u201d, de  Lucila Meirelles e Cid Campos.<br \/>\nOnde? Teatro Alberto Maranh\u00e3o, na Ribeira, em Natal.<br \/>\nQuando? Ter\u00e7a-feira (23), \u00e0s 20h. Bate-papo com os autores ap\u00f3s a exibi\u00e7\u00e3o do filme.<br \/>\nQuanto? Entrada gratuita.<br \/>\nV\u00eddeos mais assistidos do g1 RN<\/p>","protected":false},"excerpt":{"rendered":"<p>Evento acontece no Teatro Alberto Maranh\u00e3o, \u00e0s 20h, e entrada \u00e9 gratuita. Ap\u00f3s exibi\u00e7\u00e3o, haver\u00e1 ainda bate-papo com os diretores da produ\u00e7\u00e3o. Embolador de coco potiguar Chico Ant\u00f4nio Divulga\u00e7\u00e3o O &#8230;<\/p>\n","protected":false},"author":0,"featured_media":7976,"parent":0,"menu_order":0,"comment_status":"closed","ping_status":"closed","template":"","meta":{"footnotes":""},"class_list":["post-7975","page","type-page","status-publish","has-post-thumbnail","hentry"],"yoast_head":"<!-- This site is optimized with the Yoast SEO plugin v27.1.1 - https:\/\/yoast.com\/product\/yoast-seo-wordpress\/ -->\n<title>Document\u00e1rio que conta hist\u00f3ria do embolador de coco potiguar Chico Ant\u00f4nio \u00e9 lan\u00e7ado nesta ter\u00e7a (23) em Natal - Taveira Jr<\/title>\n<meta name=\"robots\" content=\"index, follow, max-snippet:-1, max-image-preview:large, max-video-preview:-1\" \/>\n<link rel=\"canonical\" href=\"https:\/\/deputadotaveirajr.com.br\/index.php\/documentario-que-conta-historia-do-embolador-de-coco-potiguar-chico-antonio-e-lancado-nesta-terca-23-em-natal\/\" \/>\n<meta property=\"og:locale\" content=\"pt_BR\" \/>\n<meta property=\"og:type\" content=\"article\" \/>\n<meta property=\"og:title\" content=\"Document\u00e1rio que conta hist\u00f3ria do embolador de coco potiguar Chico Ant\u00f4nio \u00e9 lan\u00e7ado nesta ter\u00e7a (23) em Natal - Taveira Jr\" \/>\n<meta property=\"og:description\" content=\"Evento acontece no Teatro Alberto Maranh\u00e3o, \u00e0s 20h, e entrada \u00e9 gratuita. Ap\u00f3s exibi\u00e7\u00e3o, haver\u00e1 ainda bate-papo com os diretores da produ\u00e7\u00e3o. Embolador de coco potiguar Chico Ant\u00f4nio Divulga\u00e7\u00e3o O ...\" \/>\n<meta property=\"og:url\" content=\"https:\/\/deputadotaveirajr.com.br\/index.php\/documentario-que-conta-historia-do-embolador-de-coco-potiguar-chico-antonio-e-lancado-nesta-terca-23-em-natal\/\" \/>\n<meta property=\"og:site_name\" content=\"Taveira Jr\" \/>\n<meta property=\"og:image\" content=\"https:\/\/deputadotaveirajr.com.br\/wp-content\/uploads\/2024\/07\/whatsapp-image-2024-07-22-at-14.37.19-FiGgmO.jpeg\" \/>\n\t<meta property=\"og:image:width\" content=\"1099\" \/>\n\t<meta property=\"og:image:height\" content=\"1600\" \/>\n\t<meta property=\"og:image:type\" content=\"image\/jpeg\" \/>\n<meta name=\"twitter:card\" content=\"summary_large_image\" \/>\n<meta name=\"twitter:label1\" content=\"Est. tempo de leitura\" \/>\n\t<meta name=\"twitter:data1\" content=\"3 minutos\" \/>\n<script type=\"application\/ld+json\" class=\"yoast-schema-graph\">{\"@context\":\"https:\/\/schema.org\",\"@graph\":[{\"@type\":\"WebPage\",\"@id\":\"https:\/\/deputadotaveirajr.com.br\/index.php\/documentario-que-conta-historia-do-embolador-de-coco-potiguar-chico-antonio-e-lancado-nesta-terca-23-em-natal\/\",\"url\":\"https:\/\/deputadotaveirajr.com.br\/index.php\/documentario-que-conta-historia-do-embolador-de-coco-potiguar-chico-antonio-e-lancado-nesta-terca-23-em-natal\/\",\"name\":\"Document\u00e1rio que conta hist\u00f3ria do embolador de coco potiguar Chico Ant\u00f4nio \u00e9 lan\u00e7ado nesta ter\u00e7a (23) em Natal - Taveira Jr\",\"isPartOf\":{\"@id\":\"https:\/\/deputadotaveirajr.com.br\/#website\"},\"primaryImageOfPage\":{\"@id\":\"https:\/\/deputadotaveirajr.com.br\/index.php\/documentario-que-conta-historia-do-embolador-de-coco-potiguar-chico-antonio-e-lancado-nesta-terca-23-em-natal\/#primaryimage\"},\"image\":{\"@id\":\"https:\/\/deputadotaveirajr.com.br\/index.php\/documentario-que-conta-historia-do-embolador-de-coco-potiguar-chico-antonio-e-lancado-nesta-terca-23-em-natal\/#primaryimage\"},\"thumbnailUrl\":\"https:\/\/deputadotaveirajr.com.br\/wp-content\/uploads\/2024\/07\/whatsapp-image-2024-07-22-at-14.37.19-FiGgmO.jpeg\",\"datePublished\":\"2024-07-22T22:21:51+00:00\",\"breadcrumb\":{\"@id\":\"https:\/\/deputadotaveirajr.com.br\/index.php\/documentario-que-conta-historia-do-embolador-de-coco-potiguar-chico-antonio-e-lancado-nesta-terca-23-em-natal\/#breadcrumb\"},\"inLanguage\":\"pt-BR\",\"potentialAction\":[{\"@type\":\"ReadAction\",\"target\":[\"https:\/\/deputadotaveirajr.com.br\/index.php\/documentario-que-conta-historia-do-embolador-de-coco-potiguar-chico-antonio-e-lancado-nesta-terca-23-em-natal\/\"]}]},{\"@type\":\"ImageObject\",\"inLanguage\":\"pt-BR\",\"@id\":\"https:\/\/deputadotaveirajr.com.br\/index.php\/documentario-que-conta-historia-do-embolador-de-coco-potiguar-chico-antonio-e-lancado-nesta-terca-23-em-natal\/#primaryimage\",\"url\":\"https:\/\/deputadotaveirajr.com.br\/wp-content\/uploads\/2024\/07\/whatsapp-image-2024-07-22-at-14.37.19-FiGgmO.jpeg\",\"contentUrl\":\"https:\/\/deputadotaveirajr.com.br\/wp-content\/uploads\/2024\/07\/whatsapp-image-2024-07-22-at-14.37.19-FiGgmO.jpeg\",\"width\":1099,\"height\":1600},{\"@type\":\"BreadcrumbList\",\"@id\":\"https:\/\/deputadotaveirajr.com.br\/index.php\/documentario-que-conta-historia-do-embolador-de-coco-potiguar-chico-antonio-e-lancado-nesta-terca-23-em-natal\/#breadcrumb\",\"itemListElement\":[{\"@type\":\"ListItem\",\"position\":1,\"name\":\"In\u00edcio\",\"item\":\"https:\/\/deputadotaveirajr.com.br\/\"},{\"@type\":\"ListItem\",\"position\":2,\"name\":\"Document\u00e1rio que conta hist\u00f3ria do embolador de coco potiguar Chico Ant\u00f4nio \u00e9 lan\u00e7ado nesta ter\u00e7a (23) em Natal\"}]},{\"@type\":\"WebSite\",\"@id\":\"https:\/\/deputadotaveirajr.com.br\/#website\",\"url\":\"https:\/\/deputadotaveirajr.com.br\/\",\"name\":\"Taveira Jr\",\"description\":\"Deputado Estadual\",\"publisher\":{\"@id\":\"https:\/\/deputadotaveirajr.com.br\/#organization\"},\"potentialAction\":[{\"@type\":\"SearchAction\",\"target\":{\"@type\":\"EntryPoint\",\"urlTemplate\":\"https:\/\/deputadotaveirajr.com.br\/?s={search_term_string}\"},\"query-input\":{\"@type\":\"PropertyValueSpecification\",\"valueRequired\":true,\"valueName\":\"search_term_string\"}}],\"inLanguage\":\"pt-BR\"},{\"@type\":\"Organization\",\"@id\":\"https:\/\/deputadotaveirajr.com.br\/#organization\",\"name\":\"Taveira Jr\",\"url\":\"https:\/\/deputadotaveirajr.com.br\/\",\"logo\":{\"@type\":\"ImageObject\",\"inLanguage\":\"pt-BR\",\"@id\":\"https:\/\/deputadotaveirajr.com.br\/#\/schema\/logo\/image\/\",\"url\":\"https:\/\/deputadotaveirajr.com.br\/wp-content\/uploads\/2026\/01\/logolow2a.png\",\"contentUrl\":\"https:\/\/deputadotaveirajr.com.br\/wp-content\/uploads\/2026\/01\/logolow2a.png\",\"width\":290,\"height\":80,\"caption\":\"Taveira Jr\"},\"image\":{\"@id\":\"https:\/\/deputadotaveirajr.com.br\/#\/schema\/logo\/image\/\"}}]}<\/script>\n<!-- \/ Yoast SEO plugin. -->","yoast_head_json":{"title":"Document\u00e1rio que conta hist\u00f3ria do embolador de coco potiguar Chico Ant\u00f4nio \u00e9 lan\u00e7ado nesta ter\u00e7a (23) em Natal - Taveira Jr","robots":{"index":"index","follow":"follow","max-snippet":"max-snippet:-1","max-image-preview":"max-image-preview:large","max-video-preview":"max-video-preview:-1"},"canonical":"https:\/\/deputadotaveirajr.com.br\/index.php\/documentario-que-conta-historia-do-embolador-de-coco-potiguar-chico-antonio-e-lancado-nesta-terca-23-em-natal\/","og_locale":"pt_BR","og_type":"article","og_title":"Document\u00e1rio que conta hist\u00f3ria do embolador de coco potiguar Chico Ant\u00f4nio \u00e9 lan\u00e7ado nesta ter\u00e7a (23) em Natal - Taveira Jr","og_description":"Evento acontece no Teatro Alberto Maranh\u00e3o, \u00e0s 20h, e entrada \u00e9 gratuita. Ap\u00f3s exibi\u00e7\u00e3o, haver\u00e1 ainda bate-papo com os diretores da produ\u00e7\u00e3o. Embolador de coco potiguar Chico Ant\u00f4nio Divulga\u00e7\u00e3o O ...","og_url":"https:\/\/deputadotaveirajr.com.br\/index.php\/documentario-que-conta-historia-do-embolador-de-coco-potiguar-chico-antonio-e-lancado-nesta-terca-23-em-natal\/","og_site_name":"Taveira Jr","og_image":[{"width":1099,"height":1600,"url":"https:\/\/deputadotaveirajr.com.br\/wp-content\/uploads\/2024\/07\/whatsapp-image-2024-07-22-at-14.37.19-FiGgmO.jpeg","type":"image\/jpeg"}],"twitter_card":"summary_large_image","twitter_misc":{"Est. tempo de leitura":"3 minutos"},"schema":{"@context":"https:\/\/schema.org","@graph":[{"@type":"WebPage","@id":"https:\/\/deputadotaveirajr.com.br\/index.php\/documentario-que-conta-historia-do-embolador-de-coco-potiguar-chico-antonio-e-lancado-nesta-terca-23-em-natal\/","url":"https:\/\/deputadotaveirajr.com.br\/index.php\/documentario-que-conta-historia-do-embolador-de-coco-potiguar-chico-antonio-e-lancado-nesta-terca-23-em-natal\/","name":"Document\u00e1rio que conta hist\u00f3ria do embolador de coco potiguar Chico Ant\u00f4nio \u00e9 lan\u00e7ado nesta ter\u00e7a (23) em Natal - Taveira Jr","isPartOf":{"@id":"https:\/\/deputadotaveirajr.com.br\/#website"},"primaryImageOfPage":{"@id":"https:\/\/deputadotaveirajr.com.br\/index.php\/documentario-que-conta-historia-do-embolador-de-coco-potiguar-chico-antonio-e-lancado-nesta-terca-23-em-natal\/#primaryimage"},"image":{"@id":"https:\/\/deputadotaveirajr.com.br\/index.php\/documentario-que-conta-historia-do-embolador-de-coco-potiguar-chico-antonio-e-lancado-nesta-terca-23-em-natal\/#primaryimage"},"thumbnailUrl":"https:\/\/deputadotaveirajr.com.br\/wp-content\/uploads\/2024\/07\/whatsapp-image-2024-07-22-at-14.37.19-FiGgmO.jpeg","datePublished":"2024-07-22T22:21:51+00:00","breadcrumb":{"@id":"https:\/\/deputadotaveirajr.com.br\/index.php\/documentario-que-conta-historia-do-embolador-de-coco-potiguar-chico-antonio-e-lancado-nesta-terca-23-em-natal\/#breadcrumb"},"inLanguage":"pt-BR","potentialAction":[{"@type":"ReadAction","target":["https:\/\/deputadotaveirajr.com.br\/index.php\/documentario-que-conta-historia-do-embolador-de-coco-potiguar-chico-antonio-e-lancado-nesta-terca-23-em-natal\/"]}]},{"@type":"ImageObject","inLanguage":"pt-BR","@id":"https:\/\/deputadotaveirajr.com.br\/index.php\/documentario-que-conta-historia-do-embolador-de-coco-potiguar-chico-antonio-e-lancado-nesta-terca-23-em-natal\/#primaryimage","url":"https:\/\/deputadotaveirajr.com.br\/wp-content\/uploads\/2024\/07\/whatsapp-image-2024-07-22-at-14.37.19-FiGgmO.jpeg","contentUrl":"https:\/\/deputadotaveirajr.com.br\/wp-content\/uploads\/2024\/07\/whatsapp-image-2024-07-22-at-14.37.19-FiGgmO.jpeg","width":1099,"height":1600},{"@type":"BreadcrumbList","@id":"https:\/\/deputadotaveirajr.com.br\/index.php\/documentario-que-conta-historia-do-embolador-de-coco-potiguar-chico-antonio-e-lancado-nesta-terca-23-em-natal\/#breadcrumb","itemListElement":[{"@type":"ListItem","position":1,"name":"In\u00edcio","item":"https:\/\/deputadotaveirajr.com.br\/"},{"@type":"ListItem","position":2,"name":"Document\u00e1rio que conta hist\u00f3ria do embolador de coco potiguar Chico Ant\u00f4nio \u00e9 lan\u00e7ado nesta ter\u00e7a (23) em Natal"}]},{"@type":"WebSite","@id":"https:\/\/deputadotaveirajr.com.br\/#website","url":"https:\/\/deputadotaveirajr.com.br\/","name":"Taveira Jr","description":"Deputado Estadual","publisher":{"@id":"https:\/\/deputadotaveirajr.com.br\/#organization"},"potentialAction":[{"@type":"SearchAction","target":{"@type":"EntryPoint","urlTemplate":"https:\/\/deputadotaveirajr.com.br\/?s={search_term_string}"},"query-input":{"@type":"PropertyValueSpecification","valueRequired":true,"valueName":"search_term_string"}}],"inLanguage":"pt-BR"},{"@type":"Organization","@id":"https:\/\/deputadotaveirajr.com.br\/#organization","name":"Taveira Jr","url":"https:\/\/deputadotaveirajr.com.br\/","logo":{"@type":"ImageObject","inLanguage":"pt-BR","@id":"https:\/\/deputadotaveirajr.com.br\/#\/schema\/logo\/image\/","url":"https:\/\/deputadotaveirajr.com.br\/wp-content\/uploads\/2026\/01\/logolow2a.png","contentUrl":"https:\/\/deputadotaveirajr.com.br\/wp-content\/uploads\/2026\/01\/logolow2a.png","width":290,"height":80,"caption":"Taveira Jr"},"image":{"@id":"https:\/\/deputadotaveirajr.com.br\/#\/schema\/logo\/image\/"}}]}},"_links":{"self":[{"href":"https:\/\/deputadotaveirajr.com.br\/index.php\/wp-json\/wp\/v2\/pages\/7975","targetHints":{"allow":["GET"]}}],"collection":[{"href":"https:\/\/deputadotaveirajr.com.br\/index.php\/wp-json\/wp\/v2\/pages"}],"about":[{"href":"https:\/\/deputadotaveirajr.com.br\/index.php\/wp-json\/wp\/v2\/types\/page"}],"replies":[{"embeddable":true,"href":"https:\/\/deputadotaveirajr.com.br\/index.php\/wp-json\/wp\/v2\/comments?post=7975"}],"version-history":[{"count":1,"href":"https:\/\/deputadotaveirajr.com.br\/index.php\/wp-json\/wp\/v2\/pages\/7975\/revisions"}],"predecessor-version":[{"id":7978,"href":"https:\/\/deputadotaveirajr.com.br\/index.php\/wp-json\/wp\/v2\/pages\/7975\/revisions\/7978"}],"wp:featuredmedia":[{"embeddable":true,"href":"https:\/\/deputadotaveirajr.com.br\/index.php\/wp-json\/wp\/v2\/media\/7976"}],"wp:attachment":[{"href":"https:\/\/deputadotaveirajr.com.br\/index.php\/wp-json\/wp\/v2\/media?parent=7975"}],"curies":[{"name":"wp","href":"https:\/\/api.w.org\/{rel}","templated":true}]}}