{"id":7996,"date":"2024-07-23T20:10:02","date_gmt":"2024-07-23T23:10:02","guid":{"rendered":"https:\/\/deputadotaveirajr.com.br\/?page_id=7996"},"modified":"2024-07-23T20:10:02","modified_gmt":"2024-07-23T23:10:02","slug":"justica-condena-a-44-anos-de-prisao-homem-que-matou-taxista-invadiu-academia-e-sequestrou-mulher-em-natal","status":"publish","type":"page","link":"https:\/\/deputadotaveirajr.com.br\/index.php\/justica-condena-a-44-anos-de-prisao-homem-que-matou-taxista-invadiu-academia-e-sequestrou-mulher-em-natal\/","title":{"rendered":"Justi\u00e7a condena a 44 anos de pris\u00e3o homem que matou taxista, invadiu academia e sequestrou mulher em Natal"},"content":{"rendered":"<p>     Crime aconteceu em 24 maio de 2023 na Avenida Prudente de Morais. Autor do crime, Marcos Suarison foi preso no dia seguinte por policiais rodovi\u00e1rios federais em Mossor\u00f3. Crime aconteceu na avenida Prudente de Morais, uma das mais movimentadas da capital potiguar<br \/>\nLucas Cortez\/Inter TV Cabugi<br \/>\nO Tribunal de Justi\u00e7a do Rio Grande do Norte (TJRN) condenou a 44 anos de pris\u00e3o, em regime fechado, o criminoso que matou um taxista, invadiu uma academia e sequestrou uma mulher em crimes sequenciais em Natal.<br \/>\nO crime aconteceu em 24 de maio de 2023 e teve in\u00edcio na Avenida Prudente de Morais, no bairro Tirol, Zona Leste da capital potiguar.<br \/>\nMarcos Suarison Santos da Silva foi condenado pelos crimes de latroc\u00ednio, roubo com emprego de arma de fogo, sequestro e disparo de arma de fogo. Ele foi preso no dia seguinte ao crime, pela Pol\u00edcia Rodovi\u00e1ria Federal (PRF), em Mossor\u00f3.<br \/>\nO criminoso j\u00e1 cumpre pena no pres\u00eddio Rog\u00e9rio Coutinho Madruga, no complexo de Alca\u00e7uz, em N\u00edsia Floresta, na Grande Natal, e n\u00e3o ter\u00e1 o direito de recorrer da senten\u00e7a em liberdade.<br \/>\nLEIA TAMB\u00c9M<br \/>\nV\u00edtima trabalhava como motorista h\u00e1 20 anos; pol\u00edcia investiga latroc\u00ednio<br \/>\nO crime<br \/>\nO taxista Manoel Barbosa, de 47 anos, foi morto a tiros pelo criminoso, que havia pego viagem com ele. Ap\u00f3s atirar contra Manoel, o bandido tentou abordar o manobrista de uma academia, que correu para se abrigar dentro do estabelecimento.<br \/>\nO criminoso, ent\u00e3o, invadiu a academia, onde realizou novos disparos, e fez uma mulher ref\u00e9m &#8211; ela foi obrigada a dirigir o carro do taxista at\u00e9 o bairro Potengi, na Zona Norte de Natal.<br \/>\nUm educador f\u00edsico ficou ferido com os tiros dentro da academia. Al\u00e9m do carro, Marcos Suarison roubou ainda um aparelho celular e uma carteira.<br \/>\nBandido mata homem a tiros e leva mulher ref\u00e9m em Natal<br \/>\nLucas Cortez\/Inter TV Cabugi<br \/>\nV\u00eddeos mais assistidos do g1 RN<\/p>","protected":false},"excerpt":{"rendered":"<p>Crime aconteceu em 24 maio de 2023 na Avenida Prudente de Morais. Autor do crime, Marcos Suarison foi preso no dia seguinte por policiais rodovi\u00e1rios federais em Mossor\u00f3. Crime aconteceu &#8230;<\/p>\n","protected":false},"author":0,"featured_media":7997,"parent":0,"menu_order":0,"comment_status":"closed","ping_status":"closed","template":"","meta":{"footnotes":""},"class_list":["post-7996","page","type-page","status-publish","has-post-thumbnail","hentry"],"yoast_head":"<!-- This site is optimized with the Yoast SEO plugin v27.1.1 - https:\/\/yoast.com\/product\/yoast-seo-wordpress\/ -->\n<title>Justi\u00e7a condena a 44 anos de pris\u00e3o homem que matou taxista, invadiu academia e sequestrou mulher em Natal - Taveira Jr<\/title>\n<meta name=\"robots\" content=\"index, follow, max-snippet:-1, max-image-preview:large, max-video-preview:-1\" \/>\n<link rel=\"canonical\" href=\"https:\/\/deputadotaveirajr.com.br\/index.php\/justica-condena-a-44-anos-de-prisao-homem-que-matou-taxista-invadiu-academia-e-sequestrou-mulher-em-natal\/\" \/>\n<meta property=\"og:locale\" content=\"pt_BR\" \/>\n<meta property=\"og:type\" content=\"article\" \/>\n<meta property=\"og:title\" content=\"Justi\u00e7a condena a 44 anos de pris\u00e3o homem que matou taxista, invadiu academia e sequestrou mulher em Natal - Taveira Jr\" \/>\n<meta property=\"og:description\" content=\"Crime aconteceu em 24 maio de 2023 na Avenida Prudente de Morais. Autor do crime, Marcos Suarison foi preso no dia seguinte por policiais rodovi\u00e1rios federais em Mossor\u00f3. Crime aconteceu ...\" \/>\n<meta property=\"og:url\" content=\"https:\/\/deputadotaveirajr.com.br\/index.php\/justica-condena-a-44-anos-de-prisao-homem-que-matou-taxista-invadiu-academia-e-sequestrou-mulher-em-natal\/\" \/>\n<meta property=\"og:site_name\" content=\"Taveira Jr\" \/>\n<meta property=\"og:image\" content=\"https:\/\/deputadotaveirajr.com.br\/wp-content\/uploads\/2024\/07\/whatsapp-image-2023-05-24-at-09.35.21-hEQYz6.jpeg\" \/>\n\t<meta property=\"og:image:width\" content=\"1600\" \/>\n\t<meta property=\"og:image:height\" content=\"1200\" \/>\n\t<meta property=\"og:image:type\" content=\"image\/jpeg\" \/>\n<meta name=\"twitter:card\" content=\"summary_large_image\" \/>\n<meta name=\"twitter:label1\" content=\"Est. tempo de leitura\" \/>\n\t<meta name=\"twitter:data1\" content=\"2 minutos\" \/>\n<script type=\"application\/ld+json\" class=\"yoast-schema-graph\">{\"@context\":\"https:\/\/schema.org\",\"@graph\":[{\"@type\":\"WebPage\",\"@id\":\"https:\/\/deputadotaveirajr.com.br\/index.php\/justica-condena-a-44-anos-de-prisao-homem-que-matou-taxista-invadiu-academia-e-sequestrou-mulher-em-natal\/\",\"url\":\"https:\/\/deputadotaveirajr.com.br\/index.php\/justica-condena-a-44-anos-de-prisao-homem-que-matou-taxista-invadiu-academia-e-sequestrou-mulher-em-natal\/\",\"name\":\"Justi\u00e7a condena a 44 anos de pris\u00e3o homem que matou taxista, invadiu academia e sequestrou mulher em Natal - Taveira Jr\",\"isPartOf\":{\"@id\":\"https:\/\/deputadotaveirajr.com.br\/#website\"},\"primaryImageOfPage\":{\"@id\":\"https:\/\/deputadotaveirajr.com.br\/index.php\/justica-condena-a-44-anos-de-prisao-homem-que-matou-taxista-invadiu-academia-e-sequestrou-mulher-em-natal\/#primaryimage\"},\"image\":{\"@id\":\"https:\/\/deputadotaveirajr.com.br\/index.php\/justica-condena-a-44-anos-de-prisao-homem-que-matou-taxista-invadiu-academia-e-sequestrou-mulher-em-natal\/#primaryimage\"},\"thumbnailUrl\":\"https:\/\/deputadotaveirajr.com.br\/wp-content\/uploads\/2024\/07\/whatsapp-image-2023-05-24-at-09.35.21-hEQYz6.jpeg\",\"datePublished\":\"2024-07-23T23:10:02+00:00\",\"breadcrumb\":{\"@id\":\"https:\/\/deputadotaveirajr.com.br\/index.php\/justica-condena-a-44-anos-de-prisao-homem-que-matou-taxista-invadiu-academia-e-sequestrou-mulher-em-natal\/#breadcrumb\"},\"inLanguage\":\"pt-BR\",\"potentialAction\":[{\"@type\":\"ReadAction\",\"target\":[\"https:\/\/deputadotaveirajr.com.br\/index.php\/justica-condena-a-44-anos-de-prisao-homem-que-matou-taxista-invadiu-academia-e-sequestrou-mulher-em-natal\/\"]}]},{\"@type\":\"ImageObject\",\"inLanguage\":\"pt-BR\",\"@id\":\"https:\/\/deputadotaveirajr.com.br\/index.php\/justica-condena-a-44-anos-de-prisao-homem-que-matou-taxista-invadiu-academia-e-sequestrou-mulher-em-natal\/#primaryimage\",\"url\":\"https:\/\/deputadotaveirajr.com.br\/wp-content\/uploads\/2024\/07\/whatsapp-image-2023-05-24-at-09.35.21-hEQYz6.jpeg\",\"contentUrl\":\"https:\/\/deputadotaveirajr.com.br\/wp-content\/uploads\/2024\/07\/whatsapp-image-2023-05-24-at-09.35.21-hEQYz6.jpeg\",\"width\":1600,\"height\":1200},{\"@type\":\"BreadcrumbList\",\"@id\":\"https:\/\/deputadotaveirajr.com.br\/index.php\/justica-condena-a-44-anos-de-prisao-homem-que-matou-taxista-invadiu-academia-e-sequestrou-mulher-em-natal\/#breadcrumb\",\"itemListElement\":[{\"@type\":\"ListItem\",\"position\":1,\"name\":\"In\u00edcio\",\"item\":\"https:\/\/deputadotaveirajr.com.br\/\"},{\"@type\":\"ListItem\",\"position\":2,\"name\":\"Justi\u00e7a condena a 44 anos de pris\u00e3o homem que matou taxista, invadiu academia e sequestrou mulher em Natal\"}]},{\"@type\":\"WebSite\",\"@id\":\"https:\/\/deputadotaveirajr.com.br\/#website\",\"url\":\"https:\/\/deputadotaveirajr.com.br\/\",\"name\":\"Taveira Jr\",\"description\":\"Deputado Estadual\",\"publisher\":{\"@id\":\"https:\/\/deputadotaveirajr.com.br\/#organization\"},\"potentialAction\":[{\"@type\":\"SearchAction\",\"target\":{\"@type\":\"EntryPoint\",\"urlTemplate\":\"https:\/\/deputadotaveirajr.com.br\/?s={search_term_string}\"},\"query-input\":{\"@type\":\"PropertyValueSpecification\",\"valueRequired\":true,\"valueName\":\"search_term_string\"}}],\"inLanguage\":\"pt-BR\"},{\"@type\":\"Organization\",\"@id\":\"https:\/\/deputadotaveirajr.com.br\/#organization\",\"name\":\"Taveira Jr\",\"url\":\"https:\/\/deputadotaveirajr.com.br\/\",\"logo\":{\"@type\":\"ImageObject\",\"inLanguage\":\"pt-BR\",\"@id\":\"https:\/\/deputadotaveirajr.com.br\/#\/schema\/logo\/image\/\",\"url\":\"https:\/\/deputadotaveirajr.com.br\/wp-content\/uploads\/2026\/01\/logolow2a.png\",\"contentUrl\":\"https:\/\/deputadotaveirajr.com.br\/wp-content\/uploads\/2026\/01\/logolow2a.png\",\"width\":290,\"height\":80,\"caption\":\"Taveira Jr\"},\"image\":{\"@id\":\"https:\/\/deputadotaveirajr.com.br\/#\/schema\/logo\/image\/\"}}]}<\/script>\n<!-- \/ Yoast SEO plugin. -->","yoast_head_json":{"title":"Justi\u00e7a condena a 44 anos de pris\u00e3o homem que matou taxista, invadiu academia e sequestrou mulher em Natal - Taveira Jr","robots":{"index":"index","follow":"follow","max-snippet":"max-snippet:-1","max-image-preview":"max-image-preview:large","max-video-preview":"max-video-preview:-1"},"canonical":"https:\/\/deputadotaveirajr.com.br\/index.php\/justica-condena-a-44-anos-de-prisao-homem-que-matou-taxista-invadiu-academia-e-sequestrou-mulher-em-natal\/","og_locale":"pt_BR","og_type":"article","og_title":"Justi\u00e7a condena a 44 anos de pris\u00e3o homem que matou taxista, invadiu academia e sequestrou mulher em Natal - Taveira Jr","og_description":"Crime aconteceu em 24 maio de 2023 na Avenida Prudente de Morais. Autor do crime, Marcos Suarison foi preso no dia seguinte por policiais rodovi\u00e1rios federais em Mossor\u00f3. Crime aconteceu ...","og_url":"https:\/\/deputadotaveirajr.com.br\/index.php\/justica-condena-a-44-anos-de-prisao-homem-que-matou-taxista-invadiu-academia-e-sequestrou-mulher-em-natal\/","og_site_name":"Taveira Jr","og_image":[{"width":1600,"height":1200,"url":"https:\/\/deputadotaveirajr.com.br\/wp-content\/uploads\/2024\/07\/whatsapp-image-2023-05-24-at-09.35.21-hEQYz6.jpeg","type":"image\/jpeg"}],"twitter_card":"summary_large_image","twitter_misc":{"Est. tempo de leitura":"2 minutos"},"schema":{"@context":"https:\/\/schema.org","@graph":[{"@type":"WebPage","@id":"https:\/\/deputadotaveirajr.com.br\/index.php\/justica-condena-a-44-anos-de-prisao-homem-que-matou-taxista-invadiu-academia-e-sequestrou-mulher-em-natal\/","url":"https:\/\/deputadotaveirajr.com.br\/index.php\/justica-condena-a-44-anos-de-prisao-homem-que-matou-taxista-invadiu-academia-e-sequestrou-mulher-em-natal\/","name":"Justi\u00e7a condena a 44 anos de pris\u00e3o homem que matou taxista, invadiu academia e sequestrou mulher em Natal - Taveira Jr","isPartOf":{"@id":"https:\/\/deputadotaveirajr.com.br\/#website"},"primaryImageOfPage":{"@id":"https:\/\/deputadotaveirajr.com.br\/index.php\/justica-condena-a-44-anos-de-prisao-homem-que-matou-taxista-invadiu-academia-e-sequestrou-mulher-em-natal\/#primaryimage"},"image":{"@id":"https:\/\/deputadotaveirajr.com.br\/index.php\/justica-condena-a-44-anos-de-prisao-homem-que-matou-taxista-invadiu-academia-e-sequestrou-mulher-em-natal\/#primaryimage"},"thumbnailUrl":"https:\/\/deputadotaveirajr.com.br\/wp-content\/uploads\/2024\/07\/whatsapp-image-2023-05-24-at-09.35.21-hEQYz6.jpeg","datePublished":"2024-07-23T23:10:02+00:00","breadcrumb":{"@id":"https:\/\/deputadotaveirajr.com.br\/index.php\/justica-condena-a-44-anos-de-prisao-homem-que-matou-taxista-invadiu-academia-e-sequestrou-mulher-em-natal\/#breadcrumb"},"inLanguage":"pt-BR","potentialAction":[{"@type":"ReadAction","target":["https:\/\/deputadotaveirajr.com.br\/index.php\/justica-condena-a-44-anos-de-prisao-homem-que-matou-taxista-invadiu-academia-e-sequestrou-mulher-em-natal\/"]}]},{"@type":"ImageObject","inLanguage":"pt-BR","@id":"https:\/\/deputadotaveirajr.com.br\/index.php\/justica-condena-a-44-anos-de-prisao-homem-que-matou-taxista-invadiu-academia-e-sequestrou-mulher-em-natal\/#primaryimage","url":"https:\/\/deputadotaveirajr.com.br\/wp-content\/uploads\/2024\/07\/whatsapp-image-2023-05-24-at-09.35.21-hEQYz6.jpeg","contentUrl":"https:\/\/deputadotaveirajr.com.br\/wp-content\/uploads\/2024\/07\/whatsapp-image-2023-05-24-at-09.35.21-hEQYz6.jpeg","width":1600,"height":1200},{"@type":"BreadcrumbList","@id":"https:\/\/deputadotaveirajr.com.br\/index.php\/justica-condena-a-44-anos-de-prisao-homem-que-matou-taxista-invadiu-academia-e-sequestrou-mulher-em-natal\/#breadcrumb","itemListElement":[{"@type":"ListItem","position":1,"name":"In\u00edcio","item":"https:\/\/deputadotaveirajr.com.br\/"},{"@type":"ListItem","position":2,"name":"Justi\u00e7a condena a 44 anos de pris\u00e3o homem que matou taxista, invadiu academia e sequestrou mulher em Natal"}]},{"@type":"WebSite","@id":"https:\/\/deputadotaveirajr.com.br\/#website","url":"https:\/\/deputadotaveirajr.com.br\/","name":"Taveira Jr","description":"Deputado Estadual","publisher":{"@id":"https:\/\/deputadotaveirajr.com.br\/#organization"},"potentialAction":[{"@type":"SearchAction","target":{"@type":"EntryPoint","urlTemplate":"https:\/\/deputadotaveirajr.com.br\/?s={search_term_string}"},"query-input":{"@type":"PropertyValueSpecification","valueRequired":true,"valueName":"search_term_string"}}],"inLanguage":"pt-BR"},{"@type":"Organization","@id":"https:\/\/deputadotaveirajr.com.br\/#organization","name":"Taveira Jr","url":"https:\/\/deputadotaveirajr.com.br\/","logo":{"@type":"ImageObject","inLanguage":"pt-BR","@id":"https:\/\/deputadotaveirajr.com.br\/#\/schema\/logo\/image\/","url":"https:\/\/deputadotaveirajr.com.br\/wp-content\/uploads\/2026\/01\/logolow2a.png","contentUrl":"https:\/\/deputadotaveirajr.com.br\/wp-content\/uploads\/2026\/01\/logolow2a.png","width":290,"height":80,"caption":"Taveira Jr"},"image":{"@id":"https:\/\/deputadotaveirajr.com.br\/#\/schema\/logo\/image\/"}}]}},"_links":{"self":[{"href":"https:\/\/deputadotaveirajr.com.br\/index.php\/wp-json\/wp\/v2\/pages\/7996","targetHints":{"allow":["GET"]}}],"collection":[{"href":"https:\/\/deputadotaveirajr.com.br\/index.php\/wp-json\/wp\/v2\/pages"}],"about":[{"href":"https:\/\/deputadotaveirajr.com.br\/index.php\/wp-json\/wp\/v2\/types\/page"}],"replies":[{"embeddable":true,"href":"https:\/\/deputadotaveirajr.com.br\/index.php\/wp-json\/wp\/v2\/comments?post=7996"}],"version-history":[{"count":1,"href":"https:\/\/deputadotaveirajr.com.br\/index.php\/wp-json\/wp\/v2\/pages\/7996\/revisions"}],"predecessor-version":[{"id":8001,"href":"https:\/\/deputadotaveirajr.com.br\/index.php\/wp-json\/wp\/v2\/pages\/7996\/revisions\/8001"}],"wp:featuredmedia":[{"embeddable":true,"href":"https:\/\/deputadotaveirajr.com.br\/index.php\/wp-json\/wp\/v2\/media\/7997"}],"wp:attachment":[{"href":"https:\/\/deputadotaveirajr.com.br\/index.php\/wp-json\/wp\/v2\/media?parent=7996"}],"curies":[{"name":"wp","href":"https:\/\/api.w.org\/{rel}","templated":true}]}}