{"id":8094,"date":"2024-07-28T12:37:13","date_gmt":"2024-07-28T15:37:13","guid":{"rendered":"https:\/\/deputadotaveirajr.com.br\/?page_id=8094"},"modified":"2024-07-28T12:37:13","modified_gmt":"2024-07-28T15:37:13","slug":"tjrn-abre-60-vagas-para-casamento-comunitario-em-natal-veja-como-se-inscrever","status":"publish","type":"page","link":"https:\/\/deputadotaveirajr.com.br\/index.php\/tjrn-abre-60-vagas-para-casamento-comunitario-em-natal-veja-como-se-inscrever\/","title":{"rendered":"TJRN abre 60 vagas para casamento comunit\u00e1rio em Natal; veja como se inscrever"},"content":{"rendered":"<p>     Inscri\u00e7\u00f5es podem ser feitas em quatro cart\u00f3rios da cidade. Casamento acontece no dia 24 de agosto, na Par\u00f3quia de Sant&#8217;Ana, em Capim Macio.  Par\u00f3quia de Sant&#8217;Ana, em Capim Macio, na Zona Sul de Natal<br \/>\nGoogle Street View<br \/>\nO Tribunal de Justi\u00e7a do Rio Grande do Norte abriu inscri\u00e7\u00f5es para casais interessados em participar de um casamento comunit\u00e1rio que ser\u00e1 realizado no dia 24 de agosto, \u00e0s 10h, na Par\u00f3quia de Sant&#8217;Ana, em Capim Macio, na Zona Sul de Natal.<br \/>\n\ud83d\udcf3Participe do canal do g1 RN no WhatsApp<br \/>\nNo total, foram oferecidas 60 vagas pelo TJRN. Os casais interessados podem se inscrever em quatro locais:<br \/>\n5\u00ba Cart\u00f3rio, no Alecrim (at\u00e9 10 de agosto)<br \/>\nCart\u00f3rio de Igap\u00f3 (at\u00e9 15 de agosto)<br \/>\nCart\u00f3rio da Redinha (at\u00e9 13 de agosto)<br \/>\nCart\u00f3rio de Cidade Jardim (at\u00e9 31 de julho)<br \/>\nSegundo o Tribunal de Justi\u00e7a do RN, a inscri\u00e7\u00e3o \u00e9 gratuita para aqueles que apresentem renda de at\u00e9 dois sal\u00e1rios m\u00ednimos por m\u00eas.<br \/>\nOs documentos necess\u00e1rios para a inscri\u00e7\u00e3o s\u00e3o:<br \/>\ncomprovante de resid\u00eancia;<br \/>\ncertid\u00e3o de nascimento (atualizada com at\u00e9 90 dias);<br \/>\nc\u00f3pias xerox dos documentos de identidade;<br \/>\nduas testemunhas por casal.<br \/>\nO casamento comunit\u00e1rio \u00e9 promovido pelo N\u00facleo de A\u00e7\u00f5es e Programas Socioambientais do Tribunal de Justi\u00e7a (NAPS\/TJRN), sob a coordena\u00e7\u00e3o geral do desembargador Saraiva Sobrinho.<br \/>\nV\u00eddeos mais assistidos do g1 RN<\/p>","protected":false},"excerpt":{"rendered":"<p>Inscri\u00e7\u00f5es podem ser feitas em quatro cart\u00f3rios da cidade. Casamento acontece no dia 24 de agosto, na Par\u00f3quia de Sant&#8217;Ana, em Capim Macio. Par\u00f3quia de Sant&#8217;Ana, em Capim Macio, na &#8230;<\/p>\n","protected":false},"author":0,"featured_media":8095,"parent":0,"menu_order":0,"comment_status":"closed","ping_status":"closed","template":"","meta":{"footnotes":""},"class_list":["post-8094","page","type-page","status-publish","has-post-thumbnail","hentry"],"yoast_head":"<!-- This site is optimized with the Yoast SEO plugin v27.1.1 - https:\/\/yoast.com\/product\/yoast-seo-wordpress\/ -->\n<title>TJRN abre 60 vagas para casamento comunit\u00e1rio em Natal; veja como se inscrever - Taveira Jr<\/title>\n<meta name=\"robots\" content=\"index, follow, max-snippet:-1, max-image-preview:large, max-video-preview:-1\" \/>\n<link rel=\"canonical\" href=\"https:\/\/deputadotaveirajr.com.br\/index.php\/tjrn-abre-60-vagas-para-casamento-comunitario-em-natal-veja-como-se-inscrever\/\" \/>\n<meta property=\"og:locale\" content=\"pt_BR\" \/>\n<meta property=\"og:type\" content=\"article\" \/>\n<meta property=\"og:title\" content=\"TJRN abre 60 vagas para casamento comunit\u00e1rio em Natal; veja como se inscrever - Taveira Jr\" \/>\n<meta property=\"og:description\" content=\"Inscri\u00e7\u00f5es podem ser feitas em quatro cart\u00f3rios da cidade. Casamento acontece no dia 24 de agosto, na Par\u00f3quia de Sant&#8217;Ana, em Capim Macio. Par\u00f3quia de Sant&#8217;Ana, em Capim Macio, na ...\" \/>\n<meta property=\"og:url\" content=\"https:\/\/deputadotaveirajr.com.br\/index.php\/tjrn-abre-60-vagas-para-casamento-comunitario-em-natal-veja-como-se-inscrever\/\" \/>\n<meta property=\"og:site_name\" content=\"Taveira Jr\" \/>\n<meta property=\"og:image\" content=\"https:\/\/deputadotaveirajr.com.br\/wp-content\/uploads\/2024\/07\/paroquia-de-santanna-capim-macio-3FlsxE.jpeg\" \/>\n\t<meta property=\"og:image:width\" content=\"877\" \/>\n\t<meta property=\"og:image:height\" content=\"657\" \/>\n\t<meta property=\"og:image:type\" content=\"image\/jpeg\" \/>\n<meta name=\"twitter:card\" content=\"summary_large_image\" \/>\n<meta name=\"twitter:label1\" content=\"Est. tempo de leitura\" \/>\n\t<meta name=\"twitter:data1\" content=\"1 minuto\" \/>\n<script type=\"application\/ld+json\" class=\"yoast-schema-graph\">{\"@context\":\"https:\/\/schema.org\",\"@graph\":[{\"@type\":\"WebPage\",\"@id\":\"https:\/\/deputadotaveirajr.com.br\/index.php\/tjrn-abre-60-vagas-para-casamento-comunitario-em-natal-veja-como-se-inscrever\/\",\"url\":\"https:\/\/deputadotaveirajr.com.br\/index.php\/tjrn-abre-60-vagas-para-casamento-comunitario-em-natal-veja-como-se-inscrever\/\",\"name\":\"TJRN abre 60 vagas para casamento comunit\u00e1rio em Natal; veja como se inscrever - Taveira Jr\",\"isPartOf\":{\"@id\":\"https:\/\/deputadotaveirajr.com.br\/#website\"},\"primaryImageOfPage\":{\"@id\":\"https:\/\/deputadotaveirajr.com.br\/index.php\/tjrn-abre-60-vagas-para-casamento-comunitario-em-natal-veja-como-se-inscrever\/#primaryimage\"},\"image\":{\"@id\":\"https:\/\/deputadotaveirajr.com.br\/index.php\/tjrn-abre-60-vagas-para-casamento-comunitario-em-natal-veja-como-se-inscrever\/#primaryimage\"},\"thumbnailUrl\":\"https:\/\/deputadotaveirajr.com.br\/wp-content\/uploads\/2024\/07\/paroquia-de-santanna-capim-macio-3FlsxE.jpeg\",\"datePublished\":\"2024-07-28T15:37:13+00:00\",\"breadcrumb\":{\"@id\":\"https:\/\/deputadotaveirajr.com.br\/index.php\/tjrn-abre-60-vagas-para-casamento-comunitario-em-natal-veja-como-se-inscrever\/#breadcrumb\"},\"inLanguage\":\"pt-BR\",\"potentialAction\":[{\"@type\":\"ReadAction\",\"target\":[\"https:\/\/deputadotaveirajr.com.br\/index.php\/tjrn-abre-60-vagas-para-casamento-comunitario-em-natal-veja-como-se-inscrever\/\"]}]},{\"@type\":\"ImageObject\",\"inLanguage\":\"pt-BR\",\"@id\":\"https:\/\/deputadotaveirajr.com.br\/index.php\/tjrn-abre-60-vagas-para-casamento-comunitario-em-natal-veja-como-se-inscrever\/#primaryimage\",\"url\":\"https:\/\/deputadotaveirajr.com.br\/wp-content\/uploads\/2024\/07\/paroquia-de-santanna-capim-macio-3FlsxE.jpeg\",\"contentUrl\":\"https:\/\/deputadotaveirajr.com.br\/wp-content\/uploads\/2024\/07\/paroquia-de-santanna-capim-macio-3FlsxE.jpeg\",\"width\":877,\"height\":657},{\"@type\":\"BreadcrumbList\",\"@id\":\"https:\/\/deputadotaveirajr.com.br\/index.php\/tjrn-abre-60-vagas-para-casamento-comunitario-em-natal-veja-como-se-inscrever\/#breadcrumb\",\"itemListElement\":[{\"@type\":\"ListItem\",\"position\":1,\"name\":\"In\u00edcio\",\"item\":\"https:\/\/deputadotaveirajr.com.br\/\"},{\"@type\":\"ListItem\",\"position\":2,\"name\":\"TJRN abre 60 vagas para casamento comunit\u00e1rio em Natal; veja como se inscrever\"}]},{\"@type\":\"WebSite\",\"@id\":\"https:\/\/deputadotaveirajr.com.br\/#website\",\"url\":\"https:\/\/deputadotaveirajr.com.br\/\",\"name\":\"Taveira Jr\",\"description\":\"Deputado Estadual\",\"publisher\":{\"@id\":\"https:\/\/deputadotaveirajr.com.br\/#organization\"},\"potentialAction\":[{\"@type\":\"SearchAction\",\"target\":{\"@type\":\"EntryPoint\",\"urlTemplate\":\"https:\/\/deputadotaveirajr.com.br\/?s={search_term_string}\"},\"query-input\":{\"@type\":\"PropertyValueSpecification\",\"valueRequired\":true,\"valueName\":\"search_term_string\"}}],\"inLanguage\":\"pt-BR\"},{\"@type\":\"Organization\",\"@id\":\"https:\/\/deputadotaveirajr.com.br\/#organization\",\"name\":\"Taveira Jr\",\"url\":\"https:\/\/deputadotaveirajr.com.br\/\",\"logo\":{\"@type\":\"ImageObject\",\"inLanguage\":\"pt-BR\",\"@id\":\"https:\/\/deputadotaveirajr.com.br\/#\/schema\/logo\/image\/\",\"url\":\"https:\/\/deputadotaveirajr.com.br\/wp-content\/uploads\/2026\/01\/logolow2a.png\",\"contentUrl\":\"https:\/\/deputadotaveirajr.com.br\/wp-content\/uploads\/2026\/01\/logolow2a.png\",\"width\":290,\"height\":80,\"caption\":\"Taveira Jr\"},\"image\":{\"@id\":\"https:\/\/deputadotaveirajr.com.br\/#\/schema\/logo\/image\/\"}}]}<\/script>\n<!-- \/ Yoast SEO plugin. -->","yoast_head_json":{"title":"TJRN abre 60 vagas para casamento comunit\u00e1rio em Natal; veja como se inscrever - Taveira Jr","robots":{"index":"index","follow":"follow","max-snippet":"max-snippet:-1","max-image-preview":"max-image-preview:large","max-video-preview":"max-video-preview:-1"},"canonical":"https:\/\/deputadotaveirajr.com.br\/index.php\/tjrn-abre-60-vagas-para-casamento-comunitario-em-natal-veja-como-se-inscrever\/","og_locale":"pt_BR","og_type":"article","og_title":"TJRN abre 60 vagas para casamento comunit\u00e1rio em Natal; veja como se inscrever - Taveira Jr","og_description":"Inscri\u00e7\u00f5es podem ser feitas em quatro cart\u00f3rios da cidade. Casamento acontece no dia 24 de agosto, na Par\u00f3quia de Sant&#8217;Ana, em Capim Macio. Par\u00f3quia de Sant&#8217;Ana, em Capim Macio, na ...","og_url":"https:\/\/deputadotaveirajr.com.br\/index.php\/tjrn-abre-60-vagas-para-casamento-comunitario-em-natal-veja-como-se-inscrever\/","og_site_name":"Taveira Jr","og_image":[{"width":877,"height":657,"url":"https:\/\/deputadotaveirajr.com.br\/wp-content\/uploads\/2024\/07\/paroquia-de-santanna-capim-macio-3FlsxE.jpeg","type":"image\/jpeg"}],"twitter_card":"summary_large_image","twitter_misc":{"Est. tempo de leitura":"1 minuto"},"schema":{"@context":"https:\/\/schema.org","@graph":[{"@type":"WebPage","@id":"https:\/\/deputadotaveirajr.com.br\/index.php\/tjrn-abre-60-vagas-para-casamento-comunitario-em-natal-veja-como-se-inscrever\/","url":"https:\/\/deputadotaveirajr.com.br\/index.php\/tjrn-abre-60-vagas-para-casamento-comunitario-em-natal-veja-como-se-inscrever\/","name":"TJRN abre 60 vagas para casamento comunit\u00e1rio em Natal; veja como se inscrever - Taveira Jr","isPartOf":{"@id":"https:\/\/deputadotaveirajr.com.br\/#website"},"primaryImageOfPage":{"@id":"https:\/\/deputadotaveirajr.com.br\/index.php\/tjrn-abre-60-vagas-para-casamento-comunitario-em-natal-veja-como-se-inscrever\/#primaryimage"},"image":{"@id":"https:\/\/deputadotaveirajr.com.br\/index.php\/tjrn-abre-60-vagas-para-casamento-comunitario-em-natal-veja-como-se-inscrever\/#primaryimage"},"thumbnailUrl":"https:\/\/deputadotaveirajr.com.br\/wp-content\/uploads\/2024\/07\/paroquia-de-santanna-capim-macio-3FlsxE.jpeg","datePublished":"2024-07-28T15:37:13+00:00","breadcrumb":{"@id":"https:\/\/deputadotaveirajr.com.br\/index.php\/tjrn-abre-60-vagas-para-casamento-comunitario-em-natal-veja-como-se-inscrever\/#breadcrumb"},"inLanguage":"pt-BR","potentialAction":[{"@type":"ReadAction","target":["https:\/\/deputadotaveirajr.com.br\/index.php\/tjrn-abre-60-vagas-para-casamento-comunitario-em-natal-veja-como-se-inscrever\/"]}]},{"@type":"ImageObject","inLanguage":"pt-BR","@id":"https:\/\/deputadotaveirajr.com.br\/index.php\/tjrn-abre-60-vagas-para-casamento-comunitario-em-natal-veja-como-se-inscrever\/#primaryimage","url":"https:\/\/deputadotaveirajr.com.br\/wp-content\/uploads\/2024\/07\/paroquia-de-santanna-capim-macio-3FlsxE.jpeg","contentUrl":"https:\/\/deputadotaveirajr.com.br\/wp-content\/uploads\/2024\/07\/paroquia-de-santanna-capim-macio-3FlsxE.jpeg","width":877,"height":657},{"@type":"BreadcrumbList","@id":"https:\/\/deputadotaveirajr.com.br\/index.php\/tjrn-abre-60-vagas-para-casamento-comunitario-em-natal-veja-como-se-inscrever\/#breadcrumb","itemListElement":[{"@type":"ListItem","position":1,"name":"In\u00edcio","item":"https:\/\/deputadotaveirajr.com.br\/"},{"@type":"ListItem","position":2,"name":"TJRN abre 60 vagas para casamento comunit\u00e1rio em Natal; veja como se inscrever"}]},{"@type":"WebSite","@id":"https:\/\/deputadotaveirajr.com.br\/#website","url":"https:\/\/deputadotaveirajr.com.br\/","name":"Taveira Jr","description":"Deputado Estadual","publisher":{"@id":"https:\/\/deputadotaveirajr.com.br\/#organization"},"potentialAction":[{"@type":"SearchAction","target":{"@type":"EntryPoint","urlTemplate":"https:\/\/deputadotaveirajr.com.br\/?s={search_term_string}"},"query-input":{"@type":"PropertyValueSpecification","valueRequired":true,"valueName":"search_term_string"}}],"inLanguage":"pt-BR"},{"@type":"Organization","@id":"https:\/\/deputadotaveirajr.com.br\/#organization","name":"Taveira Jr","url":"https:\/\/deputadotaveirajr.com.br\/","logo":{"@type":"ImageObject","inLanguage":"pt-BR","@id":"https:\/\/deputadotaveirajr.com.br\/#\/schema\/logo\/image\/","url":"https:\/\/deputadotaveirajr.com.br\/wp-content\/uploads\/2026\/01\/logolow2a.png","contentUrl":"https:\/\/deputadotaveirajr.com.br\/wp-content\/uploads\/2026\/01\/logolow2a.png","width":290,"height":80,"caption":"Taveira Jr"},"image":{"@id":"https:\/\/deputadotaveirajr.com.br\/#\/schema\/logo\/image\/"}}]}},"_links":{"self":[{"href":"https:\/\/deputadotaveirajr.com.br\/index.php\/wp-json\/wp\/v2\/pages\/8094","targetHints":{"allow":["GET"]}}],"collection":[{"href":"https:\/\/deputadotaveirajr.com.br\/index.php\/wp-json\/wp\/v2\/pages"}],"about":[{"href":"https:\/\/deputadotaveirajr.com.br\/index.php\/wp-json\/wp\/v2\/types\/page"}],"replies":[{"embeddable":true,"href":"https:\/\/deputadotaveirajr.com.br\/index.php\/wp-json\/wp\/v2\/comments?post=8094"}],"version-history":[{"count":1,"href":"https:\/\/deputadotaveirajr.com.br\/index.php\/wp-json\/wp\/v2\/pages\/8094\/revisions"}],"predecessor-version":[{"id":8101,"href":"https:\/\/deputadotaveirajr.com.br\/index.php\/wp-json\/wp\/v2\/pages\/8094\/revisions\/8101"}],"wp:featuredmedia":[{"embeddable":true,"href":"https:\/\/deputadotaveirajr.com.br\/index.php\/wp-json\/wp\/v2\/media\/8095"}],"wp:attachment":[{"href":"https:\/\/deputadotaveirajr.com.br\/index.php\/wp-json\/wp\/v2\/media?parent=8094"}],"curies":[{"name":"wp","href":"https:\/\/api.w.org\/{rel}","templated":true}]}}