{"id":8096,"date":"2024-07-28T11:41:20","date_gmt":"2024-07-28T14:41:20","guid":{"rendered":"https:\/\/deputadotaveirajr.com.br\/?page_id=8096"},"modified":"2024-07-28T11:41:20","modified_gmt":"2024-07-28T14:41:20","slug":"incendios-em-edificacoes-caem-26-no-primeiro-semestre-de-2024-no-rn-aponta-corpo-de-bombeiros","status":"publish","type":"page","link":"https:\/\/deputadotaveirajr.com.br\/index.php\/incendios-em-edificacoes-caem-26-no-primeiro-semestre-de-2024-no-rn-aponta-corpo-de-bombeiros\/","title":{"rendered":"Inc\u00eandios em edifica\u00e7\u00f5es caem 26% no primeiro semestre de 2024 no RN, aponta Corpo de Bombeiros"},"content":{"rendered":"<p>     Corpora\u00e7\u00e3o acredita que redu\u00e7\u00e3o se deve ao aumento de vistorias realizadas no mesmo per\u00edodo em todo o estado. No total, neste ano, foram 704 inc\u00eandios em edifica\u00e7\u00f5es at\u00e9 junho. Inc\u00eandio atingiu mercadinho na Zona Sul de Natal neste ano<br \/>\nVin\u00edcius Marinho\/Inter TV Cabugi\/ARQUIVO<br \/>\nO n\u00famero de inc\u00eandios ocorridos em edifica\u00e7\u00f5es no Rio Grande do Norte diminuiu 26% entre janeiro e junho deste ano, segundo dados do Corpo de Bombeiros Militar do Estado. O comparativo \u00e9 com o mesmo per\u00edodo de 2023.<br \/>\nNo total, a copora\u00e7\u00e3o registrou 706 inc\u00eandios em edifica\u00e7\u00f5es no primeiro semestre de 2024 &#8211; foram 248 a menos que os 954 registrados entre janeiro e junho de 2023.<br \/>\n\ud83d\udcf3Participe do canal do g1 RN no WhatsApp<br \/>\nO comandante-geral do Corpo de Bombeiros do Rio Grande do Norte, coronel Luiz Monteiro, associou que um dos motivos pelo qual o n\u00famero de registros caiu no estado foi devido ao crescimento no n\u00famero de vistorisas realizadas.<br \/>\nSegundo o Corpo de Bombeiros, houve um aumento de 17% nas vistorias feitas pela corpora\u00e7\u00e3o entre janeiro e junho deste ano no comparativo com o mesmo per\u00edodo de 2023: foram 3.204 vistorias contra 2.734.<br \/>\n\u201cNosso objetivo \u00e9 garantir que mais pr\u00e9dios, casas e estabelecimentos estejam em conformidade com as normas de seguran\u00e7a. A preven\u00e7\u00e3o \u00e9 a chave para evitar trag\u00e9dias e salvar vidas\u201d, explicou o coronel Luiz Monteiro.<br \/>\nSegundo o Corpo de Bombeiros, o aumento no n\u00famero de vistorias reflete um esfor\u00e7o conjunto entre a corpora\u00e7\u00e3o e a comunidade, o que tem sido feito atrav\u00e9s de campanhas educativas, treinamentos e a conscientiza\u00e7\u00e3o sobre a import\u00e2ncia de manter as edifica\u00e7\u00f5es seguras.<br \/>\n\u201cA popula\u00e7\u00e3o tem respondido positivamente \u00e0s nossas a\u00e7\u00f5es, colaborando e se comprometendo com as medidas preventivas. Esse engajamento \u00e9 essencial para o sucesso do nosso trabalho\u201d, acrescentou o comandante.<br \/>\nVeja dicas de preven\u00e7\u00e3o contra inc\u00eandios em edifica\u00e7\u00f5es<br \/>\nConfira dicas contra inc\u00eandios em edifica\u00e7\u00f5es, segundo o Corpo de Bombeiros Militar do Rio Grande do Norte:<br \/>\nManuten\u00e7\u00e3o Regular: Fa\u00e7a inspe\u00e7\u00f5es e manuten\u00e7\u00f5es regulares nas instala\u00e7\u00f5es el\u00e9tricas.<br \/>\nSobrecarga de Tomadas: Evite sobrecarregar tomadas e extens\u00f5es. Utilize adaptadores de boa qualidade.<br \/>\nEquipamentos de Cozinha: Mantenha equipamentos el\u00e9tricos e de g\u00e1s em bom estado e limpos.<br \/>\nV\u00eddeos mais assistidos do g1 RN<\/p>","protected":false},"excerpt":{"rendered":"<p>Corpora\u00e7\u00e3o acredita que redu\u00e7\u00e3o se deve ao aumento de vistorias realizadas no mesmo per\u00edodo em todo o estado. No total, neste ano, foram 704 inc\u00eandios em edifica\u00e7\u00f5es at\u00e9 junho. Inc\u00eandio &#8230;<\/p>\n","protected":false},"author":0,"featured_media":8097,"parent":0,"menu_order":0,"comment_status":"closed","ping_status":"closed","template":"","meta":{"footnotes":""},"class_list":["post-8096","page","type-page","status-publish","has-post-thumbnail","hentry"],"yoast_head":"<!-- This site is optimized with the Yoast SEO plugin v27.1.1 - https:\/\/yoast.com\/product\/yoast-seo-wordpress\/ -->\n<title>Inc\u00eandios em edifica\u00e7\u00f5es caem 26% no primeiro semestre de 2024 no RN, aponta Corpo de Bombeiros - Taveira Jr<\/title>\n<meta name=\"robots\" content=\"index, follow, max-snippet:-1, max-image-preview:large, max-video-preview:-1\" \/>\n<link rel=\"canonical\" href=\"https:\/\/deputadotaveirajr.com.br\/index.php\/incendios-em-edificacoes-caem-26-no-primeiro-semestre-de-2024-no-rn-aponta-corpo-de-bombeiros\/\" \/>\n<meta property=\"og:locale\" content=\"pt_BR\" \/>\n<meta property=\"og:type\" content=\"article\" \/>\n<meta property=\"og:title\" content=\"Inc\u00eandios em edifica\u00e7\u00f5es caem 26% no primeiro semestre de 2024 no RN, aponta Corpo de Bombeiros - Taveira Jr\" \/>\n<meta property=\"og:description\" content=\"Corpora\u00e7\u00e3o acredita que redu\u00e7\u00e3o se deve ao aumento de vistorias realizadas no mesmo per\u00edodo em todo o estado. No total, neste ano, foram 704 inc\u00eandios em edifica\u00e7\u00f5es at\u00e9 junho. Inc\u00eandio ...\" \/>\n<meta property=\"og:url\" content=\"https:\/\/deputadotaveirajr.com.br\/index.php\/incendios-em-edificacoes-caem-26-no-primeiro-semestre-de-2024-no-rn-aponta-corpo-de-bombeiros\/\" \/>\n<meta property=\"og:site_name\" content=\"Taveira Jr\" \/>\n<meta property=\"og:image\" content=\"https:\/\/deputadotaveirajr.com.br\/wp-content\/uploads\/2024\/07\/whatsapp-image-2024-07-01-at-06.44.26-sClf3F.jpeg\" \/>\n\t<meta property=\"og:image:width\" content=\"1600\" \/>\n\t<meta property=\"og:image:height\" content=\"1200\" \/>\n\t<meta property=\"og:image:type\" content=\"image\/jpeg\" \/>\n<meta name=\"twitter:card\" content=\"summary_large_image\" \/>\n<meta name=\"twitter:label1\" content=\"Est. tempo de leitura\" \/>\n\t<meta name=\"twitter:data1\" content=\"2 minutos\" \/>\n<script type=\"application\/ld+json\" class=\"yoast-schema-graph\">{\"@context\":\"https:\/\/schema.org\",\"@graph\":[{\"@type\":\"WebPage\",\"@id\":\"https:\/\/deputadotaveirajr.com.br\/index.php\/incendios-em-edificacoes-caem-26-no-primeiro-semestre-de-2024-no-rn-aponta-corpo-de-bombeiros\/\",\"url\":\"https:\/\/deputadotaveirajr.com.br\/index.php\/incendios-em-edificacoes-caem-26-no-primeiro-semestre-de-2024-no-rn-aponta-corpo-de-bombeiros\/\",\"name\":\"Inc\u00eandios em edifica\u00e7\u00f5es caem 26% no primeiro semestre de 2024 no RN, aponta Corpo de Bombeiros - Taveira Jr\",\"isPartOf\":{\"@id\":\"https:\/\/deputadotaveirajr.com.br\/#website\"},\"primaryImageOfPage\":{\"@id\":\"https:\/\/deputadotaveirajr.com.br\/index.php\/incendios-em-edificacoes-caem-26-no-primeiro-semestre-de-2024-no-rn-aponta-corpo-de-bombeiros\/#primaryimage\"},\"image\":{\"@id\":\"https:\/\/deputadotaveirajr.com.br\/index.php\/incendios-em-edificacoes-caem-26-no-primeiro-semestre-de-2024-no-rn-aponta-corpo-de-bombeiros\/#primaryimage\"},\"thumbnailUrl\":\"https:\/\/deputadotaveirajr.com.br\/wp-content\/uploads\/2024\/07\/whatsapp-image-2024-07-01-at-06.44.26-sClf3F.jpeg\",\"datePublished\":\"2024-07-28T14:41:20+00:00\",\"breadcrumb\":{\"@id\":\"https:\/\/deputadotaveirajr.com.br\/index.php\/incendios-em-edificacoes-caem-26-no-primeiro-semestre-de-2024-no-rn-aponta-corpo-de-bombeiros\/#breadcrumb\"},\"inLanguage\":\"pt-BR\",\"potentialAction\":[{\"@type\":\"ReadAction\",\"target\":[\"https:\/\/deputadotaveirajr.com.br\/index.php\/incendios-em-edificacoes-caem-26-no-primeiro-semestre-de-2024-no-rn-aponta-corpo-de-bombeiros\/\"]}]},{\"@type\":\"ImageObject\",\"inLanguage\":\"pt-BR\",\"@id\":\"https:\/\/deputadotaveirajr.com.br\/index.php\/incendios-em-edificacoes-caem-26-no-primeiro-semestre-de-2024-no-rn-aponta-corpo-de-bombeiros\/#primaryimage\",\"url\":\"https:\/\/deputadotaveirajr.com.br\/wp-content\/uploads\/2024\/07\/whatsapp-image-2024-07-01-at-06.44.26-sClf3F.jpeg\",\"contentUrl\":\"https:\/\/deputadotaveirajr.com.br\/wp-content\/uploads\/2024\/07\/whatsapp-image-2024-07-01-at-06.44.26-sClf3F.jpeg\",\"width\":1600,\"height\":1200},{\"@type\":\"BreadcrumbList\",\"@id\":\"https:\/\/deputadotaveirajr.com.br\/index.php\/incendios-em-edificacoes-caem-26-no-primeiro-semestre-de-2024-no-rn-aponta-corpo-de-bombeiros\/#breadcrumb\",\"itemListElement\":[{\"@type\":\"ListItem\",\"position\":1,\"name\":\"In\u00edcio\",\"item\":\"https:\/\/deputadotaveirajr.com.br\/\"},{\"@type\":\"ListItem\",\"position\":2,\"name\":\"Inc\u00eandios em edifica\u00e7\u00f5es caem 26% no primeiro semestre de 2024 no RN, aponta Corpo de Bombeiros\"}]},{\"@type\":\"WebSite\",\"@id\":\"https:\/\/deputadotaveirajr.com.br\/#website\",\"url\":\"https:\/\/deputadotaveirajr.com.br\/\",\"name\":\"Taveira Jr\",\"description\":\"Deputado Estadual\",\"publisher\":{\"@id\":\"https:\/\/deputadotaveirajr.com.br\/#organization\"},\"potentialAction\":[{\"@type\":\"SearchAction\",\"target\":{\"@type\":\"EntryPoint\",\"urlTemplate\":\"https:\/\/deputadotaveirajr.com.br\/?s={search_term_string}\"},\"query-input\":{\"@type\":\"PropertyValueSpecification\",\"valueRequired\":true,\"valueName\":\"search_term_string\"}}],\"inLanguage\":\"pt-BR\"},{\"@type\":\"Organization\",\"@id\":\"https:\/\/deputadotaveirajr.com.br\/#organization\",\"name\":\"Taveira Jr\",\"url\":\"https:\/\/deputadotaveirajr.com.br\/\",\"logo\":{\"@type\":\"ImageObject\",\"inLanguage\":\"pt-BR\",\"@id\":\"https:\/\/deputadotaveirajr.com.br\/#\/schema\/logo\/image\/\",\"url\":\"https:\/\/deputadotaveirajr.com.br\/wp-content\/uploads\/2026\/01\/logolow2a.png\",\"contentUrl\":\"https:\/\/deputadotaveirajr.com.br\/wp-content\/uploads\/2026\/01\/logolow2a.png\",\"width\":290,\"height\":80,\"caption\":\"Taveira Jr\"},\"image\":{\"@id\":\"https:\/\/deputadotaveirajr.com.br\/#\/schema\/logo\/image\/\"}}]}<\/script>\n<!-- \/ Yoast SEO plugin. -->","yoast_head_json":{"title":"Inc\u00eandios em edifica\u00e7\u00f5es caem 26% no primeiro semestre de 2024 no RN, aponta Corpo de Bombeiros - Taveira Jr","robots":{"index":"index","follow":"follow","max-snippet":"max-snippet:-1","max-image-preview":"max-image-preview:large","max-video-preview":"max-video-preview:-1"},"canonical":"https:\/\/deputadotaveirajr.com.br\/index.php\/incendios-em-edificacoes-caem-26-no-primeiro-semestre-de-2024-no-rn-aponta-corpo-de-bombeiros\/","og_locale":"pt_BR","og_type":"article","og_title":"Inc\u00eandios em edifica\u00e7\u00f5es caem 26% no primeiro semestre de 2024 no RN, aponta Corpo de Bombeiros - Taveira Jr","og_description":"Corpora\u00e7\u00e3o acredita que redu\u00e7\u00e3o se deve ao aumento de vistorias realizadas no mesmo per\u00edodo em todo o estado. No total, neste ano, foram 704 inc\u00eandios em edifica\u00e7\u00f5es at\u00e9 junho. Inc\u00eandio ...","og_url":"https:\/\/deputadotaveirajr.com.br\/index.php\/incendios-em-edificacoes-caem-26-no-primeiro-semestre-de-2024-no-rn-aponta-corpo-de-bombeiros\/","og_site_name":"Taveira Jr","og_image":[{"width":1600,"height":1200,"url":"https:\/\/deputadotaveirajr.com.br\/wp-content\/uploads\/2024\/07\/whatsapp-image-2024-07-01-at-06.44.26-sClf3F.jpeg","type":"image\/jpeg"}],"twitter_card":"summary_large_image","twitter_misc":{"Est. tempo de leitura":"2 minutos"},"schema":{"@context":"https:\/\/schema.org","@graph":[{"@type":"WebPage","@id":"https:\/\/deputadotaveirajr.com.br\/index.php\/incendios-em-edificacoes-caem-26-no-primeiro-semestre-de-2024-no-rn-aponta-corpo-de-bombeiros\/","url":"https:\/\/deputadotaveirajr.com.br\/index.php\/incendios-em-edificacoes-caem-26-no-primeiro-semestre-de-2024-no-rn-aponta-corpo-de-bombeiros\/","name":"Inc\u00eandios em edifica\u00e7\u00f5es caem 26% no primeiro semestre de 2024 no RN, aponta Corpo de Bombeiros - Taveira Jr","isPartOf":{"@id":"https:\/\/deputadotaveirajr.com.br\/#website"},"primaryImageOfPage":{"@id":"https:\/\/deputadotaveirajr.com.br\/index.php\/incendios-em-edificacoes-caem-26-no-primeiro-semestre-de-2024-no-rn-aponta-corpo-de-bombeiros\/#primaryimage"},"image":{"@id":"https:\/\/deputadotaveirajr.com.br\/index.php\/incendios-em-edificacoes-caem-26-no-primeiro-semestre-de-2024-no-rn-aponta-corpo-de-bombeiros\/#primaryimage"},"thumbnailUrl":"https:\/\/deputadotaveirajr.com.br\/wp-content\/uploads\/2024\/07\/whatsapp-image-2024-07-01-at-06.44.26-sClf3F.jpeg","datePublished":"2024-07-28T14:41:20+00:00","breadcrumb":{"@id":"https:\/\/deputadotaveirajr.com.br\/index.php\/incendios-em-edificacoes-caem-26-no-primeiro-semestre-de-2024-no-rn-aponta-corpo-de-bombeiros\/#breadcrumb"},"inLanguage":"pt-BR","potentialAction":[{"@type":"ReadAction","target":["https:\/\/deputadotaveirajr.com.br\/index.php\/incendios-em-edificacoes-caem-26-no-primeiro-semestre-de-2024-no-rn-aponta-corpo-de-bombeiros\/"]}]},{"@type":"ImageObject","inLanguage":"pt-BR","@id":"https:\/\/deputadotaveirajr.com.br\/index.php\/incendios-em-edificacoes-caem-26-no-primeiro-semestre-de-2024-no-rn-aponta-corpo-de-bombeiros\/#primaryimage","url":"https:\/\/deputadotaveirajr.com.br\/wp-content\/uploads\/2024\/07\/whatsapp-image-2024-07-01-at-06.44.26-sClf3F.jpeg","contentUrl":"https:\/\/deputadotaveirajr.com.br\/wp-content\/uploads\/2024\/07\/whatsapp-image-2024-07-01-at-06.44.26-sClf3F.jpeg","width":1600,"height":1200},{"@type":"BreadcrumbList","@id":"https:\/\/deputadotaveirajr.com.br\/index.php\/incendios-em-edificacoes-caem-26-no-primeiro-semestre-de-2024-no-rn-aponta-corpo-de-bombeiros\/#breadcrumb","itemListElement":[{"@type":"ListItem","position":1,"name":"In\u00edcio","item":"https:\/\/deputadotaveirajr.com.br\/"},{"@type":"ListItem","position":2,"name":"Inc\u00eandios em edifica\u00e7\u00f5es caem 26% no primeiro semestre de 2024 no RN, aponta Corpo de Bombeiros"}]},{"@type":"WebSite","@id":"https:\/\/deputadotaveirajr.com.br\/#website","url":"https:\/\/deputadotaveirajr.com.br\/","name":"Taveira Jr","description":"Deputado Estadual","publisher":{"@id":"https:\/\/deputadotaveirajr.com.br\/#organization"},"potentialAction":[{"@type":"SearchAction","target":{"@type":"EntryPoint","urlTemplate":"https:\/\/deputadotaveirajr.com.br\/?s={search_term_string}"},"query-input":{"@type":"PropertyValueSpecification","valueRequired":true,"valueName":"search_term_string"}}],"inLanguage":"pt-BR"},{"@type":"Organization","@id":"https:\/\/deputadotaveirajr.com.br\/#organization","name":"Taveira Jr","url":"https:\/\/deputadotaveirajr.com.br\/","logo":{"@type":"ImageObject","inLanguage":"pt-BR","@id":"https:\/\/deputadotaveirajr.com.br\/#\/schema\/logo\/image\/","url":"https:\/\/deputadotaveirajr.com.br\/wp-content\/uploads\/2026\/01\/logolow2a.png","contentUrl":"https:\/\/deputadotaveirajr.com.br\/wp-content\/uploads\/2026\/01\/logolow2a.png","width":290,"height":80,"caption":"Taveira Jr"},"image":{"@id":"https:\/\/deputadotaveirajr.com.br\/#\/schema\/logo\/image\/"}}]}},"_links":{"self":[{"href":"https:\/\/deputadotaveirajr.com.br\/index.php\/wp-json\/wp\/v2\/pages\/8096","targetHints":{"allow":["GET"]}}],"collection":[{"href":"https:\/\/deputadotaveirajr.com.br\/index.php\/wp-json\/wp\/v2\/pages"}],"about":[{"href":"https:\/\/deputadotaveirajr.com.br\/index.php\/wp-json\/wp\/v2\/types\/page"}],"replies":[{"embeddable":true,"href":"https:\/\/deputadotaveirajr.com.br\/index.php\/wp-json\/wp\/v2\/comments?post=8096"}],"version-history":[{"count":1,"href":"https:\/\/deputadotaveirajr.com.br\/index.php\/wp-json\/wp\/v2\/pages\/8096\/revisions"}],"predecessor-version":[{"id":8100,"href":"https:\/\/deputadotaveirajr.com.br\/index.php\/wp-json\/wp\/v2\/pages\/8096\/revisions\/8100"}],"wp:featuredmedia":[{"embeddable":true,"href":"https:\/\/deputadotaveirajr.com.br\/index.php\/wp-json\/wp\/v2\/media\/8097"}],"wp:attachment":[{"href":"https:\/\/deputadotaveirajr.com.br\/index.php\/wp-json\/wp\/v2\/media?parent=8096"}],"curies":[{"name":"wp","href":"https:\/\/api.w.org\/{rel}","templated":true}]}}