{"id":8122,"date":"2024-07-29T15:01:15","date_gmt":"2024-07-29T18:01:15","guid":{"rendered":"https:\/\/deputadotaveirajr.com.br\/?page_id=8122"},"modified":"2024-07-29T15:01:15","modified_gmt":"2024-07-29T18:01:15","slug":"mulher-morre-ao-dar-entrada-em-hospital-e-namorado-diz-que-ela-se-jogou-de-carro-em-movimento-policia-investiga","status":"publish","type":"page","link":"https:\/\/deputadotaveirajr.com.br\/index.php\/mulher-morre-ao-dar-entrada-em-hospital-e-namorado-diz-que-ela-se-jogou-de-carro-em-movimento-policia-investiga\/","title":{"rendered":"Mulher morre ao dar entrada em hospital e namorado diz que ela se jogou de carro em movimento; pol\u00edcia investiga"},"content":{"rendered":"<p>     Ana Carla Roque tinha 35 anos de idade. Ela foi deixada pelo namorado e outro homem no Deocl\u00e9cio Marques, em Parnamirim (RN), com traumas no corpo e na cabe\u00e7a, e os dois n\u00e3o retornaram mais. Ana Carla Roque tinha 35 anos de idade<br \/>\nCedida<br \/>\nA Pol\u00edcia Civil abriu inqu\u00e9rito para investigar as circunst\u00e2ncias da morte de uma mulher de 35 anos de idade que foi levada para o Hospital Deocl\u00e9cio Marques, em Parnamirim, na Grande Natal, na manh\u00e3 de domingo (28) por dois homens que alegaram que ela teria pulado de um carro em movimento.<br \/>\nDe acordo com o boletim de ocorr\u00eancia registrado na 3\u00aa Delegacia de Plant\u00e3o de Parnamirim, um desses homens teria dito no hospital que era namorado da v\u00edtima, que foi identificada como Ana Carla Roque.<br \/>\n\ud83d\udcf3Participe do canal do g1 RN no WhatsApp<br \/>\nSegundo a Pol\u00edcia Civil, a dupla n\u00e3o informou onde o acidente teria acontecido. O namorado deixou a unidade hospitalar informando que iria buscar a m\u00e3e da v\u00edtima, mas n\u00e3o retornou.<br \/>\nAna Carla foi deixada no hospital por volta das 5h, mas os familiares s\u00f3 souberam da morte na tarde do domingo ap\u00f3s contato das autoridades.<br \/>\nHoras antes de morrer, segundo a fam\u00edlia de Ana Carla, a v\u00edtima estava em uma festa na praia de Pirangi, em Parnamirim.<br \/>\nNas redes sociais, ela gravou momentos na festa e tamb\u00e9m ao chegar ao im\u00f3vel dela acompanhada de um homem em um carro. Segundo a fam\u00edlia, ela namorava h\u00e1 cerca de um m\u00eas.<br \/>\nA Pol\u00edcia Civil informou que encaminhou o caso para a Divis\u00e3o de Homic\u00eddios e Prote\u00e7\u00e3o \u00e0 Pessoa (DHPP) de Parnamirim.<br \/>\nTraumas pelo corpo e no cr\u00e2nio<br \/>\nNa solicita\u00e7\u00e3o de necropsia, a equipe m\u00e9dica do hospital informou que a mulher deu entrada na unidade j\u00e1 em parada cardiorrespirat\u00f3ria e houve tentativas de reanima\u00e7\u00e3o por cerca de 40 minutos, &#8220;sem retorno espont\u00e2neo em nenhum momento&#8221;.<br \/>\nO Hospital Deocl\u00e9cio Marques comunicou \u00e0 pol\u00edcia ainda que Ana Carla sofreu politrauma e trauma cranioencef\u00e1lico, al\u00e9m de apresentar escoria\u00e7\u00f5es no rosto e no joelho.<br \/>\nAna Carla trabalhava como atendente em uma loja de ve\u00edculos da Zona Sul de Natal, e morava com a m\u00e3e em Nova Parnamirim. Ela deixou dois filhos, um de 14 e outro de 6 anos de idade.<br \/>\nV\u00eddeos mais assistidos do g1 RN<\/p>","protected":false},"excerpt":{"rendered":"<p>Ana Carla Roque tinha 35 anos de idade. Ela foi deixada pelo namorado e outro homem no Deocl\u00e9cio Marques, em Parnamirim (RN), com traumas no corpo e na cabe\u00e7a, e &#8230;<\/p>\n","protected":false},"author":0,"featured_media":8123,"parent":0,"menu_order":0,"comment_status":"closed","ping_status":"closed","template":"","meta":{"footnotes":""},"class_list":["post-8122","page","type-page","status-publish","has-post-thumbnail","hentry"],"yoast_head":"<!-- This site is optimized with the Yoast SEO plugin v27.1.1 - https:\/\/yoast.com\/product\/yoast-seo-wordpress\/ -->\n<title>Mulher morre ao dar entrada em hospital e namorado diz que ela se jogou de carro em movimento; pol\u00edcia investiga - Taveira Jr<\/title>\n<meta name=\"robots\" content=\"index, follow, max-snippet:-1, max-image-preview:large, max-video-preview:-1\" \/>\n<link rel=\"canonical\" href=\"https:\/\/deputadotaveirajr.com.br\/index.php\/mulher-morre-ao-dar-entrada-em-hospital-e-namorado-diz-que-ela-se-jogou-de-carro-em-movimento-policia-investiga\/\" \/>\n<meta property=\"og:locale\" content=\"pt_BR\" \/>\n<meta property=\"og:type\" content=\"article\" \/>\n<meta property=\"og:title\" content=\"Mulher morre ao dar entrada em hospital e namorado diz que ela se jogou de carro em movimento; pol\u00edcia investiga - Taveira Jr\" \/>\n<meta property=\"og:description\" content=\"Ana Carla Roque tinha 35 anos de idade. Ela foi deixada pelo namorado e outro homem no Deocl\u00e9cio Marques, em Parnamirim (RN), com traumas no corpo e na cabe\u00e7a, e ...\" \/>\n<meta property=\"og:url\" content=\"https:\/\/deputadotaveirajr.com.br\/index.php\/mulher-morre-ao-dar-entrada-em-hospital-e-namorado-diz-que-ela-se-jogou-de-carro-em-movimento-policia-investiga\/\" \/>\n<meta property=\"og:site_name\" content=\"Taveira Jr\" \/>\n<meta property=\"og:image\" content=\"https:\/\/deputadotaveirajr.com.br\/wp-content\/uploads\/2024\/07\/whatsapp-image-2024-07-29-at-10.23.11-lh4BFq.jpeg\" \/>\n\t<meta property=\"og:image:width\" content=\"591\" \/>\n\t<meta property=\"og:image:height\" content=\"584\" \/>\n\t<meta property=\"og:image:type\" content=\"image\/jpeg\" \/>\n<meta name=\"twitter:card\" content=\"summary_large_image\" \/>\n<meta name=\"twitter:label1\" content=\"Est. tempo de leitura\" \/>\n\t<meta name=\"twitter:data1\" content=\"2 minutos\" \/>\n<script type=\"application\/ld+json\" class=\"yoast-schema-graph\">{\"@context\":\"https:\/\/schema.org\",\"@graph\":[{\"@type\":\"WebPage\",\"@id\":\"https:\/\/deputadotaveirajr.com.br\/index.php\/mulher-morre-ao-dar-entrada-em-hospital-e-namorado-diz-que-ela-se-jogou-de-carro-em-movimento-policia-investiga\/\",\"url\":\"https:\/\/deputadotaveirajr.com.br\/index.php\/mulher-morre-ao-dar-entrada-em-hospital-e-namorado-diz-que-ela-se-jogou-de-carro-em-movimento-policia-investiga\/\",\"name\":\"Mulher morre ao dar entrada em hospital e namorado diz que ela se jogou de carro em movimento; pol\u00edcia investiga - Taveira Jr\",\"isPartOf\":{\"@id\":\"https:\/\/deputadotaveirajr.com.br\/#website\"},\"primaryImageOfPage\":{\"@id\":\"https:\/\/deputadotaveirajr.com.br\/index.php\/mulher-morre-ao-dar-entrada-em-hospital-e-namorado-diz-que-ela-se-jogou-de-carro-em-movimento-policia-investiga\/#primaryimage\"},\"image\":{\"@id\":\"https:\/\/deputadotaveirajr.com.br\/index.php\/mulher-morre-ao-dar-entrada-em-hospital-e-namorado-diz-que-ela-se-jogou-de-carro-em-movimento-policia-investiga\/#primaryimage\"},\"thumbnailUrl\":\"https:\/\/deputadotaveirajr.com.br\/wp-content\/uploads\/2024\/07\/whatsapp-image-2024-07-29-at-10.23.11-lh4BFq.jpeg\",\"datePublished\":\"2024-07-29T18:01:15+00:00\",\"breadcrumb\":{\"@id\":\"https:\/\/deputadotaveirajr.com.br\/index.php\/mulher-morre-ao-dar-entrada-em-hospital-e-namorado-diz-que-ela-se-jogou-de-carro-em-movimento-policia-investiga\/#breadcrumb\"},\"inLanguage\":\"pt-BR\",\"potentialAction\":[{\"@type\":\"ReadAction\",\"target\":[\"https:\/\/deputadotaveirajr.com.br\/index.php\/mulher-morre-ao-dar-entrada-em-hospital-e-namorado-diz-que-ela-se-jogou-de-carro-em-movimento-policia-investiga\/\"]}]},{\"@type\":\"ImageObject\",\"inLanguage\":\"pt-BR\",\"@id\":\"https:\/\/deputadotaveirajr.com.br\/index.php\/mulher-morre-ao-dar-entrada-em-hospital-e-namorado-diz-que-ela-se-jogou-de-carro-em-movimento-policia-investiga\/#primaryimage\",\"url\":\"https:\/\/deputadotaveirajr.com.br\/wp-content\/uploads\/2024\/07\/whatsapp-image-2024-07-29-at-10.23.11-lh4BFq.jpeg\",\"contentUrl\":\"https:\/\/deputadotaveirajr.com.br\/wp-content\/uploads\/2024\/07\/whatsapp-image-2024-07-29-at-10.23.11-lh4BFq.jpeg\",\"width\":591,\"height\":584},{\"@type\":\"BreadcrumbList\",\"@id\":\"https:\/\/deputadotaveirajr.com.br\/index.php\/mulher-morre-ao-dar-entrada-em-hospital-e-namorado-diz-que-ela-se-jogou-de-carro-em-movimento-policia-investiga\/#breadcrumb\",\"itemListElement\":[{\"@type\":\"ListItem\",\"position\":1,\"name\":\"In\u00edcio\",\"item\":\"https:\/\/deputadotaveirajr.com.br\/\"},{\"@type\":\"ListItem\",\"position\":2,\"name\":\"Mulher morre ao dar entrada em hospital e namorado diz que ela se jogou de carro em movimento; pol\u00edcia investiga\"}]},{\"@type\":\"WebSite\",\"@id\":\"https:\/\/deputadotaveirajr.com.br\/#website\",\"url\":\"https:\/\/deputadotaveirajr.com.br\/\",\"name\":\"Taveira Jr\",\"description\":\"Deputado Estadual\",\"publisher\":{\"@id\":\"https:\/\/deputadotaveirajr.com.br\/#organization\"},\"potentialAction\":[{\"@type\":\"SearchAction\",\"target\":{\"@type\":\"EntryPoint\",\"urlTemplate\":\"https:\/\/deputadotaveirajr.com.br\/?s={search_term_string}\"},\"query-input\":{\"@type\":\"PropertyValueSpecification\",\"valueRequired\":true,\"valueName\":\"search_term_string\"}}],\"inLanguage\":\"pt-BR\"},{\"@type\":\"Organization\",\"@id\":\"https:\/\/deputadotaveirajr.com.br\/#organization\",\"name\":\"Taveira Jr\",\"url\":\"https:\/\/deputadotaveirajr.com.br\/\",\"logo\":{\"@type\":\"ImageObject\",\"inLanguage\":\"pt-BR\",\"@id\":\"https:\/\/deputadotaveirajr.com.br\/#\/schema\/logo\/image\/\",\"url\":\"https:\/\/deputadotaveirajr.com.br\/wp-content\/uploads\/2026\/01\/logolow2a.png\",\"contentUrl\":\"https:\/\/deputadotaveirajr.com.br\/wp-content\/uploads\/2026\/01\/logolow2a.png\",\"width\":290,\"height\":80,\"caption\":\"Taveira Jr\"},\"image\":{\"@id\":\"https:\/\/deputadotaveirajr.com.br\/#\/schema\/logo\/image\/\"}}]}<\/script>\n<!-- \/ Yoast SEO plugin. -->","yoast_head_json":{"title":"Mulher morre ao dar entrada em hospital e namorado diz que ela se jogou de carro em movimento; pol\u00edcia investiga - Taveira Jr","robots":{"index":"index","follow":"follow","max-snippet":"max-snippet:-1","max-image-preview":"max-image-preview:large","max-video-preview":"max-video-preview:-1"},"canonical":"https:\/\/deputadotaveirajr.com.br\/index.php\/mulher-morre-ao-dar-entrada-em-hospital-e-namorado-diz-que-ela-se-jogou-de-carro-em-movimento-policia-investiga\/","og_locale":"pt_BR","og_type":"article","og_title":"Mulher morre ao dar entrada em hospital e namorado diz que ela se jogou de carro em movimento; pol\u00edcia investiga - Taveira Jr","og_description":"Ana Carla Roque tinha 35 anos de idade. Ela foi deixada pelo namorado e outro homem no Deocl\u00e9cio Marques, em Parnamirim (RN), com traumas no corpo e na cabe\u00e7a, e ...","og_url":"https:\/\/deputadotaveirajr.com.br\/index.php\/mulher-morre-ao-dar-entrada-em-hospital-e-namorado-diz-que-ela-se-jogou-de-carro-em-movimento-policia-investiga\/","og_site_name":"Taveira Jr","og_image":[{"width":591,"height":584,"url":"https:\/\/deputadotaveirajr.com.br\/wp-content\/uploads\/2024\/07\/whatsapp-image-2024-07-29-at-10.23.11-lh4BFq.jpeg","type":"image\/jpeg"}],"twitter_card":"summary_large_image","twitter_misc":{"Est. tempo de leitura":"2 minutos"},"schema":{"@context":"https:\/\/schema.org","@graph":[{"@type":"WebPage","@id":"https:\/\/deputadotaveirajr.com.br\/index.php\/mulher-morre-ao-dar-entrada-em-hospital-e-namorado-diz-que-ela-se-jogou-de-carro-em-movimento-policia-investiga\/","url":"https:\/\/deputadotaveirajr.com.br\/index.php\/mulher-morre-ao-dar-entrada-em-hospital-e-namorado-diz-que-ela-se-jogou-de-carro-em-movimento-policia-investiga\/","name":"Mulher morre ao dar entrada em hospital e namorado diz que ela se jogou de carro em movimento; pol\u00edcia investiga - Taveira Jr","isPartOf":{"@id":"https:\/\/deputadotaveirajr.com.br\/#website"},"primaryImageOfPage":{"@id":"https:\/\/deputadotaveirajr.com.br\/index.php\/mulher-morre-ao-dar-entrada-em-hospital-e-namorado-diz-que-ela-se-jogou-de-carro-em-movimento-policia-investiga\/#primaryimage"},"image":{"@id":"https:\/\/deputadotaveirajr.com.br\/index.php\/mulher-morre-ao-dar-entrada-em-hospital-e-namorado-diz-que-ela-se-jogou-de-carro-em-movimento-policia-investiga\/#primaryimage"},"thumbnailUrl":"https:\/\/deputadotaveirajr.com.br\/wp-content\/uploads\/2024\/07\/whatsapp-image-2024-07-29-at-10.23.11-lh4BFq.jpeg","datePublished":"2024-07-29T18:01:15+00:00","breadcrumb":{"@id":"https:\/\/deputadotaveirajr.com.br\/index.php\/mulher-morre-ao-dar-entrada-em-hospital-e-namorado-diz-que-ela-se-jogou-de-carro-em-movimento-policia-investiga\/#breadcrumb"},"inLanguage":"pt-BR","potentialAction":[{"@type":"ReadAction","target":["https:\/\/deputadotaveirajr.com.br\/index.php\/mulher-morre-ao-dar-entrada-em-hospital-e-namorado-diz-que-ela-se-jogou-de-carro-em-movimento-policia-investiga\/"]}]},{"@type":"ImageObject","inLanguage":"pt-BR","@id":"https:\/\/deputadotaveirajr.com.br\/index.php\/mulher-morre-ao-dar-entrada-em-hospital-e-namorado-diz-que-ela-se-jogou-de-carro-em-movimento-policia-investiga\/#primaryimage","url":"https:\/\/deputadotaveirajr.com.br\/wp-content\/uploads\/2024\/07\/whatsapp-image-2024-07-29-at-10.23.11-lh4BFq.jpeg","contentUrl":"https:\/\/deputadotaveirajr.com.br\/wp-content\/uploads\/2024\/07\/whatsapp-image-2024-07-29-at-10.23.11-lh4BFq.jpeg","width":591,"height":584},{"@type":"BreadcrumbList","@id":"https:\/\/deputadotaveirajr.com.br\/index.php\/mulher-morre-ao-dar-entrada-em-hospital-e-namorado-diz-que-ela-se-jogou-de-carro-em-movimento-policia-investiga\/#breadcrumb","itemListElement":[{"@type":"ListItem","position":1,"name":"In\u00edcio","item":"https:\/\/deputadotaveirajr.com.br\/"},{"@type":"ListItem","position":2,"name":"Mulher morre ao dar entrada em hospital e namorado diz que ela se jogou de carro em movimento; pol\u00edcia investiga"}]},{"@type":"WebSite","@id":"https:\/\/deputadotaveirajr.com.br\/#website","url":"https:\/\/deputadotaveirajr.com.br\/","name":"Taveira Jr","description":"Deputado Estadual","publisher":{"@id":"https:\/\/deputadotaveirajr.com.br\/#organization"},"potentialAction":[{"@type":"SearchAction","target":{"@type":"EntryPoint","urlTemplate":"https:\/\/deputadotaveirajr.com.br\/?s={search_term_string}"},"query-input":{"@type":"PropertyValueSpecification","valueRequired":true,"valueName":"search_term_string"}}],"inLanguage":"pt-BR"},{"@type":"Organization","@id":"https:\/\/deputadotaveirajr.com.br\/#organization","name":"Taveira Jr","url":"https:\/\/deputadotaveirajr.com.br\/","logo":{"@type":"ImageObject","inLanguage":"pt-BR","@id":"https:\/\/deputadotaveirajr.com.br\/#\/schema\/logo\/image\/","url":"https:\/\/deputadotaveirajr.com.br\/wp-content\/uploads\/2026\/01\/logolow2a.png","contentUrl":"https:\/\/deputadotaveirajr.com.br\/wp-content\/uploads\/2026\/01\/logolow2a.png","width":290,"height":80,"caption":"Taveira Jr"},"image":{"@id":"https:\/\/deputadotaveirajr.com.br\/#\/schema\/logo\/image\/"}}]}},"_links":{"self":[{"href":"https:\/\/deputadotaveirajr.com.br\/index.php\/wp-json\/wp\/v2\/pages\/8122","targetHints":{"allow":["GET"]}}],"collection":[{"href":"https:\/\/deputadotaveirajr.com.br\/index.php\/wp-json\/wp\/v2\/pages"}],"about":[{"href":"https:\/\/deputadotaveirajr.com.br\/index.php\/wp-json\/wp\/v2\/types\/page"}],"replies":[{"embeddable":true,"href":"https:\/\/deputadotaveirajr.com.br\/index.php\/wp-json\/wp\/v2\/comments?post=8122"}],"version-history":[{"count":1,"href":"https:\/\/deputadotaveirajr.com.br\/index.php\/wp-json\/wp\/v2\/pages\/8122\/revisions"}],"predecessor-version":[{"id":8133,"href":"https:\/\/deputadotaveirajr.com.br\/index.php\/wp-json\/wp\/v2\/pages\/8122\/revisions\/8133"}],"wp:featuredmedia":[{"embeddable":true,"href":"https:\/\/deputadotaveirajr.com.br\/index.php\/wp-json\/wp\/v2\/media\/8123"}],"wp:attachment":[{"href":"https:\/\/deputadotaveirajr.com.br\/index.php\/wp-json\/wp\/v2\/media?parent=8122"}],"curies":[{"name":"wp","href":"https:\/\/api.w.org\/{rel}","templated":true}]}}