{"id":8142,"date":"2024-07-30T11:35:47","date_gmt":"2024-07-30T14:35:47","guid":{"rendered":"https:\/\/deputadotaveirajr.com.br\/?page_id=8142"},"modified":"2024-07-30T11:35:47","modified_gmt":"2024-07-30T14:35:47","slug":"mae-de-mulher-morta-apos-ser-deixada-em-hospital-nao-acredita-que-filha-se-jogou-de-carro-em-movimento-a-verdade-vai-aparecer","status":"publish","type":"page","link":"https:\/\/deputadotaveirajr.com.br\/index.php\/mae-de-mulher-morta-apos-ser-deixada-em-hospital-nao-acredita-que-filha-se-jogou-de-carro-em-movimento-a-verdade-vai-aparecer\/","title":{"rendered":"M\u00e3e de mulher morta ap\u00f3s ser deixada em hospital n\u00e3o acredita que filha se jogou de carro em movimento: &#8216;A verdade vai aparecer&#8217;"},"content":{"rendered":"<p>     Ana Carla Roque, de 35 anos, foi deixada pelo namorado e outro homem no Hospital Deocl\u00e9cio Marques, em Parnamirim (RN), com traumas no corpo e na cabe\u00e7a no domingo (28).  Mulher de 35 anos morre ap\u00f3s ser deixada em hospital da Grande Natal com v\u00e1rios ferimentos<br \/>\nA m\u00e3e da mulher de 35 anos de idade que morreu ao dar entrada no Hospital Deocl\u00e9cio Marques, em Parnamirim, na Grande Natal, disse n\u00e3o acreditar na vers\u00e3o contada na unidade de sa\u00fade pelo namorado da v\u00edtima, de que a filha teria pulado de um carro em movimento.<br \/>\n&#8220;Eu acredito que ela n\u00e3o fez isso [pulou de um carro em movimento]. N\u00e3o saiu, abriu porta de carro e caiu, n\u00e3o. A verdade vai aparecer&#8221;, disse a m\u00e3e Maria da Concei\u00e7\u00e3o Alves.<br \/>\n\ud83d\udcf3Participe do canal do g1 RN no WhatsApp<br \/>\nA Pol\u00edcia Civil abriu inqu\u00e9rito para investigar o caso. O corpo de Ana Carla Roque foi velado na tarde de segunda-feira (29) na cidade de S\u00e3o Jos\u00e9 de Mipibu, na Grande Natal, na presen\u00e7a de amigos e familiares.<br \/>\nAna Carla morreu ap\u00f3s ser deixada por dois homens no hospital por volta das 5h de domingo (28). Um deles informou que era namorado dela e que iria buscar a m\u00e3e da v\u00edtima, mas n\u00e3o retornou mais para a unidade.<br \/>\nA fam\u00edlia s\u00f3 soube da morte da mulher na tarde do domingo, ap\u00f3s contato das autoridades.<br \/>\n&#8220;Era uma menina muito jovem, muito boa, gostava muito dos filhos dela, queria muito bem aos filhos dela. A mim tamb\u00e9m. S\u00f3 mor\u00e1vamos eu, ela e minha netinha&#8221;, lamentou a m\u00e3e de Ana Carla, Maria da Concei\u00e7\u00e3o Alves.<br \/>\nSegundo a fam\u00edlia, Ana Carla namorava h\u00e1 cerca de um m\u00eas. Horas antes de morrer, a v\u00edtima estava em uma festa na praia de Pirangi, em Parnamirim.  Nas redes sociais, ela registrou o evento e tamb\u00e9m quando chegou em casa acompanhada de um homem em um carro.<br \/>\nRegistrado na 3\u00aa Delegacia de Plant\u00e3o de Parnamirim, o caso encaminhado para a Divis\u00e3o de Homic\u00eddios e Prote\u00e7\u00e3o \u00e0 Pessoa de Parnamirim (DHPP), segundo a Pol\u00edcia Civil.<br \/>\nAna Carla Roque tinha 35 anos de idade<br \/>\nCedida<br \/>\nTraumas pelo corpo e no cr\u00e2nio<br \/>\nNa solicita\u00e7\u00e3o de necropsia, a equipe m\u00e9dica do hospital informou que a mulher deu entrada na unidade j\u00e1 em parada cardiorrespirat\u00f3ria e houve tentativas de reanima\u00e7\u00e3o por cerca de 40 minutos, &#8220;sem retorno espont\u00e2neo em nenhum momento&#8221;.<br \/>\nO Hospital Deocl\u00e9cio Marques comunicou \u00e0 pol\u00edcia ainda que Ana Carla sofreu politrauma e trauma cranioencef\u00e1lico, al\u00e9m de apresentar escoria\u00e7\u00f5es no rosto e no joelho.<br \/>\nAna Carla trabalhava como atendente em uma loja de ve\u00edculos da Zona Sul de Natal, e morava com a m\u00e3e em Nova Parnamirim. Ela deixou dois filhos, um de 14 e outro de 6 anos de idade.<br \/>\nV\u00eddeos mais assistidos do g1 RN<\/p>","protected":false},"excerpt":{"rendered":"<p>Ana Carla Roque, de 35 anos, foi deixada pelo namorado e outro homem no Hospital Deocl\u00e9cio Marques, em Parnamirim (RN), com traumas no corpo e na cabe\u00e7a no domingo (28). &#8230;<\/p>\n","protected":false},"author":0,"featured_media":8143,"parent":0,"menu_order":0,"comment_status":"closed","ping_status":"closed","template":"","meta":{"footnotes":""},"class_list":["post-8142","page","type-page","status-publish","has-post-thumbnail","hentry"],"yoast_head":"<!-- This site is optimized with the Yoast SEO plugin v27.1.1 - https:\/\/yoast.com\/product\/yoast-seo-wordpress\/ -->\n<title>M\u00e3e de mulher morta ap\u00f3s ser deixada em hospital n\u00e3o acredita que filha se jogou de carro em movimento: &#039;A verdade vai aparecer&#039; - Taveira Jr<\/title>\n<meta name=\"robots\" content=\"index, follow, max-snippet:-1, max-image-preview:large, max-video-preview:-1\" \/>\n<link rel=\"canonical\" href=\"https:\/\/deputadotaveirajr.com.br\/index.php\/mae-de-mulher-morta-apos-ser-deixada-em-hospital-nao-acredita-que-filha-se-jogou-de-carro-em-movimento-a-verdade-vai-aparecer\/\" \/>\n<meta property=\"og:locale\" content=\"pt_BR\" \/>\n<meta property=\"og:type\" content=\"article\" \/>\n<meta property=\"og:title\" content=\"M\u00e3e de mulher morta ap\u00f3s ser deixada em hospital n\u00e3o acredita que filha se jogou de carro em movimento: &#039;A verdade vai aparecer&#039; - Taveira Jr\" \/>\n<meta property=\"og:description\" content=\"Ana Carla Roque, de 35 anos, foi deixada pelo namorado e outro homem no Hospital Deocl\u00e9cio Marques, em Parnamirim (RN), com traumas no corpo e na cabe\u00e7a no domingo (28). ...\" \/>\n<meta property=\"og:url\" content=\"https:\/\/deputadotaveirajr.com.br\/index.php\/mae-de-mulher-morta-apos-ser-deixada-em-hospital-nao-acredita-que-filha-se-jogou-de-carro-em-movimento-a-verdade-vai-aparecer\/\" \/>\n<meta property=\"og:site_name\" content=\"Taveira Jr\" \/>\n<meta property=\"og:image\" content=\"https:\/\/deputadotaveirajr.com.br\/wp-content\/uploads\/2024\/07\/whatsapp-image-2024-07-29-at-10.23.11-hRwBJm.jpeg\" \/>\n\t<meta property=\"og:image:width\" content=\"591\" \/>\n\t<meta property=\"og:image:height\" content=\"584\" \/>\n\t<meta property=\"og:image:type\" content=\"image\/jpeg\" \/>\n<meta name=\"twitter:card\" content=\"summary_large_image\" \/>\n<meta name=\"twitter:label1\" content=\"Est. tempo de leitura\" \/>\n\t<meta name=\"twitter:data1\" content=\"3 minutos\" \/>\n<script type=\"application\/ld+json\" class=\"yoast-schema-graph\">{\"@context\":\"https:\/\/schema.org\",\"@graph\":[{\"@type\":\"WebPage\",\"@id\":\"https:\/\/deputadotaveirajr.com.br\/index.php\/mae-de-mulher-morta-apos-ser-deixada-em-hospital-nao-acredita-que-filha-se-jogou-de-carro-em-movimento-a-verdade-vai-aparecer\/\",\"url\":\"https:\/\/deputadotaveirajr.com.br\/index.php\/mae-de-mulher-morta-apos-ser-deixada-em-hospital-nao-acredita-que-filha-se-jogou-de-carro-em-movimento-a-verdade-vai-aparecer\/\",\"name\":\"M\u00e3e de mulher morta ap\u00f3s ser deixada em hospital n\u00e3o acredita que filha se jogou de carro em movimento: 'A verdade vai aparecer' - Taveira Jr\",\"isPartOf\":{\"@id\":\"https:\/\/deputadotaveirajr.com.br\/#website\"},\"primaryImageOfPage\":{\"@id\":\"https:\/\/deputadotaveirajr.com.br\/index.php\/mae-de-mulher-morta-apos-ser-deixada-em-hospital-nao-acredita-que-filha-se-jogou-de-carro-em-movimento-a-verdade-vai-aparecer\/#primaryimage\"},\"image\":{\"@id\":\"https:\/\/deputadotaveirajr.com.br\/index.php\/mae-de-mulher-morta-apos-ser-deixada-em-hospital-nao-acredita-que-filha-se-jogou-de-carro-em-movimento-a-verdade-vai-aparecer\/#primaryimage\"},\"thumbnailUrl\":\"https:\/\/deputadotaveirajr.com.br\/wp-content\/uploads\/2024\/07\/whatsapp-image-2024-07-29-at-10.23.11-hRwBJm.jpeg\",\"datePublished\":\"2024-07-30T14:35:47+00:00\",\"breadcrumb\":{\"@id\":\"https:\/\/deputadotaveirajr.com.br\/index.php\/mae-de-mulher-morta-apos-ser-deixada-em-hospital-nao-acredita-que-filha-se-jogou-de-carro-em-movimento-a-verdade-vai-aparecer\/#breadcrumb\"},\"inLanguage\":\"pt-BR\",\"potentialAction\":[{\"@type\":\"ReadAction\",\"target\":[\"https:\/\/deputadotaveirajr.com.br\/index.php\/mae-de-mulher-morta-apos-ser-deixada-em-hospital-nao-acredita-que-filha-se-jogou-de-carro-em-movimento-a-verdade-vai-aparecer\/\"]}]},{\"@type\":\"ImageObject\",\"inLanguage\":\"pt-BR\",\"@id\":\"https:\/\/deputadotaveirajr.com.br\/index.php\/mae-de-mulher-morta-apos-ser-deixada-em-hospital-nao-acredita-que-filha-se-jogou-de-carro-em-movimento-a-verdade-vai-aparecer\/#primaryimage\",\"url\":\"https:\/\/deputadotaveirajr.com.br\/wp-content\/uploads\/2024\/07\/whatsapp-image-2024-07-29-at-10.23.11-hRwBJm.jpeg\",\"contentUrl\":\"https:\/\/deputadotaveirajr.com.br\/wp-content\/uploads\/2024\/07\/whatsapp-image-2024-07-29-at-10.23.11-hRwBJm.jpeg\",\"width\":591,\"height\":584},{\"@type\":\"BreadcrumbList\",\"@id\":\"https:\/\/deputadotaveirajr.com.br\/index.php\/mae-de-mulher-morta-apos-ser-deixada-em-hospital-nao-acredita-que-filha-se-jogou-de-carro-em-movimento-a-verdade-vai-aparecer\/#breadcrumb\",\"itemListElement\":[{\"@type\":\"ListItem\",\"position\":1,\"name\":\"In\u00edcio\",\"item\":\"https:\/\/deputadotaveirajr.com.br\/\"},{\"@type\":\"ListItem\",\"position\":2,\"name\":\"M\u00e3e de mulher morta ap\u00f3s ser deixada em hospital n\u00e3o acredita que filha se jogou de carro em movimento: &#8216;A verdade vai aparecer&#8217;\"}]},{\"@type\":\"WebSite\",\"@id\":\"https:\/\/deputadotaveirajr.com.br\/#website\",\"url\":\"https:\/\/deputadotaveirajr.com.br\/\",\"name\":\"Taveira Jr\",\"description\":\"Deputado Estadual\",\"publisher\":{\"@id\":\"https:\/\/deputadotaveirajr.com.br\/#organization\"},\"potentialAction\":[{\"@type\":\"SearchAction\",\"target\":{\"@type\":\"EntryPoint\",\"urlTemplate\":\"https:\/\/deputadotaveirajr.com.br\/?s={search_term_string}\"},\"query-input\":{\"@type\":\"PropertyValueSpecification\",\"valueRequired\":true,\"valueName\":\"search_term_string\"}}],\"inLanguage\":\"pt-BR\"},{\"@type\":\"Organization\",\"@id\":\"https:\/\/deputadotaveirajr.com.br\/#organization\",\"name\":\"Taveira Jr\",\"url\":\"https:\/\/deputadotaveirajr.com.br\/\",\"logo\":{\"@type\":\"ImageObject\",\"inLanguage\":\"pt-BR\",\"@id\":\"https:\/\/deputadotaveirajr.com.br\/#\/schema\/logo\/image\/\",\"url\":\"https:\/\/deputadotaveirajr.com.br\/wp-content\/uploads\/2026\/01\/logolow2a.png\",\"contentUrl\":\"https:\/\/deputadotaveirajr.com.br\/wp-content\/uploads\/2026\/01\/logolow2a.png\",\"width\":290,\"height\":80,\"caption\":\"Taveira Jr\"},\"image\":{\"@id\":\"https:\/\/deputadotaveirajr.com.br\/#\/schema\/logo\/image\/\"}}]}<\/script>\n<!-- \/ Yoast SEO plugin. -->","yoast_head_json":{"title":"M\u00e3e de mulher morta ap\u00f3s ser deixada em hospital n\u00e3o acredita que filha se jogou de carro em movimento: 'A verdade vai aparecer' - Taveira Jr","robots":{"index":"index","follow":"follow","max-snippet":"max-snippet:-1","max-image-preview":"max-image-preview:large","max-video-preview":"max-video-preview:-1"},"canonical":"https:\/\/deputadotaveirajr.com.br\/index.php\/mae-de-mulher-morta-apos-ser-deixada-em-hospital-nao-acredita-que-filha-se-jogou-de-carro-em-movimento-a-verdade-vai-aparecer\/","og_locale":"pt_BR","og_type":"article","og_title":"M\u00e3e de mulher morta ap\u00f3s ser deixada em hospital n\u00e3o acredita que filha se jogou de carro em movimento: 'A verdade vai aparecer' - Taveira Jr","og_description":"Ana Carla Roque, de 35 anos, foi deixada pelo namorado e outro homem no Hospital Deocl\u00e9cio Marques, em Parnamirim (RN), com traumas no corpo e na cabe\u00e7a no domingo (28). ...","og_url":"https:\/\/deputadotaveirajr.com.br\/index.php\/mae-de-mulher-morta-apos-ser-deixada-em-hospital-nao-acredita-que-filha-se-jogou-de-carro-em-movimento-a-verdade-vai-aparecer\/","og_site_name":"Taveira Jr","og_image":[{"width":591,"height":584,"url":"https:\/\/deputadotaveirajr.com.br\/wp-content\/uploads\/2024\/07\/whatsapp-image-2024-07-29-at-10.23.11-hRwBJm.jpeg","type":"image\/jpeg"}],"twitter_card":"summary_large_image","twitter_misc":{"Est. tempo de leitura":"3 minutos"},"schema":{"@context":"https:\/\/schema.org","@graph":[{"@type":"WebPage","@id":"https:\/\/deputadotaveirajr.com.br\/index.php\/mae-de-mulher-morta-apos-ser-deixada-em-hospital-nao-acredita-que-filha-se-jogou-de-carro-em-movimento-a-verdade-vai-aparecer\/","url":"https:\/\/deputadotaveirajr.com.br\/index.php\/mae-de-mulher-morta-apos-ser-deixada-em-hospital-nao-acredita-que-filha-se-jogou-de-carro-em-movimento-a-verdade-vai-aparecer\/","name":"M\u00e3e de mulher morta ap\u00f3s ser deixada em hospital n\u00e3o acredita que filha se jogou de carro em movimento: 'A verdade vai aparecer' - Taveira Jr","isPartOf":{"@id":"https:\/\/deputadotaveirajr.com.br\/#website"},"primaryImageOfPage":{"@id":"https:\/\/deputadotaveirajr.com.br\/index.php\/mae-de-mulher-morta-apos-ser-deixada-em-hospital-nao-acredita-que-filha-se-jogou-de-carro-em-movimento-a-verdade-vai-aparecer\/#primaryimage"},"image":{"@id":"https:\/\/deputadotaveirajr.com.br\/index.php\/mae-de-mulher-morta-apos-ser-deixada-em-hospital-nao-acredita-que-filha-se-jogou-de-carro-em-movimento-a-verdade-vai-aparecer\/#primaryimage"},"thumbnailUrl":"https:\/\/deputadotaveirajr.com.br\/wp-content\/uploads\/2024\/07\/whatsapp-image-2024-07-29-at-10.23.11-hRwBJm.jpeg","datePublished":"2024-07-30T14:35:47+00:00","breadcrumb":{"@id":"https:\/\/deputadotaveirajr.com.br\/index.php\/mae-de-mulher-morta-apos-ser-deixada-em-hospital-nao-acredita-que-filha-se-jogou-de-carro-em-movimento-a-verdade-vai-aparecer\/#breadcrumb"},"inLanguage":"pt-BR","potentialAction":[{"@type":"ReadAction","target":["https:\/\/deputadotaveirajr.com.br\/index.php\/mae-de-mulher-morta-apos-ser-deixada-em-hospital-nao-acredita-que-filha-se-jogou-de-carro-em-movimento-a-verdade-vai-aparecer\/"]}]},{"@type":"ImageObject","inLanguage":"pt-BR","@id":"https:\/\/deputadotaveirajr.com.br\/index.php\/mae-de-mulher-morta-apos-ser-deixada-em-hospital-nao-acredita-que-filha-se-jogou-de-carro-em-movimento-a-verdade-vai-aparecer\/#primaryimage","url":"https:\/\/deputadotaveirajr.com.br\/wp-content\/uploads\/2024\/07\/whatsapp-image-2024-07-29-at-10.23.11-hRwBJm.jpeg","contentUrl":"https:\/\/deputadotaveirajr.com.br\/wp-content\/uploads\/2024\/07\/whatsapp-image-2024-07-29-at-10.23.11-hRwBJm.jpeg","width":591,"height":584},{"@type":"BreadcrumbList","@id":"https:\/\/deputadotaveirajr.com.br\/index.php\/mae-de-mulher-morta-apos-ser-deixada-em-hospital-nao-acredita-que-filha-se-jogou-de-carro-em-movimento-a-verdade-vai-aparecer\/#breadcrumb","itemListElement":[{"@type":"ListItem","position":1,"name":"In\u00edcio","item":"https:\/\/deputadotaveirajr.com.br\/"},{"@type":"ListItem","position":2,"name":"M\u00e3e de mulher morta ap\u00f3s ser deixada em hospital n\u00e3o acredita que filha se jogou de carro em movimento: &#8216;A verdade vai aparecer&#8217;"}]},{"@type":"WebSite","@id":"https:\/\/deputadotaveirajr.com.br\/#website","url":"https:\/\/deputadotaveirajr.com.br\/","name":"Taveira Jr","description":"Deputado Estadual","publisher":{"@id":"https:\/\/deputadotaveirajr.com.br\/#organization"},"potentialAction":[{"@type":"SearchAction","target":{"@type":"EntryPoint","urlTemplate":"https:\/\/deputadotaveirajr.com.br\/?s={search_term_string}"},"query-input":{"@type":"PropertyValueSpecification","valueRequired":true,"valueName":"search_term_string"}}],"inLanguage":"pt-BR"},{"@type":"Organization","@id":"https:\/\/deputadotaveirajr.com.br\/#organization","name":"Taveira Jr","url":"https:\/\/deputadotaveirajr.com.br\/","logo":{"@type":"ImageObject","inLanguage":"pt-BR","@id":"https:\/\/deputadotaveirajr.com.br\/#\/schema\/logo\/image\/","url":"https:\/\/deputadotaveirajr.com.br\/wp-content\/uploads\/2026\/01\/logolow2a.png","contentUrl":"https:\/\/deputadotaveirajr.com.br\/wp-content\/uploads\/2026\/01\/logolow2a.png","width":290,"height":80,"caption":"Taveira Jr"},"image":{"@id":"https:\/\/deputadotaveirajr.com.br\/#\/schema\/logo\/image\/"}}]}},"_links":{"self":[{"href":"https:\/\/deputadotaveirajr.com.br\/index.php\/wp-json\/wp\/v2\/pages\/8142","targetHints":{"allow":["GET"]}}],"collection":[{"href":"https:\/\/deputadotaveirajr.com.br\/index.php\/wp-json\/wp\/v2\/pages"}],"about":[{"href":"https:\/\/deputadotaveirajr.com.br\/index.php\/wp-json\/wp\/v2\/types\/page"}],"replies":[{"embeddable":true,"href":"https:\/\/deputadotaveirajr.com.br\/index.php\/wp-json\/wp\/v2\/comments?post=8142"}],"version-history":[{"count":1,"href":"https:\/\/deputadotaveirajr.com.br\/index.php\/wp-json\/wp\/v2\/pages\/8142\/revisions"}],"predecessor-version":[{"id":8150,"href":"https:\/\/deputadotaveirajr.com.br\/index.php\/wp-json\/wp\/v2\/pages\/8142\/revisions\/8150"}],"wp:featuredmedia":[{"embeddable":true,"href":"https:\/\/deputadotaveirajr.com.br\/index.php\/wp-json\/wp\/v2\/media\/8143"}],"wp:attachment":[{"href":"https:\/\/deputadotaveirajr.com.br\/index.php\/wp-json\/wp\/v2\/media?parent=8142"}],"curies":[{"name":"wp","href":"https:\/\/api.w.org\/{rel}","templated":true}]}}